{"id":38852,"date":"2026-02-27T00:46:24","date_gmt":"2026-02-27T00:46:24","guid":{"rendered":"https:\/\/nordicmart.andreevmaster.com\/product\/tatam-3-laatikkoinen-lipasto\/"},"modified":"2026-02-27T10:01:07","modified_gmt":"2026-02-27T10:01:07","slug":"tatam-3-laatikkoinen-lipasto","status":"publish","type":"product","link":"https:\/\/nordicmart.andreevmaster.com\/fi\/tuote\/tatam-3-laatikkoinen-lipasto\/","title":{"rendered":"Tatam 3-laatikkoinen lipasto"},"content":{"rendered":"<p>3-laatikkoinen lipasto <\/p>\n<p>T\u00e4rkeimm\u00e4t edut: <\/p>\n<p>&#8211; kolme tilavaa laatikkoa <\/p>\n<p>&#8211; laatikot avautuvat &#8221;push to open&#8221; -j\u00e4rjestelm\u00e4ll\u00e4, <\/p>\n<p>&#8211; 2 hylly\u00e4, <\/p>\n<p>-valmis hoitop\u00f6yd\u00e4n asennusta varten, <\/p>\n<p>&#8211; voidaan kiinnitt\u00e4\u00e4 sein\u00e4\u00e4n \u2013 suositeltavaa, <\/p>\n<p>&#8211; t\u00e4ytt\u00e4\u00e4 eurooppalaiset turvallisuusstandardit ja -normit.   <\/p>\n<p>Mitat (cm): <\/p>\n<p>korkeus: 91,6 <\/p>\n<p>syvyys: 50 <\/p>\n<p>leveys: 100 <\/p>\n<p>Muotoilu ja viimeistely: <\/p>\n<p>&#8211;  korkealaatuinen laminoitu levy, joka kest\u00e4\u00e4 vaurioita ja kosteutta, helppo pit\u00e4\u00e4 puhtaana, <\/p>\n<p>&#8211;  m\u00e4ntypuuta (koska kyseess\u00e4 on luonnonmateriaali, materiaalin luontaiset v\u00e4rieroavaisuudet ovat mahdollisia). <\/p>\n<p>V\u00e4ri: <\/p>\n<p>-valkoinen\/m\u00e4nty <\/p>\n<p>K\u00e4ytt\u00f6ohjeet: <\/p>\n<p>Huonekalut tulee puhdistaa pehme\u00e4ll\u00e4, vedell\u00e4 kostutetulla puuvillakankaalla tai huonekalujen hoitoaineella. <\/p>\n<p>Kokoonpano: Huonekalut toimitetaan pakkauksissa itse koottaviksi. Pakkauksissa on mukana yksityiskohtaiset kokoonpano-ohjeet ja tarvittavat tarvikkeet.<\/p>\n","protected":false},"excerpt":{"rendered":"<p>3-laatikkoinen lipasto T\u00e4rkeimm\u00e4t edut: &#8211; kolme tilavaa laatikkoa &#8211; laatikot avautuvat &#8221;push to open&#8221; -j\u00e4rjestelm\u00e4ll\u00e4, &#8211; 2 hylly\u00e4, -valmis hoitop\u00f6yd\u00e4n asennusta varten, &#8211; voidaan kiinnitt\u00e4\u00e4 sein\u00e4\u00e4n \u2013 suositeltavaa, &#8211; t\u00e4ytt\u00e4\u00e4 eurooppalaiset turvallisuusstandardit ja -normit. Mitat (cm): korkeus: 91,6 syvyys: 50 leveys: 100 Muotoilu ja viimeistely: &#8211; korkealaatuinen laminoitu levy, joka kest\u00e4\u00e4 vaurioita ja kosteutta, helppo [&hellip;]<\/p>\n","protected":false},"featured_media":0,"comment_status":"open","ping_status":"closed","template":"","meta":[],"product_brand":[],"product_cat":[32],"product_tag":[],"class_list":{"0":"post-38852","1":"product","2":"type-product","3":"status-publish","5":"product_cat-uncategorized-fi","7":"first","8":"instock","9":"shipping-taxable","10":"purchasable","11":"product-type-simple"},"_links":{"self":[{"href":"https:\/\/nordicmart.andreevmaster.com\/fi\/wp-json\/wp\/v2\/product\/38852","targetHints":{"allow":["GET"]}}],"collection":[{"href":"https:\/\/nordicmart.andreevmaster.com\/fi\/wp-json\/wp\/v2\/product"}],"about":[{"href":"https:\/\/nordicmart.andreevmaster.com\/fi\/wp-json\/wp\/v2\/types\/product"}],"replies":[{"embeddable":true,"href":"https:\/\/nordicmart.andreevmaster.com\/fi\/wp-json\/wp\/v2\/comments?post=38852"}],"wp:attachment":[{"href":"https:\/\/nordicmart.andreevmaster.com\/fi\/wp-json\/wp\/v2\/media?parent=38852"}],"wp:term":[{"taxonomy":"product_brand","embeddable":true,"href":"https:\/\/nordicmart.andreevmaster.com\/fi\/wp-json\/wp\/v2\/product_brand?post=38852"},{"taxonomy":"product_cat","embeddable":true,"href":"https:\/\/nordicmart.andreevmaster.com\/fi\/wp-json\/wp\/v2\/product_cat?post=38852"},{"taxonomy":"product_tag","embeddable":true,"href":"https:\/\/nordicmart.andreevmaster.com\/fi\/wp-json\/wp\/v2\/product_tag?post=38852"}],"curies":[{"name":"wp","href":"https:\/\/api.w.org\/{rel}","templated":true}]}}