{"id":38851,"date":"2026-02-27T00:46:24","date_gmt":"2026-02-27T00:46:24","guid":{"rendered":"https:\/\/nordicmart.andreevmaster.com\/product\/tooky-toy-vaaleanpunainen-puinen-meikkauspoyta-peililla\/"},"modified":"2026-02-27T10:01:06","modified_gmt":"2026-02-27T10:01:06","slug":"tooky-toy-vaaleanpunainen-puinen-meikkauspoyta-peililla","status":"publish","type":"product","link":"https:\/\/nordicmart.andreevmaster.com\/fi\/tuote\/tooky-toy-vaaleanpunainen-puinen-meikkauspoyta-peililla\/","title":{"rendered":"TOOKY TOY Vaaleanpunainen puinen meikkausp\u00f6yt\u00e4 peilill\u00e4"},"content":{"rendered":"<p>T\u00e4m\u00e4 kaunis vaaleanpunainen peilip\u00f6yt\u00e4 Tooky Toylta on t\u00e4ydellinen huonekalu jokaisen tyt\u00f6n huoneeseen. Peilip\u00f6yd\u00e4ss\u00e4 on kaksi ulosvedett\u00e4v\u00e4\u00e4 laatikkoa, joihin pikkuprinsessasi voi s\u00e4ilytt\u00e4\u00e4 aarteitaan. Sarjaan kuuluu my\u00f6s lukuisia lis\u00e4varusteita. Koko tuote on valmistettu puusta ja maalattu myrkytt\u00f6mill\u00e4 maaleilla, jotka ovat turvallisia lapsille ja ymp\u00e4rist\u00f6lle.Ominaisuudet:<\/p>\n<p>* &#8211; meikkausp\u00f6yd\u00e4ss\u00e4 on kaksi ulosvedett\u00e4v\u00e4\u00e4 laatikkoa ja peili, jotka on valmistettu kokonaan puusta,<br \/>\n* &#8211; sarjaan kuuluu puiset lis\u00e4varusteet: kynsilakka, huulipuna, rannekoru, korvakorut, hiusharja, hajuvesi, puuterirasia ja luomiv\u00e4ri,* &#8211; peilip\u00f6yd\u00e4n ansiosta tyt\u00f6t voivat meikata yhdess\u00e4 \u00e4itiens\u00e4 kanssa,<br \/>\n* &#8211; koko sarja on herk\u00e4n vaaleanpunaisessa v\u00e4rimaailmassa,<br \/>\n* &#8211; lelussa ei ole ter\u00e4vi\u00e4 reunoja,<br \/>\n* &#8211; maalattu myrkytt\u00f6mill\u00e4 maaleilla,<br \/>\n* &#8211; tuote on valmistettu korkealaatuisista materiaaleista.<\/p>\n<p>Lelu kehitt\u00e4\u00e4:<\/p>\n<p>* &#8211; luovuutta,<br \/>\n* &#8211; k\u00e4den taitoja,<br \/>\n* &#8211; mielikuvitusta,<br \/>\n* &#8211; liikkeiden tarkkuutta.<\/p>\n<p>Tooky Toy on puuleluja valmistava yritys, joka on toiminut markkinoilla vuodesta 2004 l\u00e4htien. Yli vuosikymmenen kokemus alalta takaa korkealaatuiset tuotteet, jotka on valmistettu lasten turvallisuus mieless\u00e4. Tooky Toy -lelut ovat saaneet lukuisia sertifikaatteja, jotka vahvistavat n\u00e4iden ymp\u00e4rist\u00f6yst\u00e4v\u00e4llisten tuotteiden turvallisuuden. Lelut ovat hyvin hiottuja, ilman sirpaleita ja ter\u00e4vi\u00e4 reunoja, ja ne on p\u00e4\u00e4llystetty vain turvallisilla, myrkytt\u00f6mill\u00e4 maaleilla, v\u00e4riaineilla ja lakoilla. Kaikki t\u00e4m\u00e4 tekee Tooky Toy -lelusta lasten rakastaman ja vanhempien arvostaman ymp\u00e4ri maailmaa.<\/p>\n","protected":false},"excerpt":{"rendered":"<p>T\u00e4m\u00e4 kaunis vaaleanpunainen peilip\u00f6yt\u00e4 Tooky Toylta on t\u00e4ydellinen huonekalu jokaisen tyt\u00f6n huoneeseen. Peilip\u00f6yd\u00e4ss\u00e4 on kaksi ulosvedett\u00e4v\u00e4\u00e4 laatikkoa, joihin pikkuprinsessasi voi s\u00e4ilytt\u00e4\u00e4 aarteitaan. Sarjaan kuuluu my\u00f6s lukuisia lis\u00e4varusteita. Koko tuote on valmistettu puusta ja maalattu myrkytt\u00f6mill\u00e4 maaleilla, jotka ovat turvallisia lapsille ja ymp\u00e4rist\u00f6lle.Ominaisuudet: * &#8211; meikkausp\u00f6yd\u00e4ss\u00e4 on kaksi ulosvedett\u00e4v\u00e4\u00e4 laatikkoa ja peili, jotka on valmistettu kokonaan [&hellip;]<\/p>\n","protected":false},"featured_media":0,"comment_status":"open","ping_status":"closed","template":"","meta":[],"product_brand":[],"product_cat":[32],"product_tag":[],"class_list":{"0":"post-38851","1":"product","2":"type-product","3":"status-publish","5":"product_cat-uncategorized-fi","7":"first","8":"instock","9":"shipping-taxable","10":"purchasable","11":"product-type-simple"},"_links":{"self":[{"href":"https:\/\/nordicmart.andreevmaster.com\/fi\/wp-json\/wp\/v2\/product\/38851","targetHints":{"allow":["GET"]}}],"collection":[{"href":"https:\/\/nordicmart.andreevmaster.com\/fi\/wp-json\/wp\/v2\/product"}],"about":[{"href":"https:\/\/nordicmart.andreevmaster.com\/fi\/wp-json\/wp\/v2\/types\/product"}],"replies":[{"embeddable":true,"href":"https:\/\/nordicmart.andreevmaster.com\/fi\/wp-json\/wp\/v2\/comments?post=38851"}],"wp:attachment":[{"href":"https:\/\/nordicmart.andreevmaster.com\/fi\/wp-json\/wp\/v2\/media?parent=38851"}],"wp:term":[{"taxonomy":"product_brand","embeddable":true,"href":"https:\/\/nordicmart.andreevmaster.com\/fi\/wp-json\/wp\/v2\/product_brand?post=38851"},{"taxonomy":"product_cat","embeddable":true,"href":"https:\/\/nordicmart.andreevmaster.com\/fi\/wp-json\/wp\/v2\/product_cat?post=38851"},{"taxonomy":"product_tag","embeddable":true,"href":"https:\/\/nordicmart.andreevmaster.com\/fi\/wp-json\/wp\/v2\/product_tag?post=38851"}],"curies":[{"name":"wp","href":"https:\/\/api.w.org\/{rel}","templated":true}]}}