{"id":38850,"date":"2026-02-27T00:46:23","date_gmt":"2026-02-27T00:46:23","guid":{"rendered":"https:\/\/nordicmart.andreevmaster.com\/product\/tooky-toy-educational-montessori-box-puzzle-abacus-weather-board-6-in-1-from-3-years-2\/"},"modified":"2026-02-27T10:01:06","modified_gmt":"2026-02-27T10:01:06","slug":"tooky-toy-educational-montessori-box-puzzle-abacus-weather-board-6-in-1-from-3-years-2","status":"publish","type":"product","link":"https:\/\/nordicmart.andreevmaster.com\/fi\/tuote\/tooky-toy-educational-montessori-box-puzzle-abacus-weather-board-6-in-1-from-3-years-2\/","title":{"rendered":"Tooky Toy Educational Montessori Box Puzzle Abacus Weather Board 6-in-1 from 3 Years"},"content":{"rendered":"<p>Tooky Toy -oppimispakkaus on suunniteltu 3-vuotiaille ja sit\u00e4 vanhemmille lapsille. Se sis\u00e4lt\u00e4\u00e4 6 aistillista ja opettavaa Montessori-lelua, jotka tukevat lapsen tervett\u00e4 psykomotorista kehityst\u00e4 ja stimuloivat aisteja: n\u00e4k\u00f6\u00e4, tuntoa ja kuuloa. Se kehitt\u00e4\u00e4 my\u00f6s loogista ajattelua ja k\u00e4si-silm\u00e4-koordinaatiota. Mukana on my\u00f6s yksityiskohtainen opas vanhemmille, joka auttaa sinua oppimaan, milloin esitell\u00e4 lelu lapsellesi ja miten leikki\u00e4 sill\u00e4. Tooky Toy -oppimispakkaus sopii lahjaksi lapselle. Laatikko sis\u00e4lt\u00e4\u00e4 6 opettavaa lelua 3-vuotiaille ja sit\u00e4 vanhemmille yhdess\u00e4 paketissa:<\/p>\n<p>* &#8211; laatikko, jossa on 3 erilaista lukkoa ja v\u00e4ri\u00e4,<br \/>\n* &#8211; 8 puista tasapainokive\u00e4,<br \/>\n* &#8211; puinen opettavainen s\u00e4\u00e4taulu,<br \/>\n* &#8211; puinen laskupeli 1-10,<br \/>\n* &#8211; luova setti &#8211; ensimm\u00e4inen v\u00e4rityskirjani el\u00e4imet Taso 1, 6 pehme\u00e4\u00e4 v\u00e4rikyn\u00e4\u00e4,* &#8211; v\u00e4rik\u00e4s kirja &#8221;Olen 3-vuotias&#8221;.<\/p>\n<p>Tooky Toy on puuleluja lapsille valmistava yritys, joka on ollut markkinoilla vuodesta 2004. Yli vuosikymmenen kokemus alalta takaa korkealaatuiset tuotteet, jotka on valmistettu lasten turvallisuus mieless\u00e4. Tooky Toy -lelut ovat saaneet lukuisia sertifikaatteja, jotka vahvistavat n\u00e4iden ymp\u00e4rist\u00f6yst\u00e4v\u00e4llisten tuotteiden turvallisuuden. Lelut ovat hyvin hiottuja, ilman sirpaleita ja ter\u00e4vi\u00e4 reunoja, ja ne on p\u00e4\u00e4llystetty vain turvallisilla, myrkytt\u00f6mill\u00e4 maaleilla, v\u00e4riaineilla ja lakoilla. Kaikki t\u00e4m\u00e4 tekee Tooky Toy -lelusta lasten rakastaman ja vanhempien arvostaman ymp\u00e4ri maailmaa.<\/p>\n","protected":false},"excerpt":{"rendered":"<p>Tooky Toy -oppimispakkaus on suunniteltu 3-vuotiaille ja sit\u00e4 vanhemmille lapsille. Se sis\u00e4lt\u00e4\u00e4 6 aistillista ja opettavaa Montessori-lelua, jotka tukevat lapsen tervett\u00e4 psykomotorista kehityst\u00e4 ja stimuloivat aisteja: n\u00e4k\u00f6\u00e4, tuntoa ja kuuloa. Se kehitt\u00e4\u00e4 my\u00f6s loogista ajattelua ja k\u00e4si-silm\u00e4-koordinaatiota. Mukana on my\u00f6s yksityiskohtainen opas vanhemmille, joka auttaa sinua oppimaan, milloin esitell\u00e4 lelu lapsellesi ja miten leikki\u00e4 sill\u00e4. [&hellip;]<\/p>\n","protected":false},"featured_media":0,"comment_status":"open","ping_status":"closed","template":"","meta":[],"product_brand":[],"product_cat":[32],"product_tag":[],"class_list":{"0":"post-38850","1":"product","2":"type-product","3":"status-publish","5":"product_cat-uncategorized-fi","7":"first","8":"instock","9":"shipping-taxable","10":"purchasable","11":"product-type-simple"},"_links":{"self":[{"href":"https:\/\/nordicmart.andreevmaster.com\/fi\/wp-json\/wp\/v2\/product\/38850","targetHints":{"allow":["GET"]}}],"collection":[{"href":"https:\/\/nordicmart.andreevmaster.com\/fi\/wp-json\/wp\/v2\/product"}],"about":[{"href":"https:\/\/nordicmart.andreevmaster.com\/fi\/wp-json\/wp\/v2\/types\/product"}],"replies":[{"embeddable":true,"href":"https:\/\/nordicmart.andreevmaster.com\/fi\/wp-json\/wp\/v2\/comments?post=38850"}],"wp:attachment":[{"href":"https:\/\/nordicmart.andreevmaster.com\/fi\/wp-json\/wp\/v2\/media?parent=38850"}],"wp:term":[{"taxonomy":"product_brand","embeddable":true,"href":"https:\/\/nordicmart.andreevmaster.com\/fi\/wp-json\/wp\/v2\/product_brand?post=38850"},{"taxonomy":"product_cat","embeddable":true,"href":"https:\/\/nordicmart.andreevmaster.com\/fi\/wp-json\/wp\/v2\/product_cat?post=38850"},{"taxonomy":"product_tag","embeddable":true,"href":"https:\/\/nordicmart.andreevmaster.com\/fi\/wp-json\/wp\/v2\/product_tag?post=38850"}],"curies":[{"name":"wp","href":"https:\/\/api.w.org\/{rel}","templated":true}]}}