{"id":38849,"date":"2026-02-27T00:46:23","date_gmt":"2026-02-27T00:46:23","guid":{"rendered":"https:\/\/nordicmart.andreevmaster.com\/product\/tooky-toy-box-xxl-montessori-educational-6-in-1-sensory-19-24-kuukautta\/"},"modified":"2026-02-27T10:01:06","modified_gmt":"2026-02-27T10:01:06","slug":"tooky-toy-box-xxl-montessori-educational-6-in-1-sensory-19-24-kuukautta","status":"publish","type":"product","link":"https:\/\/nordicmart.andreevmaster.com\/fi\/tuote\/tooky-toy-box-xxl-montessori-educational-6-in-1-sensory-19-24-kuukautta\/","title":{"rendered":"TOOKY TOY Box XXL Montessori Educational 6-in-1 Sensory 19-24 kuukautta"},"content":{"rendered":"<p>Tooky Toy -oppimispakkaus on suunniteltu 19 kuukauden ik\u00e4isille ja sit\u00e4 vanhemmille lapsille. Se sis\u00e4lt\u00e4\u00e4 6 aistien ja Montessori-oppimisen lelua, jotka tukevat lapsen tervett\u00e4 psykomotorista kehityst\u00e4 ja stimuloivat aisteja: n\u00e4k\u00f6\u00e4, tuntoa ja kuuloa. Se kehitt\u00e4\u00e4 my\u00f6s loogista ajattelua ja k\u00e4si-silm\u00e4-koordinaatiota. Pakkauksessa on my\u00f6s yksityiskohtainen opas vanhemmille, joka auttaa sinua oppimaan, milloin esitell\u00e4 lelu lapsellesi ja miten leikki\u00e4 sill\u00e4. Tooky Toy -oppimispakkaus sopii lahjaksi pikkulapselle. <\/p>\n<p>Pakkaus sis\u00e4lt\u00e4\u00e4 6 oppimislelua 19 kuukauden ik\u00e4isille ja sit\u00e4 vanhemmille lapsille yhdess\u00e4 paketissa:<\/p>\n<p>* &#8211; 4-osainen puinen taitettava palapeli,<br \/>\n* &#8211; py\u00f6rill\u00e4 varustettu koira, jossa on vetonaru,* &#8211; helmi\u00e4 narulla, puinen neula ja pussi,<br \/>\n* &#8211; monitoiminen kolmio, jossa on lajittelija, sokkelo, hammaspy\u00f6r\u00e4t ja helmitaulu,<br \/>\n* &#8211; kuvien j\u00e4rjest\u00e4minen py\u00f6rivist\u00e4 palikoista,<br \/>\n* &#8211; &#8221;Pieni ja iso&#8221; -kuvakirja.<\/p>\n<p>Tooky Toy on puuleluja valmistava yritys, joka on toiminut markkinoilla vuodesta 2004 l\u00e4htien. Yli vuosikymmenen kokemus alalta takaa korkealaatuiset tuotteet, jotka on valmistettu lasten turvallisuus mieless\u00e4. Tooky Toy -lelut ovat saaneet lukuisia sertifikaatteja, jotka vahvistavat n\u00e4iden ymp\u00e4rist\u00f6yst\u00e4v\u00e4llisten tuotteiden turvallisuuden. Lelut ovat hyvin hiottuja, ilman sirpaleita ja ter\u00e4vi\u00e4 reunoja, ja ne on p\u00e4\u00e4llystetty vain turvallisilla, myrkytt\u00f6mill\u00e4 maaleilla, v\u00e4riaineilla ja lakoilla. Kaikki t\u00e4m\u00e4 tekee Tooky Toy -leluista lasten rakastamia ja vanhempien arvostamia ymp\u00e4ri maailmaa.<\/p>\n","protected":false},"excerpt":{"rendered":"<p>Tooky Toy -oppimispakkaus on suunniteltu 19 kuukauden ik\u00e4isille ja sit\u00e4 vanhemmille lapsille. Se sis\u00e4lt\u00e4\u00e4 6 aistien ja Montessori-oppimisen lelua, jotka tukevat lapsen tervett\u00e4 psykomotorista kehityst\u00e4 ja stimuloivat aisteja: n\u00e4k\u00f6\u00e4, tuntoa ja kuuloa. Se kehitt\u00e4\u00e4 my\u00f6s loogista ajattelua ja k\u00e4si-silm\u00e4-koordinaatiota. Pakkauksessa on my\u00f6s yksityiskohtainen opas vanhemmille, joka auttaa sinua oppimaan, milloin esitell\u00e4 lelu lapsellesi ja miten [&hellip;]<\/p>\n","protected":false},"featured_media":0,"comment_status":"open","ping_status":"closed","template":"","meta":[],"product_brand":[],"product_cat":[32],"product_tag":[],"class_list":{"0":"post-38849","1":"product","2":"type-product","3":"status-publish","5":"product_cat-uncategorized-fi","7":"first","8":"instock","9":"shipping-taxable","10":"purchasable","11":"product-type-simple"},"_links":{"self":[{"href":"https:\/\/nordicmart.andreevmaster.com\/fi\/wp-json\/wp\/v2\/product\/38849","targetHints":{"allow":["GET"]}}],"collection":[{"href":"https:\/\/nordicmart.andreevmaster.com\/fi\/wp-json\/wp\/v2\/product"}],"about":[{"href":"https:\/\/nordicmart.andreevmaster.com\/fi\/wp-json\/wp\/v2\/types\/product"}],"replies":[{"embeddable":true,"href":"https:\/\/nordicmart.andreevmaster.com\/fi\/wp-json\/wp\/v2\/comments?post=38849"}],"wp:attachment":[{"href":"https:\/\/nordicmart.andreevmaster.com\/fi\/wp-json\/wp\/v2\/media?parent=38849"}],"wp:term":[{"taxonomy":"product_brand","embeddable":true,"href":"https:\/\/nordicmart.andreevmaster.com\/fi\/wp-json\/wp\/v2\/product_brand?post=38849"},{"taxonomy":"product_cat","embeddable":true,"href":"https:\/\/nordicmart.andreevmaster.com\/fi\/wp-json\/wp\/v2\/product_cat?post=38849"},{"taxonomy":"product_tag","embeddable":true,"href":"https:\/\/nordicmart.andreevmaster.com\/fi\/wp-json\/wp\/v2\/product_tag?post=38849"}],"curies":[{"name":"wp","href":"https:\/\/api.w.org\/{rel}","templated":true}]}}