{"id":38848,"date":"2026-02-27T00:46:23","date_gmt":"2026-02-27T00:46:23","guid":{"rendered":"https:\/\/nordicmart.andreevmaster.com\/product\/tooky-toy-puinen-vaaleanpunainen-peilipoyta-tuolilla\/"},"modified":"2026-02-27T10:01:06","modified_gmt":"2026-02-27T10:01:06","slug":"tooky-toy-puinen-vaaleanpunainen-peilipoyta-tuolilla","status":"publish","type":"product","link":"https:\/\/nordicmart.andreevmaster.com\/fi\/tuote\/tooky-toy-puinen-vaaleanpunainen-peilipoyta-tuolilla\/","title":{"rendered":"TOOKY TOY Puinen vaaleanpunainen peilip\u00f6yt\u00e4 tuolilla"},"content":{"rendered":"<p>TOOKY TOY:n puinen lasten peilip\u00f6yt\u00e4 tuolilla. Jokainen tytt\u00f6 ansaitsee kauniin peilip\u00f6yd\u00e4n, jossa on suuri peili ja tuoli, jotta h\u00e4n voi n\u00e4ytt\u00e4\u00e4 kauniilta joka p\u00e4iv\u00e4. Peilip\u00f6yt\u00e4 on valmistettu massiivipuusta ja koristeltu valkoisilla ja vaaleanpunaisilla pisteill\u00e4. Ominaisuudet:<\/p>\n<p>* &#8211; lelu yli 3-vuotiaille lapsille,<br \/>\n* &#8211; puinen lasten peilip\u00f6yt\u00e4 tuolilla ja peilill\u00e4,<br \/>\n* &#8211; valmistettu massiivipuusta,<br \/>\n* &#8211; peilip\u00f6yd\u00e4ss\u00e4 on pieni vaaleanpunainen laatikko henkil\u00f6kohtaisille tavaroille,<br \/>\n* &#8211; peilip\u00f6yt\u00e4 myyd\u00e4\u00e4n ilman lis\u00e4varusteita<\/p>\n<p>Leikki kehitt\u00e4\u00e4:<\/p>\n<p>* &#8211; roolileikki\u00e4 ja mielikuvitusta,* &#8211; luovuutta ja mielikuvitusta,<br \/>\n* &#8211; itseluottamusta ja itsetuntoa,<br \/>\n* &#8211; k\u00e4si-silm\u00e4-koordinaatiota<\/p>\n<p>MITAT:<\/p>\n<p>\u2714 Korkeus &#8211; 84,5 cm<\/p>\n<p>\u2714 Leveys &#8211; 51,3 cm<\/p>\n<p>\u2714 Syvyys &#8211; 30 cm<\/p>\n","protected":false},"excerpt":{"rendered":"<p>TOOKY TOY:n puinen lasten peilip\u00f6yt\u00e4 tuolilla. Jokainen tytt\u00f6 ansaitsee kauniin peilip\u00f6yd\u00e4n, jossa on suuri peili ja tuoli, jotta h\u00e4n voi n\u00e4ytt\u00e4\u00e4 kauniilta joka p\u00e4iv\u00e4. Peilip\u00f6yt\u00e4 on valmistettu massiivipuusta ja koristeltu valkoisilla ja vaaleanpunaisilla pisteill\u00e4. Ominaisuudet: * &#8211; lelu yli 3-vuotiaille lapsille, * &#8211; puinen lasten peilip\u00f6yt\u00e4 tuolilla ja peilill\u00e4, * &#8211; valmistettu massiivipuusta, * &#8211; [&hellip;]<\/p>\n","protected":false},"featured_media":0,"comment_status":"open","ping_status":"closed","template":"","meta":[],"product_brand":[],"product_cat":[32],"product_tag":[],"class_list":{"0":"post-38848","1":"product","2":"type-product","3":"status-publish","5":"product_cat-uncategorized-fi","7":"first","8":"instock","9":"shipping-taxable","10":"purchasable","11":"product-type-simple"},"_links":{"self":[{"href":"https:\/\/nordicmart.andreevmaster.com\/fi\/wp-json\/wp\/v2\/product\/38848","targetHints":{"allow":["GET"]}}],"collection":[{"href":"https:\/\/nordicmart.andreevmaster.com\/fi\/wp-json\/wp\/v2\/product"}],"about":[{"href":"https:\/\/nordicmart.andreevmaster.com\/fi\/wp-json\/wp\/v2\/types\/product"}],"replies":[{"embeddable":true,"href":"https:\/\/nordicmart.andreevmaster.com\/fi\/wp-json\/wp\/v2\/comments?post=38848"}],"wp:attachment":[{"href":"https:\/\/nordicmart.andreevmaster.com\/fi\/wp-json\/wp\/v2\/media?parent=38848"}],"wp:term":[{"taxonomy":"product_brand","embeddable":true,"href":"https:\/\/nordicmart.andreevmaster.com\/fi\/wp-json\/wp\/v2\/product_brand?post=38848"},{"taxonomy":"product_cat","embeddable":true,"href":"https:\/\/nordicmart.andreevmaster.com\/fi\/wp-json\/wp\/v2\/product_cat?post=38848"},{"taxonomy":"product_tag","embeddable":true,"href":"https:\/\/nordicmart.andreevmaster.com\/fi\/wp-json\/wp\/v2\/product_tag?post=38848"}],"curies":[{"name":"wp","href":"https:\/\/api.w.org\/{rel}","templated":true}]}}