{"id":38847,"date":"2026-02-27T00:46:23","date_gmt":"2026-02-27T00:46:23","guid":{"rendered":"https:\/\/nordicmart.andreevmaster.com\/product\/tooky-toy-modernit-puiset-keittiotarvikkeet\/"},"modified":"2026-02-27T10:01:05","modified_gmt":"2026-02-27T10:01:05","slug":"tooky-toy-modernit-puiset-keittiotarvikkeet","status":"publish","type":"product","link":"https:\/\/nordicmart.andreevmaster.com\/fi\/tuote\/tooky-toy-modernit-puiset-keittiotarvikkeet\/","title":{"rendered":"TOOKY TOY Modernit puiset keitti\u00f6tarvikkeet"},"content":{"rendered":"<p>Tooky Toyn moderni puinen keitti\u00f6 on ajaton ja suosittu lelu yli 3-vuotiaille lapsille, joka vie heid\u00e4t ruoanlaittomaailmaan. Keitti\u00f6 on t\u00e4ysin varustettu lis\u00e4varusteilla ja laitteilla, jotka simuloivat todellista keitti\u00f6t\u00e4, joten se on ihanteellinen roolileikkeihin ja antaa lasten j\u00e4ljitell\u00e4 aikuisten arkea. <\/p>\n<p>Keitti\u00f6n puinen rakenne takaa kest\u00e4vyyden ja esteettisyyden sek\u00e4 tarjoaa realistisen kokemuksen leikin aikana.<\/p>\n<p>Keitti\u00f6n varusteet:<\/p>\n<p>&#8211; j\u00e4\u00e4kaappi annostelijalla<\/p>\n<p>&#8211; mikroaaltouuni<\/p>\n<p>&#8211; induktioliesi<\/p>\n<p>&#8211; pesuallas<\/p>\n<p>&#8211; kattila<\/p>\n<p>&#8211; paistinpannu<\/p>\n<p>&#8211; puiset lastat<\/p>\n<p>&#8211; kuppi<\/p>\n<p>&#8211; 2 j\u00e4\u00e4palaa<\/p>\n<p>&#8211; suola- ja pippurisirotin<\/p>\n<p>Tooky Toyn puisen keitti\u00f6n leikkiminen tarjoaa paitsi iloa ja viihdett\u00e4, my\u00f6s kehitt\u00e4\u00e4 lapsen mielikuvitusta, motorista koordinaatiota ja sosiaalisia taitoja. Se on kattava kokemus, joka yhdist\u00e4\u00e4 oppimisen ja luovuuden ja stimuloi lasten kehityst\u00e4 monella tasolla.<\/p>\n","protected":false},"excerpt":{"rendered":"<p>Tooky Toyn moderni puinen keitti\u00f6 on ajaton ja suosittu lelu yli 3-vuotiaille lapsille, joka vie heid\u00e4t ruoanlaittomaailmaan. Keitti\u00f6 on t\u00e4ysin varustettu lis\u00e4varusteilla ja laitteilla, jotka simuloivat todellista keitti\u00f6t\u00e4, joten se on ihanteellinen roolileikkeihin ja antaa lasten j\u00e4ljitell\u00e4 aikuisten arkea. Keitti\u00f6n puinen rakenne takaa kest\u00e4vyyden ja esteettisyyden sek\u00e4 tarjoaa realistisen kokemuksen leikin aikana. Keitti\u00f6n varusteet: &#8211; [&hellip;]<\/p>\n","protected":false},"featured_media":0,"comment_status":"open","ping_status":"closed","template":"","meta":[],"product_brand":[],"product_cat":[32],"product_tag":[],"class_list":{"0":"post-38847","1":"product","2":"type-product","3":"status-publish","5":"product_cat-uncategorized-fi","7":"first","8":"instock","9":"shipping-taxable","10":"purchasable","11":"product-type-simple"},"_links":{"self":[{"href":"https:\/\/nordicmart.andreevmaster.com\/fi\/wp-json\/wp\/v2\/product\/38847","targetHints":{"allow":["GET"]}}],"collection":[{"href":"https:\/\/nordicmart.andreevmaster.com\/fi\/wp-json\/wp\/v2\/product"}],"about":[{"href":"https:\/\/nordicmart.andreevmaster.com\/fi\/wp-json\/wp\/v2\/types\/product"}],"replies":[{"embeddable":true,"href":"https:\/\/nordicmart.andreevmaster.com\/fi\/wp-json\/wp\/v2\/comments?post=38847"}],"wp:attachment":[{"href":"https:\/\/nordicmart.andreevmaster.com\/fi\/wp-json\/wp\/v2\/media?parent=38847"}],"wp:term":[{"taxonomy":"product_brand","embeddable":true,"href":"https:\/\/nordicmart.andreevmaster.com\/fi\/wp-json\/wp\/v2\/product_brand?post=38847"},{"taxonomy":"product_cat","embeddable":true,"href":"https:\/\/nordicmart.andreevmaster.com\/fi\/wp-json\/wp\/v2\/product_cat?post=38847"},{"taxonomy":"product_tag","embeddable":true,"href":"https:\/\/nordicmart.andreevmaster.com\/fi\/wp-json\/wp\/v2\/product_tag?post=38847"}],"curies":[{"name":"wp","href":"https:\/\/api.w.org\/{rel}","templated":true}]}}