{"id":38846,"date":"2026-02-27T00:46:22","date_gmt":"2026-02-27T00:46:22","guid":{"rendered":"https:\/\/nordicmart.andreevmaster.com\/product\/tooky-toy-interaktiivinen-puinen-montessori-kuusikulmainen-avattava-laatikko\/"},"modified":"2026-02-27T10:01:05","modified_gmt":"2026-02-27T10:01:05","slug":"tooky-toy-interaktiivinen-puinen-montessori-kuusikulmainen-avattava-laatikko","status":"publish","type":"product","link":"https:\/\/nordicmart.andreevmaster.com\/fi\/tuote\/tooky-toy-interaktiivinen-puinen-montessori-kuusikulmainen-avattava-laatikko\/","title":{"rendered":"TOOKY TOY Interaktiivinen puinen Montessori-kuusikulmainen avattava laatikko"},"content":{"rendered":"<p>TOOKY TOY:n puinen monitoiminen kuusikulmio, jossa on 7 aktiviteettia, on interaktiivinen oppimislelu, joka tarjoaa monenlaisia leikkimahdollisuuksia jokaisella seitsem\u00e4ll\u00e4 sivullaan. Lapset voivat siirt\u00e4\u00e4 helmi\u00e4 labyrintiss\u00e4, k\u00e4\u00e4nt\u00e4\u00e4 hammaspy\u00f6ri\u00e4, yhdistell\u00e4 muotoja tai oppia kertomaan kellonajan. Lelu on valmistettu huolellisesti kannustamaan lapsia leikkim\u00e4\u00e4n. Lis\u00e4ksi yl\u00e4paneeli avautuu, joten voit s\u00e4ilytt\u00e4\u00e4 lapsen leluja siin\u00e4. Ominaisuudet:<\/p>\n<p>* &#8211; lelu 18 kuukauden ik\u00e4isille lapsille,<br \/>\n* &#8211; interaktiivinen opettavainen lelu lapsille,<br \/>\n* &#8211; sis\u00e4lt\u00e4\u00e4 7 erilaista aktiviteettia, kukin kuution eri sivulla,* &#8211; koko lelun kaunis muotoilu kannustaa lapsia leikkim\u00e4\u00e4n,<br \/>\n* &#8211; kuusikulmainen muoto ja pieni koko,<br \/>\n* &#8211; valmistettu turvallisista ja kest\u00e4vist\u00e4 materiaaleista,<br \/>\n* &#8211; laatikko voidaan avata, jolloin voit s\u00e4ilytt\u00e4\u00e4 lapsen leluja.<\/p>\n<p>Lelu kehitt\u00e4\u00e4:<\/p>\n<p>* &#8211; loogista ajattelua,<br \/>\n* &#8211; yhteisty\u00f6taitoja ja k\u00e4yt\u00e4nn\u00f6n taitoja,<br \/>\n* &#8211; k\u00e4si-silm\u00e4-koordinaatiota,<br \/>\n* &#8211; muotojen ja v\u00e4rien tunnistamista,<br \/>\n* &#8211; laskemistaitoa,<br \/>\n* &#8211; hienomotoriikkaa ja matemaattisia taitoja.<\/p>\n","protected":false},"excerpt":{"rendered":"<p>TOOKY TOY:n puinen monitoiminen kuusikulmio, jossa on 7 aktiviteettia, on interaktiivinen oppimislelu, joka tarjoaa monenlaisia leikkimahdollisuuksia jokaisella seitsem\u00e4ll\u00e4 sivullaan. Lapset voivat siirt\u00e4\u00e4 helmi\u00e4 labyrintiss\u00e4, k\u00e4\u00e4nt\u00e4\u00e4 hammaspy\u00f6ri\u00e4, yhdistell\u00e4 muotoja tai oppia kertomaan kellonajan. Lelu on valmistettu huolellisesti kannustamaan lapsia leikkim\u00e4\u00e4n. Lis\u00e4ksi yl\u00e4paneeli avautuu, joten voit s\u00e4ilytt\u00e4\u00e4 lapsen leluja siin\u00e4. Ominaisuudet: * &#8211; lelu 18 kuukauden ik\u00e4isille [&hellip;]<\/p>\n","protected":false},"featured_media":0,"comment_status":"open","ping_status":"closed","template":"","meta":[],"product_brand":[],"product_cat":[32],"product_tag":[],"class_list":{"0":"post-38846","1":"product","2":"type-product","3":"status-publish","5":"product_cat-uncategorized-fi","7":"first","8":"instock","9":"shipping-taxable","10":"purchasable","11":"product-type-simple"},"_links":{"self":[{"href":"https:\/\/nordicmart.andreevmaster.com\/fi\/wp-json\/wp\/v2\/product\/38846","targetHints":{"allow":["GET"]}}],"collection":[{"href":"https:\/\/nordicmart.andreevmaster.com\/fi\/wp-json\/wp\/v2\/product"}],"about":[{"href":"https:\/\/nordicmart.andreevmaster.com\/fi\/wp-json\/wp\/v2\/types\/product"}],"replies":[{"embeddable":true,"href":"https:\/\/nordicmart.andreevmaster.com\/fi\/wp-json\/wp\/v2\/comments?post=38846"}],"wp:attachment":[{"href":"https:\/\/nordicmart.andreevmaster.com\/fi\/wp-json\/wp\/v2\/media?parent=38846"}],"wp:term":[{"taxonomy":"product_brand","embeddable":true,"href":"https:\/\/nordicmart.andreevmaster.com\/fi\/wp-json\/wp\/v2\/product_brand?post=38846"},{"taxonomy":"product_cat","embeddable":true,"href":"https:\/\/nordicmart.andreevmaster.com\/fi\/wp-json\/wp\/v2\/product_cat?post=38846"},{"taxonomy":"product_tag","embeddable":true,"href":"https:\/\/nordicmart.andreevmaster.com\/fi\/wp-json\/wp\/v2\/product_tag?post=38846"}],"curies":[{"name":"wp","href":"https:\/\/api.w.org\/{rel}","templated":true}]}}