{"id":38845,"date":"2026-02-27T00:46:22","date_gmt":"2026-02-27T00:46:22","guid":{"rendered":"https:\/\/nordicmart.andreevmaster.com\/product\/tooky-toy-puinen-avaruusasema\/"},"modified":"2026-02-27T10:01:05","modified_gmt":"2026-02-27T10:01:05","slug":"tooky-toy-puinen-avaruusasema","status":"publish","type":"product","link":"https:\/\/nordicmart.andreevmaster.com\/fi\/tuote\/tooky-toy-puinen-avaruusasema\/","title":{"rendered":"TOOKY TOY Puinen avaruusasema"},"content":{"rendered":"<p>Asema valmiina laukaisuun \u2013 pienet astronautit toimintaan!<\/p>\n<p>T\u00e4m\u00e4 ainutlaatuinen puinen setti on todellinen herkku pienille avaruustutkijoille! Monitasoinen avaruusasema, jossa on ramppeja, laskeutumisalusta ja hissi, tarjoaa tuntikausia kiehtovaa hauskaa. Settiin kuuluu paitsi asema, my\u00f6s ajoneuvot, raketti, avaruusolio ja astronautit \u2013 kaikki valmistettu yksityiskohtia ja lasten turvallisuutta ajatellen.Ominaisuudet:<\/p>\n<p>* &#8211; Lelu 3-vuotiaille ja sit\u00e4 vanhemmille<br \/>\n* &#8211; Monitasoinen rakenne<br \/>\n* &#8211; Laskeutumisalusta ja raketti<br \/>\n* &#8211; Liikkuva hissi ja liukum\u00e4ki<br \/>\n* &#8211; 3 astronauttihahmoa ja 1 avaruusolio<br \/>\n* &#8211; 3 avaruusajoneuvoa (mukaan lukien laboratorioajoneuvo, kuljetusajoneuvo ja s\u00e4hk\u00f6ajoneuvo)<br \/>\n* &#8211; Satelliitti, ufo, latausasema, tutka ja esteen merkki<br \/>\n* &#8211; Laadukas rakenne puusta ja turvallisista maaleista<\/p>\n<p>Sarja sis\u00e4lt\u00e4\u00e4:<\/p>\n<p>* &#8211; 1 avaruusasema laskeutumislavalla<br \/>\n* &#8211; 1 raketti<br \/>\n* &#8211; 3 astronauttia<br \/>\n* &#8211; 1 avaruusolio<br \/>\n* &#8211; 1 satelliitti<br \/>\n* &#8211; 1 ufo<br \/>\n* &#8211; 1 tutka<br \/>\n* &#8211; 1 merkki + este<br \/>\n* &#8211; 3 ajoneuvoa<br \/>\n* &#8211; 1 latausasema<\/p>\n<p>Lelu kehitt\u00e4\u00e4:<\/p>\n<p>* &#8211; mielikuvitusta ja luovuutta<br \/>\n* &#8211; roolileikkitaitoja<br \/>\n* &#8211; k\u00e4si-silm\u00e4-koordinaatiota<br \/>\n* &#8211; k\u00e4dentaitoja<\/p>\n","protected":false},"excerpt":{"rendered":"<p>Asema valmiina laukaisuun \u2013 pienet astronautit toimintaan! T\u00e4m\u00e4 ainutlaatuinen puinen setti on todellinen herkku pienille avaruustutkijoille! Monitasoinen avaruusasema, jossa on ramppeja, laskeutumisalusta ja hissi, tarjoaa tuntikausia kiehtovaa hauskaa. Settiin kuuluu paitsi asema, my\u00f6s ajoneuvot, raketti, avaruusolio ja astronautit \u2013 kaikki valmistettu yksityiskohtia ja lasten turvallisuutta ajatellen.Ominaisuudet: * &#8211; Lelu 3-vuotiaille ja sit\u00e4 vanhemmille * &#8211; [&hellip;]<\/p>\n","protected":false},"featured_media":0,"comment_status":"open","ping_status":"closed","template":"","meta":[],"product_brand":[],"product_cat":[32],"product_tag":[],"class_list":{"0":"post-38845","1":"product","2":"type-product","3":"status-publish","5":"product_cat-uncategorized-fi","7":"first","8":"instock","9":"shipping-taxable","10":"purchasable","11":"product-type-simple"},"_links":{"self":[{"href":"https:\/\/nordicmart.andreevmaster.com\/fi\/wp-json\/wp\/v2\/product\/38845","targetHints":{"allow":["GET"]}}],"collection":[{"href":"https:\/\/nordicmart.andreevmaster.com\/fi\/wp-json\/wp\/v2\/product"}],"about":[{"href":"https:\/\/nordicmart.andreevmaster.com\/fi\/wp-json\/wp\/v2\/types\/product"}],"replies":[{"embeddable":true,"href":"https:\/\/nordicmart.andreevmaster.com\/fi\/wp-json\/wp\/v2\/comments?post=38845"}],"wp:attachment":[{"href":"https:\/\/nordicmart.andreevmaster.com\/fi\/wp-json\/wp\/v2\/media?parent=38845"}],"wp:term":[{"taxonomy":"product_brand","embeddable":true,"href":"https:\/\/nordicmart.andreevmaster.com\/fi\/wp-json\/wp\/v2\/product_brand?post=38845"},{"taxonomy":"product_cat","embeddable":true,"href":"https:\/\/nordicmart.andreevmaster.com\/fi\/wp-json\/wp\/v2\/product_cat?post=38845"},{"taxonomy":"product_tag","embeddable":true,"href":"https:\/\/nordicmart.andreevmaster.com\/fi\/wp-json\/wp\/v2\/product_tag?post=38845"}],"curies":[{"name":"wp","href":"https:\/\/api.w.org\/{rel}","templated":true}]}}