{"id":38844,"date":"2026-02-27T00:46:22","date_gmt":"2026-02-27T00:46:22","guid":{"rendered":"https:\/\/nordicmart.andreevmaster.com\/product\/tooky-toy-suuri-puinen-nukkekoti-hahmot-fsc\/"},"modified":"2026-02-27T10:01:05","modified_gmt":"2026-02-27T10:01:05","slug":"tooky-toy-suuri-puinen-nukkekoti-hahmot-fsc","status":"publish","type":"product","link":"https:\/\/nordicmart.andreevmaster.com\/fi\/tuote\/tooky-toy-suuri-puinen-nukkekoti-hahmot-fsc\/","title":{"rendered":"TOOKY TOY Suuri puinen nukkekoti + hahmot FSC"},"content":{"rendered":"<p>Tooky Toy -nukkekoti erottuu edukseen modernilla, kolmikerroksisella muotoilullaan, joka on valmistettu kokonaan puusta. Sen tyylikk\u00e4\u00e4t linjat ja nykyaikainen estetiikka tekev\u00e4t siit\u00e4 t\u00e4ydellisen valinnan lapsille, jotka arvostavat modernia arkkitehtuuria. Talossa on kolme kerrosta t\u00e4ynn\u00e4 n\u00e4ht\u00e4vyyksi\u00e4, ja jokaisessa kerroksessa on ainutlaatuiset huoneet ja ominaisuudet. <\/p>\n<p>Pohjakerroksessa on keitti\u00f6 ruokailutiloineen, ja sen vieress\u00e4 on kylpyhuone, jossa on kaikki tarvittavat varusteet, kuten kylpyamme, suihku ja wc. Ensimm\u00e4isess\u00e4 kerroksessa on tilava olohuone, jossa on mukava sohva ja televisio, jossa nuket voivat rentoutua ja viett\u00e4\u00e4 aikaa yhdess\u00e4. Ullakolla on vieh\u00e4tt\u00e4v\u00e4 makuuhuone, jossa on mukava s\u00e4nky, vaatekaappi ja pinnas\u00e4nky. Makuuhuoneesta on p\u00e4\u00e4sy parvekkeelle, joka on t\u00e4ydellinen paikka rentoutua ja nauttia n\u00e4kymist\u00e4. <\/p>\n<p>Nukkekodissa on kuuden nuken perhe, joka on valmis muuttamaan taloon. Jokaisella nukella on ainutlaatuinen tyyli ja persoonallisuus, ja t\u00e4ysin liikkuvien nivelten ansiosta luovan leikin mahdollisuudet ovat rajattomat. Sarjaan kuuluu my\u00f6s huonekaluja ja koristeita, jotka her\u00e4tt\u00e4v\u00e4t jokaisen huoneen eloon ja luovat ainutlaatuisen tunnelman. <\/p>\n<p>Tooky Toy -nukkekoti inspiroi lapsia luovaan leikkiin, kehitt\u00e4\u00e4 heid\u00e4n mielikuvitustaan ja sosiaalisia taitojaan sek\u00e4 opettaa heille perhe-el\u00e4m\u00e4\u00e4. Se on t\u00e4ydellinen valinta kaikille lapsille, jotka rakastavat modernia muotoilua ja luovaa leikki\u00e4.<\/p>\n<p>Ominaisuudet:<\/p>\n<p>* &#8211; lelu 3-vuotiaille ja sit\u00e4 vanhemmille<br \/>\n* &#8211; talo on maalattu turvallisella, myrkytt\u00f6m\u00e4ll\u00e4 pastellis\u00e4vyisell\u00e4 maalilla<br \/>\n* &#8211; talossa on 2 kerrosta + ullakko<br \/>\n* &#8211; lelu on valmistettu korkealaatuisesta puusta, se on vankka ja kest\u00e4v\u00e4 ja suunniteltu kest\u00e4m\u00e4\u00e4n intensiivist\u00e4 leikki\u00e4.<\/p>\n<p>Lelu kehitt\u00e4\u00e4:<\/p>\n<p>* &#8211; sosiaalista k\u00e4ytt\u00e4ytymist\u00e4<br \/>\n* &#8211; mielikuvitusta<br \/>\n* &#8211; luovuutta<\/p>\n<p>[img-67344-left-thickbox_default]<\/p>\n<p>[img-67336-left-thickbox_default]<\/p>\n<p>[img-67342-left-thickbox_default]<\/p>\n","protected":false},"excerpt":{"rendered":"<p>Tooky Toy -nukkekoti erottuu edukseen modernilla, kolmikerroksisella muotoilullaan, joka on valmistettu kokonaan puusta. Sen tyylikk\u00e4\u00e4t linjat ja nykyaikainen estetiikka tekev\u00e4t siit\u00e4 t\u00e4ydellisen valinnan lapsille, jotka arvostavat modernia arkkitehtuuria. Talossa on kolme kerrosta t\u00e4ynn\u00e4 n\u00e4ht\u00e4vyyksi\u00e4, ja jokaisessa kerroksessa on ainutlaatuiset huoneet ja ominaisuudet. Pohjakerroksessa on keitti\u00f6 ruokailutiloineen, ja sen vieress\u00e4 on kylpyhuone, jossa on kaikki tarvittavat [&hellip;]<\/p>\n","protected":false},"featured_media":0,"comment_status":"open","ping_status":"closed","template":"","meta":[],"product_brand":[],"product_cat":[32],"product_tag":[],"class_list":{"0":"post-38844","1":"product","2":"type-product","3":"status-publish","5":"product_cat-uncategorized-fi","7":"first","8":"instock","9":"shipping-taxable","10":"purchasable","11":"product-type-simple"},"_links":{"self":[{"href":"https:\/\/nordicmart.andreevmaster.com\/fi\/wp-json\/wp\/v2\/product\/38844","targetHints":{"allow":["GET"]}}],"collection":[{"href":"https:\/\/nordicmart.andreevmaster.com\/fi\/wp-json\/wp\/v2\/product"}],"about":[{"href":"https:\/\/nordicmart.andreevmaster.com\/fi\/wp-json\/wp\/v2\/types\/product"}],"replies":[{"embeddable":true,"href":"https:\/\/nordicmart.andreevmaster.com\/fi\/wp-json\/wp\/v2\/comments?post=38844"}],"wp:attachment":[{"href":"https:\/\/nordicmart.andreevmaster.com\/fi\/wp-json\/wp\/v2\/media?parent=38844"}],"wp:term":[{"taxonomy":"product_brand","embeddable":true,"href":"https:\/\/nordicmart.andreevmaster.com\/fi\/wp-json\/wp\/v2\/product_brand?post=38844"},{"taxonomy":"product_cat","embeddable":true,"href":"https:\/\/nordicmart.andreevmaster.com\/fi\/wp-json\/wp\/v2\/product_cat?post=38844"},{"taxonomy":"product_tag","embeddable":true,"href":"https:\/\/nordicmart.andreevmaster.com\/fi\/wp-json\/wp\/v2\/product_tag?post=38844"}],"curies":[{"name":"wp","href":"https:\/\/api.w.org\/{rel}","templated":true}]}}