{"id":38843,"date":"2026-02-27T00:46:21","date_gmt":"2026-02-27T00:46:21","guid":{"rendered":"https:\/\/nordicmart.andreevmaster.com\/product\/tooky-toy-suuri-puinen-keittio-lapsille-10-kpl-fsc\/"},"modified":"2026-02-27T10:01:05","modified_gmt":"2026-02-27T10:01:05","slug":"tooky-toy-suuri-puinen-keittio-lapsille-10-kpl-fsc","status":"publish","type":"product","link":"https:\/\/nordicmart.andreevmaster.com\/fi\/tuote\/tooky-toy-suuri-puinen-keittio-lapsille-10-kpl-fsc\/","title":{"rendered":"TOOKY TOY Suuri puinen keitti\u00f6 lapsille, 10 kpl. FSC"},"content":{"rendered":"<p>T\u00e4m\u00e4 kaunis puinen keitti\u00f6 TOOKY TOY:lta on t\u00e4ydellinen pienille kokkeille, jotka rakastavat leikki\u00e4 aikuisia. T\u00e4m\u00e4 ainutlaatuinen setti yhdist\u00e4\u00e4 modernin muotoilun ja toiminnallisuuden, ja tarjoaa lapsille realistisen ruoanlaittokokemuksen \u00e4\u00e4ni- ja valoefektien ansiosta. Korkealaatuisista materiaaleista valmistettu puinen keitti\u00f6 ilahduttaa jokaista lasta aitoudellaan ja yksityiskohtien runsaudella.Ominaisuudet:<\/p>\n<p>* &#8211; 3-vuotiaille ja sit\u00e4 vanhemmille lapsille<br \/>\n* &#8211; Moderni muotoilu, jossa uuni, induktioliesi, liesituuletin ja mikroaaltouuni<br \/>\n* &#8211; Keitti\u00f6ss\u00e4 on \u00e4\u00e4ni- ja valoefektej\u00e4, jotka lis\u00e4\u00e4v\u00e4t leikin realistisuutta<br \/>\n* &#8211; Valmistettu korkealaatuisesta FSC-sertifioidusta puusta<\/p>\n<p>Sarja sis\u00e4lt\u00e4\u00e4:<\/p>\n<p>* &#8211; Puinen keitti\u00f6, jossa mikroaaltouuni, liesituuletin, uuni ja induktioliesi<br \/>\n* &#8211; Pesuallas hanalla<br \/>\n* &#8211; Kattila kannella<br \/>\n* &#8211; Paistinpannut<br \/>\n* &#8211; 3 puista keitti\u00f6lastaa<br \/>\n* &#8211; 2 suola- ja pippurisirottinta<br \/>\n* &#8211; Liitutaulut<\/p>\n<p>Lelu kehitt\u00e4\u00e4:<\/p>\n<p>* &#8211; Mielikuvitusta<br \/>\n* &#8211; Luovuutta<br \/>\n* &#8211; Loogista ajattelua<br \/>\n* &#8211; Motorisia taitoja<br \/>\n* &#8211; Sosiaalisia taitoja<\/p>\n","protected":false},"excerpt":{"rendered":"<p>T\u00e4m\u00e4 kaunis puinen keitti\u00f6 TOOKY TOY:lta on t\u00e4ydellinen pienille kokkeille, jotka rakastavat leikki\u00e4 aikuisia. T\u00e4m\u00e4 ainutlaatuinen setti yhdist\u00e4\u00e4 modernin muotoilun ja toiminnallisuuden, ja tarjoaa lapsille realistisen ruoanlaittokokemuksen \u00e4\u00e4ni- ja valoefektien ansiosta. Korkealaatuisista materiaaleista valmistettu puinen keitti\u00f6 ilahduttaa jokaista lasta aitoudellaan ja yksityiskohtien runsaudella.Ominaisuudet: * &#8211; 3-vuotiaille ja sit\u00e4 vanhemmille lapsille * &#8211; Moderni muotoilu, jossa [&hellip;]<\/p>\n","protected":false},"featured_media":0,"comment_status":"open","ping_status":"closed","template":"","meta":[],"product_brand":[],"product_cat":[32],"product_tag":[],"class_list":{"0":"post-38843","1":"product","2":"type-product","3":"status-publish","5":"product_cat-uncategorized-fi","7":"first","8":"instock","9":"shipping-taxable","10":"purchasable","11":"product-type-simple"},"_links":{"self":[{"href":"https:\/\/nordicmart.andreevmaster.com\/fi\/wp-json\/wp\/v2\/product\/38843","targetHints":{"allow":["GET"]}}],"collection":[{"href":"https:\/\/nordicmart.andreevmaster.com\/fi\/wp-json\/wp\/v2\/product"}],"about":[{"href":"https:\/\/nordicmart.andreevmaster.com\/fi\/wp-json\/wp\/v2\/types\/product"}],"replies":[{"embeddable":true,"href":"https:\/\/nordicmart.andreevmaster.com\/fi\/wp-json\/wp\/v2\/comments?post=38843"}],"wp:attachment":[{"href":"https:\/\/nordicmart.andreevmaster.com\/fi\/wp-json\/wp\/v2\/media?parent=38843"}],"wp:term":[{"taxonomy":"product_brand","embeddable":true,"href":"https:\/\/nordicmart.andreevmaster.com\/fi\/wp-json\/wp\/v2\/product_brand?post=38843"},{"taxonomy":"product_cat","embeddable":true,"href":"https:\/\/nordicmart.andreevmaster.com\/fi\/wp-json\/wp\/v2\/product_cat?post=38843"},{"taxonomy":"product_tag","embeddable":true,"href":"https:\/\/nordicmart.andreevmaster.com\/fi\/wp-json\/wp\/v2\/product_tag?post=38843"}],"curies":[{"name":"wp","href":"https:\/\/api.w.org\/{rel}","templated":true}]}}