{"id":38842,"date":"2026-02-27T00:46:21","date_gmt":"2026-02-27T00:46:21","guid":{"rendered":"https:\/\/nordicmart.andreevmaster.com\/product\/tekstiilit-moosekoriin-vintage\/"},"modified":"2026-02-27T10:01:04","modified_gmt":"2026-02-27T10:01:04","slug":"tekstiilit-moosekoriin-vintage","status":"publish","type":"product","link":"https:\/\/nordicmart.andreevmaster.com\/fi\/tuote\/tekstiilit-moosekoriin-vintage\/","title":{"rendered":"Tekstiilit Moosekoriin Vintage"},"content":{"rendered":"<p>Sarja sis\u00e4lt\u00e4\u00e4: vuodevaatteet, lakanan, peiton ja tyynyn, jossa on p\u00e4\u00e4ntie. <\/p>\n<p>Yksityiskohdat:<br \/>\n &#8211; vuodevaatteet, joiden t\u00e4yte on valmistettu Oeko-TEX Standard 100 -sertifioidusta puuvillamusliinista, <\/p>\n<p>&#8211; t\u00e4ytetty sertifioidulla hypoallergeenisella silikonikuidulla <\/p>\n<p>&#8211; ilmava ja pehme\u00e4 musliinivuodevaatteet t\u00e4ytteineen kietovat vauvan t\u00e4ydellisesti ja minimoivat ylikuumenemisen riskin, <\/p>\n<p>&#8211; tyynyss\u00e4 on p\u00e4\u00e4aukko \u2013 t\u00e4m\u00e4n ansiosta vauvan p\u00e4\u00e4 ei litisty, <\/p>\n<p>&#8211; varmistaa riitt\u00e4v\u00e4n ilmankierron,<br \/>\n &#8211; tekstiilit ovat herkki\u00e4 ja pehmeit\u00e4 kosketukseen,<br \/>\n &#8211; v\u00e4ri ei haalistu, edes toistuvien pesujen j\u00e4lkeen, <\/p>\n<p>&#8211; sopii erinomaisesti koriin, jonka koko on 86x43x26 ja 83x47x26. <\/p>\n<p> Kangas:<br \/>\n &#8211; puuvillamusliini, Oeko-TEX Standard 100 -sertifikaatti <\/p>\n<p>&#8211; hypoallergeeninen silikonikuitu.<\/p>\n<p>Tekstiilit (cm):<br \/>\n -lakana: sopii 72&#215;25 ja 65&#215;31 patjaan<br \/>\n -peitto: 77&#215;63 (+\/- 2cm)<br \/>\n -tyyny: 24&#215;18 (+\/- 2 cm) <\/p>\n<p> Pesu:<br \/>\n &#8211; konepest\u00e4v\u00e4 (30 asteessa),<br \/>\n &#8211; ei rumpukuivausta,<br \/>\n &#8211; voidaan silitt\u00e4\u00e4 kosteana korkeassa l\u00e4mp\u00f6tilassa,<br \/>\n &#8211; ei valkaisuaineita. <\/p>\n<p>V\u00e4rit: <\/p>\n<p>&#8211; Lumi, <\/p>\n<p>&#8211; Hunaja, <\/p>\n<p>&#8211; Maito, <\/p>\n<p>&#8211; Unikko, <\/p>\n<p>&#8211; Minttu, <\/p>\n<p>&#8211; Vaaleansininen <\/p>\n<p>&#8211; Karkki<\/p>\n","protected":false},"excerpt":{"rendered":"<p>Sarja sis\u00e4lt\u00e4\u00e4: vuodevaatteet, lakanan, peiton ja tyynyn, jossa on p\u00e4\u00e4ntie. Yksityiskohdat: &#8211; vuodevaatteet, joiden t\u00e4yte on valmistettu Oeko-TEX Standard 100 -sertifioidusta puuvillamusliinista, &#8211; t\u00e4ytetty sertifioidulla hypoallergeenisella silikonikuidulla &#8211; ilmava ja pehme\u00e4 musliinivuodevaatteet t\u00e4ytteineen kietovat vauvan t\u00e4ydellisesti ja minimoivat ylikuumenemisen riskin, &#8211; tyynyss\u00e4 on p\u00e4\u00e4aukko \u2013 t\u00e4m\u00e4n ansiosta vauvan p\u00e4\u00e4 ei litisty, &#8211; varmistaa riitt\u00e4v\u00e4n ilmankierron, [&hellip;]<\/p>\n","protected":false},"featured_media":0,"comment_status":"open","ping_status":"closed","template":"","meta":[],"product_brand":[],"product_cat":[32],"product_tag":[],"class_list":{"0":"post-38842","1":"product","2":"type-product","3":"status-publish","5":"product_cat-uncategorized-fi","7":"first","8":"instock","9":"shipping-taxable","10":"purchasable","11":"product-type-simple"},"_links":{"self":[{"href":"https:\/\/nordicmart.andreevmaster.com\/fi\/wp-json\/wp\/v2\/product\/38842","targetHints":{"allow":["GET"]}}],"collection":[{"href":"https:\/\/nordicmart.andreevmaster.com\/fi\/wp-json\/wp\/v2\/product"}],"about":[{"href":"https:\/\/nordicmart.andreevmaster.com\/fi\/wp-json\/wp\/v2\/types\/product"}],"replies":[{"embeddable":true,"href":"https:\/\/nordicmart.andreevmaster.com\/fi\/wp-json\/wp\/v2\/comments?post=38842"}],"wp:attachment":[{"href":"https:\/\/nordicmart.andreevmaster.com\/fi\/wp-json\/wp\/v2\/media?parent=38842"}],"wp:term":[{"taxonomy":"product_brand","embeddable":true,"href":"https:\/\/nordicmart.andreevmaster.com\/fi\/wp-json\/wp\/v2\/product_brand?post=38842"},{"taxonomy":"product_cat","embeddable":true,"href":"https:\/\/nordicmart.andreevmaster.com\/fi\/wp-json\/wp\/v2\/product_cat?post=38842"},{"taxonomy":"product_tag","embeddable":true,"href":"https:\/\/nordicmart.andreevmaster.com\/fi\/wp-json\/wp\/v2\/product_tag?post=38842"}],"curies":[{"name":"wp","href":"https:\/\/api.w.org\/{rel}","templated":true}]}}