{"id":38834,"date":"2026-02-27T00:46:19","date_gmt":"2026-02-27T00:46:19","guid":{"rendered":"https:\/\/nordicmart.andreevmaster.com\/product\/teepee-sanky-90x200-laatikolla\/"},"modified":"2026-02-27T10:01:02","modified_gmt":"2026-02-27T10:01:02","slug":"teepee-sanky-90x200-laatikolla","status":"publish","type":"product","link":"https:\/\/nordicmart.andreevmaster.com\/fi\/tuote\/teepee-sanky-90x200-laatikolla\/","title":{"rendered":"TeePee-s\u00e4nky 90&#215;200, laatikolla"},"content":{"rendered":"<p>Ihanteellinen s\u00e4nky vanhemmille lapsille. Intiaanien teltasta, teepee-teltasta, inspiraationsa saaneen muodonsa ansiosta jokainen nuori mies voi tuntea olevansa tutkimusmatkailija, rohkea soturi tai yksinkertaisesti piiloutua koko maailmalta. Muoto on niin universaali ja ajaton, ett\u00e4 se sopii t\u00e4ydellisesti muiden mallistojen huonekaluihin. Puukattoinen s\u00e4nky voidaan j\u00e4rjest\u00e4\u00e4 monin eri tavoin. Se voi tarvittaessa muuttua teltaksi, laivaksi tai ep\u00e4vakaaksi luolaksi. K\u00e4ytetyt materiaalit tuovat mieleen luonnon, sen kauneuden ja vapauden, josta nauttivat maapallon villimmill\u00e4 alueilla el\u00e4v\u00e4t alkuper\u00e4iskansat, mink\u00e4 ansiosta lapsesi voi tuntea olonsa vapaaksi ja estottomaksi. S\u00e4nky, jonka koko on 90 x 200 cm, on varustettu suojakaiteella, joka suojaa lasta putoamiselta s\u00e4ngyst\u00e4 ja jonka voit helposti siirt\u00e4\u00e4 s\u00e4ngyn takaosaan, kun lapsi kasvaa. Laajennettavaan laatikkoon mahtuu monia lapsen aarteita, tai siihen voi laittaa patjan ja k\u00e4ytt\u00e4\u00e4 sit\u00e4 ylim\u00e4\u00e4r\u00e4isen\u00e4 nukkumapaikkana unohtumattomille pyjamabileille.   **T\u00e4rkeimm\u00e4t edut:<br \/>\n **- valmistettu eurooppalaisten turvallisuusstandardien mukaisesti<br \/>\n &#8211; trendik\u00e4s talonmuotoinen runko, jossa on selk\u00e4noja kahdella sivulla<br \/>\n &#8211; laatikko, jossa on vahvistettu pohja, jota voidaan k\u00e4ytt\u00e4\u00e4 s\u00e4ilytystilana tai lis\u00e4vuoteena<br \/>\n &#8211; laatikko on varustettu py\u00f6rill\u00e4, jotka on viimeistelty kumisuojalla, joka on turvallinen lattialle<br \/>\n &#8211; varustettu suojakaiteilla, jotka voidaan helposti siirt\u00e4\u00e4 s\u00e4ngyn takaosaan<br \/>\n &#8211; voidaan koristella tekstill\u00e4 tai lapsen nimell\u00e4<\/p>\n<p> **Lis\u00e4tietoja: **- Yl\u00e4vuode sopii patjalle: 90 cm x 200 cm &#8211;  8 cm:n paksuisella patjalla laatikko patjalla ja vuodevaatteilla voidaan helposti liu&#8217;uttaa s\u00e4ngyn alle &#8211; S\u00e4ngyn enimm\u00e4iskuormitus 120 kg &#8211; Laatikon enimm\u00e4iskuormitus 100 kg &#8211; tarkoitettu noin 5\u20136-vuotiaille lapsille **Mitat (cm):<br \/>\n **pituus: 206<br \/>\n leveys: 96<br \/>\n s\u00e4ngyn korkeus: 156<br \/>\n rungon korkeus: 156 cm<\/p>\n<p> **Viimeistely ja valmistustiedot:**<br \/>\n &#8211; s\u00e4ngyn runko ja laatikko on valmistettu korkealaatuisesta laminoidusta levyst\u00e4<br \/>\n &#8211; laatikon etuosa on valmistettu MDF-levyst\u00e4, joka on lakattu lapsille turvallisella valkoisella maalilla, sertifioitu standardin EN71\/3 mukaisesti<br \/>\n &#8211; tiipiim\u00e4inen runko ja ohjauskiskot on valmistettu m\u00e4ntypuusta, joka on lakattu lapsille turvallisella kirkkaalla maalilla, sertifioitu standardin EN71\/3 mukaisesti<br \/>\n &#8211; patjan tukialusta on valmistettu py\u00f6kkivanerista<br \/>\n &#8211; laatikko on varustettu kumipintaisilla py\u00f6rill\u00e4<\/p>\n<p> **V\u00e4rit:<br \/>\n **- lumivalkoinen, neutraali harmaa, vaalea m\u00e4nty, kaikki mattapintaiset **K\u00e4ytt\u00f6ohje:<br \/>\n **Huonekalut on pyyhitt\u00e4v\u00e4 pehme\u00e4ll\u00e4, vedell\u00e4 tai huonekalupuhdistusaineella kostutetulla puuvillakankaalla. **Lis\u00e4tietoja:<br \/>\n **Huonekalut toimitetaan itse koottavina laatikoissa. Laatikoissa on yksityiskohtainen asennusohje ja tarvittavat tarvikkeet (ruuvit jne.).<\/p>\n","protected":false},"excerpt":{"rendered":"<p>Ihanteellinen s\u00e4nky vanhemmille lapsille. Intiaanien teltasta, teepee-teltasta, inspiraationsa saaneen muodonsa ansiosta jokainen nuori mies voi tuntea olevansa tutkimusmatkailija, rohkea soturi tai yksinkertaisesti piiloutua koko maailmalta. Muoto on niin universaali ja ajaton, ett\u00e4 se sopii t\u00e4ydellisesti muiden mallistojen huonekaluihin. Puukattoinen s\u00e4nky voidaan j\u00e4rjest\u00e4\u00e4 monin eri tavoin. Se voi tarvittaessa muuttua teltaksi, laivaksi tai ep\u00e4vakaaksi luolaksi. K\u00e4ytetyt [&hellip;]<\/p>\n","protected":false},"featured_media":0,"comment_status":"open","ping_status":"closed","template":"","meta":[],"product_brand":[],"product_cat":[32],"product_tag":[],"class_list":{"0":"post-38834","1":"product","2":"type-product","3":"status-publish","5":"product_cat-uncategorized-fi","7":"first","8":"instock","9":"shipping-taxable","10":"purchasable","11":"product-type-simple"},"_links":{"self":[{"href":"https:\/\/nordicmart.andreevmaster.com\/fi\/wp-json\/wp\/v2\/product\/38834","targetHints":{"allow":["GET"]}}],"collection":[{"href":"https:\/\/nordicmart.andreevmaster.com\/fi\/wp-json\/wp\/v2\/product"}],"about":[{"href":"https:\/\/nordicmart.andreevmaster.com\/fi\/wp-json\/wp\/v2\/types\/product"}],"replies":[{"embeddable":true,"href":"https:\/\/nordicmart.andreevmaster.com\/fi\/wp-json\/wp\/v2\/comments?post=38834"}],"wp:attachment":[{"href":"https:\/\/nordicmart.andreevmaster.com\/fi\/wp-json\/wp\/v2\/media?parent=38834"}],"wp:term":[{"taxonomy":"product_brand","embeddable":true,"href":"https:\/\/nordicmart.andreevmaster.com\/fi\/wp-json\/wp\/v2\/product_brand?post=38834"},{"taxonomy":"product_cat","embeddable":true,"href":"https:\/\/nordicmart.andreevmaster.com\/fi\/wp-json\/wp\/v2\/product_cat?post=38834"},{"taxonomy":"product_tag","embeddable":true,"href":"https:\/\/nordicmart.andreevmaster.com\/fi\/wp-json\/wp\/v2\/product_tag?post=38834"}],"curies":[{"name":"wp","href":"https:\/\/api.w.org\/{rel}","templated":true}]}}