{"id":38828,"date":"2026-02-27T00:46:17","date_gmt":"2026-02-27T00:46:17","guid":{"rendered":"https:\/\/nordicmart.andreevmaster.com\/product\/2-in-1-pussilakanasetti-200-x-200-cm-pussilakanat-150-gsm-kesapussilakana-ja-350-gsm-talvipussilakana-500-gsm-all-season-pussilakana-4-vuodenaikaa-pilvenvalkoinen-2\/"},"modified":"2026-02-27T10:01:01","modified_gmt":"2026-02-27T10:01:01","slug":"2-in-1-pussilakanasetti-200-x-200-cm-pussilakanat-150-gsm-kesapussilakana-ja-350-gsm-talvipussilakana-500-gsm-all-season-pussilakana-4-vuodenaikaa-pilvenvalkoinen-2","status":"publish","type":"product","link":"https:\/\/nordicmart.andreevmaster.com\/fi\/tuote\/2-in-1-pussilakanasetti-200-x-200-cm-pussilakanat-150-gsm-kesapussilakana-ja-350-gsm-talvipussilakana-500-gsm-all-season-pussilakana-4-vuodenaikaa-pilvenvalkoinen-2\/","title":{"rendered":"2 in 1 pussilakanasetti, 200 x 200 cm pussilakanat, 150 GSM kes\u00e4pussilakana ja 350 GSM talvipussilakana, 500 GSM All Season pussilakana, 4 vuodenaikaa, pilvenvalkoinen."},"content":{"rendered":"<p>\u3010KOKO VUODEN MUKAVUUS\u3011T\u00e4m\u00e4 setti sis\u00e4lt\u00e4\u00e4 2 pussilakanaa. K\u00e4yt\u00e4 150 GSM:n kevytt\u00e4 pussilakanaa viilennykseen kes\u00e4ll\u00e4, 350 GSM:n raskasta pussilakanaa mukavuuteen kev\u00e4\u00e4ll\u00e4 ja syksyll\u00e4 tai yhdist\u00e4 n\u00e4m\u00e4 kaksi optimaalista l\u00e4mp\u00f6\u00e4 varten talvella.<\/p>\n<p>\u3010Pehme\u00e4 &#038; HENGITT\u00c4V\u00c4\u3011Pussilakanat on valmistettu 110 GSM:n mikrokuidusta ja t\u00e4ytetty 7D-polykuidulla, joten ne ovat ihoyst\u00e4v\u00e4llisi\u00e4 ja hengitt\u00e4vi\u00e4, mik\u00e4 takaa mukavat y\u00f6unet.<\/p>\n<p>\u3010PUSSILAKANTOJEN TUNNISTUS\u3011Pussilakanat on helppo erottaa toisistaan v\u00e4rillisten reunojen avulla. Valkoiset reunat vastaavat kevytt\u00e4 pussilakanaa ja harmaat reunat raskasta pussilakanaa, helppo valita oikea pussilakana vuodenaikaan sopivaksi!<\/p>\n<p>\u3010STRONGLY TIED TOGETHER\u3011Kiinnitt\u00e4m\u00e4ll\u00e4 ohuen peiton vahvat nauhat paksun peiton tukeviin silmukoihin saat l\u00e4mpim\u00e4mm\u00e4n peiton. Siteet ja silmukat ovat kest\u00e4vi\u00e4, joten t\u00e4m\u00e4 2 in 1 -pussilakana pysyy paikallaan.<\/p>\n<p>\u3010HELPPO HUOLTO\u3011N\u00e4m\u00e4 pussilakanat voidaan pest\u00e4 koneessa 60\u00b0C:ssa ja ne voidaan kuivata rumpukuivauksessa alhaisella l\u00e4mp\u00f6tilalla. Ne pysyv\u00e4t puhtaina ja raikkaina menett\u00e4m\u00e4tt\u00e4 laatua. Ominaisuudet: V\u00e4ri: Peitto on v\u00e4rillinen: V\u00e4ri: Cloud White Materiaali: 7D polykuitu.Mitat: 200 x 200 cm (L x S) Paino: 4 kg Toimitus: 1 x 150 GSM kevyt pussilakana 1 x 350 GSM raskas pussilakana<\/p>\n","protected":false},"excerpt":{"rendered":"<p>\u3010KOKO VUODEN MUKAVUUS\u3011T\u00e4m\u00e4 setti sis\u00e4lt\u00e4\u00e4 2 pussilakanaa. K\u00e4yt\u00e4 150 GSM:n kevytt\u00e4 pussilakanaa viilennykseen kes\u00e4ll\u00e4, 350 GSM:n raskasta pussilakanaa mukavuuteen kev\u00e4\u00e4ll\u00e4 ja syksyll\u00e4 tai yhdist\u00e4 n\u00e4m\u00e4 kaksi optimaalista l\u00e4mp\u00f6\u00e4 varten talvella. \u3010Pehme\u00e4 &#038; HENGITT\u00c4V\u00c4\u3011Pussilakanat on valmistettu 110 GSM:n mikrokuidusta ja t\u00e4ytetty 7D-polykuidulla, joten ne ovat ihoyst\u00e4v\u00e4llisi\u00e4 ja hengitt\u00e4vi\u00e4, mik\u00e4 takaa mukavat y\u00f6unet. \u3010PUSSILAKANTOJEN TUNNISTUS\u3011Pussilakanat on helppo [&hellip;]<\/p>\n","protected":false},"featured_media":0,"comment_status":"open","ping_status":"closed","template":"","meta":[],"product_brand":[],"product_cat":[32],"product_tag":[],"class_list":{"0":"post-38828","1":"product","2":"type-product","3":"status-publish","5":"product_cat-uncategorized-fi","7":"first","8":"instock","9":"shipping-taxable","10":"product-type-simple"},"_links":{"self":[{"href":"https:\/\/nordicmart.andreevmaster.com\/fi\/wp-json\/wp\/v2\/product\/38828","targetHints":{"allow":["GET"]}}],"collection":[{"href":"https:\/\/nordicmart.andreevmaster.com\/fi\/wp-json\/wp\/v2\/product"}],"about":[{"href":"https:\/\/nordicmart.andreevmaster.com\/fi\/wp-json\/wp\/v2\/types\/product"}],"replies":[{"embeddable":true,"href":"https:\/\/nordicmart.andreevmaster.com\/fi\/wp-json\/wp\/v2\/comments?post=38828"}],"wp:attachment":[{"href":"https:\/\/nordicmart.andreevmaster.com\/fi\/wp-json\/wp\/v2\/media?parent=38828"}],"wp:term":[{"taxonomy":"product_brand","embeddable":true,"href":"https:\/\/nordicmart.andreevmaster.com\/fi\/wp-json\/wp\/v2\/product_brand?post=38828"},{"taxonomy":"product_cat","embeddable":true,"href":"https:\/\/nordicmart.andreevmaster.com\/fi\/wp-json\/wp\/v2\/product_cat?post=38828"},{"taxonomy":"product_tag","embeddable":true,"href":"https:\/\/nordicmart.andreevmaster.com\/fi\/wp-json\/wp\/v2\/product_tag?post=38828"}],"curies":[{"name":"wp","href":"https:\/\/api.w.org\/{rel}","templated":true}]}}