{"id":38826,"date":"2026-02-27T00:46:16","date_gmt":"2026-02-27T00:46:16","guid":{"rendered":"https:\/\/nordicmart.andreevmaster.com\/product\/songmics-tyyny-80-x-40-cm-konepestava-pilvinen-valkoinen\/"},"modified":"2026-02-27T10:01:01","modified_gmt":"2026-02-27T10:01:01","slug":"songmics-tyyny-80-x-40-cm-konepestava-pilvinen-valkoinen","status":"publish","type":"product","link":"https:\/\/nordicmart.andreevmaster.com\/fi\/tuote\/songmics-tyyny-80-x-40-cm-konepestava-pilvinen-valkoinen\/","title":{"rendered":"SONGMICS Tyyny 80 x 40 cm konepest\u00e4v\u00e4 pilvinen valkoinen"},"content":{"rendered":"<p>SONGMICS HOME -tyyny, vakiokoko, makuutyyny, 80 x 40 cm, s\u00e4ngyn tyyny eri nukkumisasentoihin, keskikova tyyny, konepest\u00e4v\u00e4, pilvinen valkoinen TBP034W01<br \/>\nV\u00e4ri: pilvinen valkoinen<br \/>\nP\u00e4\u00e4llisen materiaali: 55 % viskoosikuitua, 45 % polyesteri\u00e4<br \/>\nT\u00e4ytemateriaali: 100 % polyesteri<br \/>\nKoon koko: 80 x 40 cm (P x L)<br \/>\nPaino per tyyny: 0,8 kg<\/p>\n","protected":false},"excerpt":{"rendered":"<p>SONGMICS HOME -tyyny, vakiokoko, makuutyyny, 80 x 40 cm, s\u00e4ngyn tyyny eri nukkumisasentoihin, keskikova tyyny, konepest\u00e4v\u00e4, pilvinen valkoinen TBP034W01<\/p>\n","protected":false},"featured_media":46545,"comment_status":"open","ping_status":"closed","template":"","meta":[],"product_brand":[],"product_cat":[32],"product_tag":[],"class_list":{"0":"post-38826","1":"product","2":"type-product","3":"status-publish","4":"has-post-thumbnail","6":"product_cat-uncategorized-fi","8":"first","9":"instock","10":"shipping-taxable","11":"purchasable","12":"product-type-simple"},"_links":{"self":[{"href":"https:\/\/nordicmart.andreevmaster.com\/fi\/wp-json\/wp\/v2\/product\/38826","targetHints":{"allow":["GET"]}}],"collection":[{"href":"https:\/\/nordicmart.andreevmaster.com\/fi\/wp-json\/wp\/v2\/product"}],"about":[{"href":"https:\/\/nordicmart.andreevmaster.com\/fi\/wp-json\/wp\/v2\/types\/product"}],"replies":[{"embeddable":true,"href":"https:\/\/nordicmart.andreevmaster.com\/fi\/wp-json\/wp\/v2\/comments?post=38826"}],"wp:featuredmedia":[{"embeddable":true,"href":"https:\/\/nordicmart.andreevmaster.com\/fi\/wp-json\/wp\/v2\/media\/46545"}],"wp:attachment":[{"href":"https:\/\/nordicmart.andreevmaster.com\/fi\/wp-json\/wp\/v2\/media?parent=38826"}],"wp:term":[{"taxonomy":"product_brand","embeddable":true,"href":"https:\/\/nordicmart.andreevmaster.com\/fi\/wp-json\/wp\/v2\/product_brand?post=38826"},{"taxonomy":"product_cat","embeddable":true,"href":"https:\/\/nordicmart.andreevmaster.com\/fi\/wp-json\/wp\/v2\/product_cat?post=38826"},{"taxonomy":"product_tag","embeddable":true,"href":"https:\/\/nordicmart.andreevmaster.com\/fi\/wp-json\/wp\/v2\/product_tag?post=38826"}],"curies":[{"name":"wp","href":"https:\/\/api.w.org\/{rel}","templated":true}]}}