{"id":38823,"date":"2026-02-27T00:46:15","date_gmt":"2026-02-27T00:46:15","guid":{"rendered":"https:\/\/nordicmart.andreevmaster.com\/product\/2-tyynya-kaannettava-80-x-80-cm-viilentava-pehmea-paallinen-1200-g-tayte-talvi-kesa-konepestava-kuivausrumpukuivaus-enintaan-60c-kyyhkynharmaa-kyyhkynenharmaa-2\/"},"modified":"2026-02-27T10:01:00","modified_gmt":"2026-02-27T10:01:00","slug":"2-tyynya-kaannettava-80-x-80-cm-viilentava-pehmea-paallinen-1200-g-tayte-talvi-kesa-konepestava-kuivausrumpukuivaus-enintaan-60c-kyyhkynharmaa-kyyhkynenharmaa-2","status":"publish","type":"product","link":"https:\/\/nordicmart.andreevmaster.com\/fi\/tuote\/2-tyynya-kaannettava-80-x-80-cm-viilentava-pehmea-paallinen-1200-g-tayte-talvi-kesa-konepestava-kuivausrumpukuivaus-enintaan-60c-kyyhkynharmaa-kyyhkynenharmaa-2\/","title":{"rendered":"2 tyyny\u00e4, k\u00e4\u00e4nnett\u00e4v\u00e4 80 x 80 cm, viilent\u00e4v\u00e4 pehme\u00e4 p\u00e4\u00e4llinen, 1200 g t\u00e4yte, talvi, kes\u00e4, konepest\u00e4v\u00e4, kuivausrumpukuivaus enint\u00e4\u00e4n 60\u00b0C, kyyhkynharmaa, kyyhkynenharmaa"},"content":{"rendered":"","protected":false},"excerpt":{"rendered":"","protected":false},"featured_media":0,"comment_status":"open","ping_status":"closed","template":"","meta":[],"product_brand":[],"product_cat":[32],"product_tag":[],"class_list":{"0":"post-38823","1":"product","2":"type-product","3":"status-publish","5":"product_cat-uncategorized-fi","7":"first","8":"instock","9":"shipping-taxable","10":"product-type-simple"},"_links":{"self":[{"href":"https:\/\/nordicmart.andreevmaster.com\/fi\/wp-json\/wp\/v2\/product\/38823","targetHints":{"allow":["GET"]}}],"collection":[{"href":"https:\/\/nordicmart.andreevmaster.com\/fi\/wp-json\/wp\/v2\/product"}],"about":[{"href":"https:\/\/nordicmart.andreevmaster.com\/fi\/wp-json\/wp\/v2\/types\/product"}],"replies":[{"embeddable":true,"href":"https:\/\/nordicmart.andreevmaster.com\/fi\/wp-json\/wp\/v2\/comments?post=38823"}],"wp:attachment":[{"href":"https:\/\/nordicmart.andreevmaster.com\/fi\/wp-json\/wp\/v2\/media?parent=38823"}],"wp:term":[{"taxonomy":"product_brand","embeddable":true,"href":"https:\/\/nordicmart.andreevmaster.com\/fi\/wp-json\/wp\/v2\/product_brand?post=38823"},{"taxonomy":"product_cat","embeddable":true,"href":"https:\/\/nordicmart.andreevmaster.com\/fi\/wp-json\/wp\/v2\/product_cat?post=38823"},{"taxonomy":"product_tag","embeddable":true,"href":"https:\/\/nordicmart.andreevmaster.com\/fi\/wp-json\/wp\/v2\/product_tag?post=38823"}],"curies":[{"name":"wp","href":"https:\/\/api.w.org\/{rel}","templated":true}]}}