{"id":38821,"date":"2026-02-27T00:46:14","date_gmt":"2026-02-27T00:46:14","guid":{"rendered":"https:\/\/nordicmart.andreevmaster.com\/product\/tyynysarja-2-kaannettava-80-x-40-cm-viilentava-pehmea-paallinen-650-g-tayte-talvi-kesa-konepestava-kuivausrumpukuivaus-enintaan-60c-pilvenvalkoinen-2\/"},"modified":"2026-02-27T10:00:59","modified_gmt":"2026-02-27T10:00:59","slug":"tyynysarja-2-kaannettava-80-x-40-cm-viilentava-pehmea-paallinen-650-g-tayte-talvi-kesa-konepestava-kuivausrumpukuivaus-enintaan-60c-pilvenvalkoinen-2","status":"publish","type":"product","link":"https:\/\/nordicmart.andreevmaster.com\/fi\/tuote\/tyynysarja-2-kaannettava-80-x-40-cm-viilentava-pehmea-paallinen-650-g-tayte-talvi-kesa-konepestava-kuivausrumpukuivaus-enintaan-60c-pilvenvalkoinen-2\/","title":{"rendered":"Tyynysarja 2, k\u00e4\u00e4nnett\u00e4v\u00e4 80 x 40 cm, viilent\u00e4v\u00e4 pehme\u00e4 p\u00e4\u00e4llinen, 650 g t\u00e4yte, talvi, kes\u00e4, konepest\u00e4v\u00e4, kuivausrumpukuivaus enint\u00e4\u00e4n 60\u00b0C, pilvenvalkoinen"},"content":{"rendered":"<p>Kaksi puolta ymp\u00e4rivuotista mukavuutta varten: Viile\u00e4 kangas kes\u00e4n kuumuutta vastaan ja pehme\u00e4 polyesteri talven kylmyytt\u00e4 vastaan. Se tarjoaa ymp\u00e4rivuotista mukavuutta vuodenaikojen vaihtuessa<\/p>\n<p>Uppoudu pehmeyteen: Laadukkailla 650 g:n polyesterikuiduilla t\u00e4ytetty tyyny kietoo sinut korkeimpaan pehmeyteen. Se on hajuton ja joustava ja antaa sinun liukua pehme\u00e4sti unimaailmaan joka y\u00f6.<\/p>\n<p>V\u00e4hemm\u00e4n hikoilua, parempi uni: t\u00e4m\u00e4n tyynyn p\u00e4\u00e4llisess\u00e4 on innovatiivinen, hike\u00e4 hylkiv\u00e4 kerros. T\u00e4m\u00e4 nokkela muotoilu est\u00e4\u00e4 kokkaroitumista, pident\u00e4\u00e4 k\u00e4ytt\u00f6ik\u00e4\u00e4 ja varmistaa, ett\u00e4 voit nukkua rauhassa.<\/p>\n<p>Pitk\u00e4kestoista eleganssia: tyynyss\u00e4mme, jossa on timanttitikkaus ja kontrastinen, vahvistettu reunus, yhdistyv\u00e4t tyylikkyys ja kest\u00e4vyys. Huolellisuus ja ammattitaito varmistavat, ett\u00e4 tyyny ei ved\u00e4 lankojaan. Helppohoitoinen: t\u00e4m\u00e4 vuoteentyyny on konepest\u00e4v\u00e4 ja se voidaan kuivata 60 \u00b0C:ssa. N\u00e4in se pysyy raikkaana ja puhtaana, s\u00e4ilytt\u00e4\u00e4 pehmeytens\u00e4 ja tarjoaa helpon hoidon, mik\u00e4 v\u00e4hent\u00e4\u00e4 stressi\u00e4 arjessa!<\/p>\n<p>Tuotetiedot: Pehmustetyyny on varustettu pehme\u00e4ll\u00e4 ja pehme\u00e4ll\u00e4 materiaalilla:<\/p>\n<p>V\u00e4ri: pilvenvalkoinen<br \/>\nMateriaali: Valkoinen, valkoinen, valkoinen, valkoinen, valkoinen, valkoinen, valkoinen, valkoinen, valkoinen, valkoinen, valkoinen: Polyamidisekoite, 110 g\/m2 harjattu polyesterikangas, 3D polyesterikuitu, 7D polyesterikuitu.Koko: 80 x 40 cm (pituus x leveys). Paino: 1,8 kg Toimituksen laajuus: 2 x tyyny<\/p>\n","protected":false},"excerpt":{"rendered":"<p>Kaksi puolta ymp\u00e4rivuotista mukavuutta varten: Viile\u00e4 kangas kes\u00e4n kuumuutta vastaan ja pehme\u00e4 polyesteri talven kylmyytt\u00e4 vastaan. Se tarjoaa ymp\u00e4rivuotista mukavuutta vuodenaikojen vaihtuessa Uppoudu pehmeyteen: Laadukkailla 650 g:n polyesterikuiduilla t\u00e4ytetty tyyny kietoo sinut korkeimpaan pehmeyteen. Se on hajuton ja joustava ja antaa sinun liukua pehme\u00e4sti unimaailmaan joka y\u00f6. V\u00e4hemm\u00e4n hikoilua, parempi uni: t\u00e4m\u00e4n tyynyn p\u00e4\u00e4llisess\u00e4 on [&hellip;]<\/p>\n","protected":false},"featured_media":0,"comment_status":"open","ping_status":"closed","template":"","meta":[],"product_brand":[],"product_cat":[32],"product_tag":[],"class_list":{"0":"post-38821","1":"product","2":"type-product","3":"status-publish","5":"product_cat-uncategorized-fi","7":"first","8":"instock","9":"shipping-taxable","10":"product-type-simple"},"_links":{"self":[{"href":"https:\/\/nordicmart.andreevmaster.com\/fi\/wp-json\/wp\/v2\/product\/38821","targetHints":{"allow":["GET"]}}],"collection":[{"href":"https:\/\/nordicmart.andreevmaster.com\/fi\/wp-json\/wp\/v2\/product"}],"about":[{"href":"https:\/\/nordicmart.andreevmaster.com\/fi\/wp-json\/wp\/v2\/types\/product"}],"replies":[{"embeddable":true,"href":"https:\/\/nordicmart.andreevmaster.com\/fi\/wp-json\/wp\/v2\/comments?post=38821"}],"wp:attachment":[{"href":"https:\/\/nordicmart.andreevmaster.com\/fi\/wp-json\/wp\/v2\/media?parent=38821"}],"wp:term":[{"taxonomy":"product_brand","embeddable":true,"href":"https:\/\/nordicmart.andreevmaster.com\/fi\/wp-json\/wp\/v2\/product_brand?post=38821"},{"taxonomy":"product_cat","embeddable":true,"href":"https:\/\/nordicmart.andreevmaster.com\/fi\/wp-json\/wp\/v2\/product_cat?post=38821"},{"taxonomy":"product_tag","embeddable":true,"href":"https:\/\/nordicmart.andreevmaster.com\/fi\/wp-json\/wp\/v2\/product_tag?post=38821"}],"curies":[{"name":"wp","href":"https:\/\/api.w.org\/{rel}","templated":true}]}}