{"id":38819,"date":"2026-02-27T00:46:14","date_gmt":"2026-02-27T00:46:14","guid":{"rendered":"https:\/\/nordicmart.andreevmaster.com\/product\/cloud-white-tbp002w02-tyyny-2-kpl-80-x-80-cm-tayte-1500-g-pehmea-harjattu-polyesterikangas-tyyny-konepestava-60ssa-sailytyspussi-mukana-2\/"},"modified":"2026-02-27T10:00:59","modified_gmt":"2026-02-27T10:00:59","slug":"cloud-white-tbp002w02-tyyny-2-kpl-80-x-80-cm-tayte-1500-g-pehmea-harjattu-polyesterikangas-tyyny-konepestava-60ssa-sailytyspussi-mukana-2","status":"publish","type":"product","link":"https:\/\/nordicmart.andreevmaster.com\/fi\/tuote\/cloud-white-tbp002w02-tyyny-2-kpl-80-x-80-cm-tayte-1500-g-pehmea-harjattu-polyesterikangas-tyyny-konepestava-60ssa-sailytyspussi-mukana-2\/","title":{"rendered":"Cloud White TBP002W02 Tyyny, 2 kpl, 80 x 80 cm, t\u00e4yte 1500 g, pehme\u00e4 harjattu polyesterikangas, tyyny, konepest\u00e4v\u00e4 60\u00b0:ssa, s\u00e4ilytyspussi mukana"},"content":{"rendered":"<p>[Runsaasti t\u00e4ytett\u00e4] 65 % p\u00f6rr\u00f6ist\u00e4 3D-polyesterikuitua ja 35 % kiinte\u00e4\u00e4 7D-polyesterikuitua, suhde on valittu useiden testien j\u00e4lkeen. Kunkin tyynyn t\u00e4yte: Joka aamu her\u00e4\u00e4t t\u00e4ynn\u00e4 energiaa.[Pehme\u00e4 ja mukava p\u00e4\u00e4llinen] Tyynyt on p\u00e4\u00e4llystetty 110 GSM harjattua polyesterikangasta olevalla p\u00e4\u00e4llisell\u00e4, joka on miellytt\u00e4v\u00e4n tuntuinen, mukava ja edist\u00e4\u00e4 parempaa unenlaatua. V\u00e4h\u00e4n \u00e4rsytt\u00e4v\u00e4\u00e4 \u00e4\u00e4nt\u00e4 kankaan hankauksesta k\u00e4\u00e4ntyess\u00e4si[S\u00e4ilytyspusseilla] N\u00e4m\u00e4 80 x 80 cm:n tyynyt tulevat pussien kanssa, k\u00e4tev\u00e4 kotis\u00e4ilytykseen ja kuljettaa helposti matkustaessa tai retkeilless\u00e4.<\/p>\n<p>[Laadukas viimeistely] Tyynyn \u00e4\u00e4riviivat on tehty hienolla esteettisell\u00e4 kaksoisompeleella. Saumat ovat tiiviit ja kest\u00e4v\u00e4t aikaa<\/p>\n<p>[KONEENPESUKELPOINEN] Tyynyt voidaan pest\u00e4 ja kuivata koneessa maltillisessa 60 \u00b0C:n l\u00e4mp\u00f6tilassa, mik\u00e4 takaa puhtauden mukavuudesta tinkim\u00e4tt\u00e4.Ominaisuudet: V\u00e4ri : Pilvenvalkoinen Materiaali: 3D-polyesterikuitua, 7D-polyesterikuitua. Kunkin tyynyn koko 70 x 50 cm (L x S).Kunkin tyynyn paino: 1,5 kg: 0,85 kg<br \/>\nLaatikon sis\u00e4lt\u00f6:<\/p>\n<p>2 x tyyny.<br \/>\n1 x s\u00e4ilytyspussi.<\/p>\n","protected":false},"excerpt":{"rendered":"<p>[Runsaasti t\u00e4ytett\u00e4] 65 % p\u00f6rr\u00f6ist\u00e4 3D-polyesterikuitua ja 35 % kiinte\u00e4\u00e4 7D-polyesterikuitua, suhde on valittu useiden testien j\u00e4lkeen. Kunkin tyynyn t\u00e4yte: Joka aamu her\u00e4\u00e4t t\u00e4ynn\u00e4 energiaa.[Pehme\u00e4 ja mukava p\u00e4\u00e4llinen] Tyynyt on p\u00e4\u00e4llystetty 110 GSM harjattua polyesterikangasta olevalla p\u00e4\u00e4llisell\u00e4, joka on miellytt\u00e4v\u00e4n tuntuinen, mukava ja edist\u00e4\u00e4 parempaa unenlaatua. V\u00e4h\u00e4n \u00e4rsytt\u00e4v\u00e4\u00e4 \u00e4\u00e4nt\u00e4 kankaan hankauksesta k\u00e4\u00e4ntyess\u00e4si[S\u00e4ilytyspusseilla] N\u00e4m\u00e4 80 x [&hellip;]<\/p>\n","protected":false},"featured_media":0,"comment_status":"open","ping_status":"closed","template":"","meta":[],"product_brand":[],"product_cat":[32],"product_tag":[],"class_list":{"0":"post-38819","1":"product","2":"type-product","3":"status-publish","5":"product_cat-uncategorized-fi","7":"first","8":"instock","9":"shipping-taxable","10":"product-type-simple"},"_links":{"self":[{"href":"https:\/\/nordicmart.andreevmaster.com\/fi\/wp-json\/wp\/v2\/product\/38819","targetHints":{"allow":["GET"]}}],"collection":[{"href":"https:\/\/nordicmart.andreevmaster.com\/fi\/wp-json\/wp\/v2\/product"}],"about":[{"href":"https:\/\/nordicmart.andreevmaster.com\/fi\/wp-json\/wp\/v2\/types\/product"}],"replies":[{"embeddable":true,"href":"https:\/\/nordicmart.andreevmaster.com\/fi\/wp-json\/wp\/v2\/comments?post=38819"}],"wp:attachment":[{"href":"https:\/\/nordicmart.andreevmaster.com\/fi\/wp-json\/wp\/v2\/media?parent=38819"}],"wp:term":[{"taxonomy":"product_brand","embeddable":true,"href":"https:\/\/nordicmart.andreevmaster.com\/fi\/wp-json\/wp\/v2\/product_brand?post=38819"},{"taxonomy":"product_cat","embeddable":true,"href":"https:\/\/nordicmart.andreevmaster.com\/fi\/wp-json\/wp\/v2\/product_cat?post=38819"},{"taxonomy":"product_tag","embeddable":true,"href":"https:\/\/nordicmart.andreevmaster.com\/fi\/wp-json\/wp\/v2\/product_tag?post=38819"}],"curies":[{"name":"wp","href":"https:\/\/api.w.org\/{rel}","templated":true}]}}