{"id":38818,"date":"2026-02-27T00:46:14","date_gmt":"2026-02-27T00:46:14","guid":{"rendered":"https:\/\/nordicmart.andreevmaster.com\/product\/tyyny-80-x-80-cm-tayte-1500-g-pehmea-paallinen-harjattua-polyesterikangasta-tyyny-konepestava-60ssa-sailytyspussin-kanssa-pilvenvalkoinen-2\/"},"modified":"2026-02-27T10:00:59","modified_gmt":"2026-02-27T10:00:59","slug":"tyyny-80-x-80-cm-tayte-1500-g-pehmea-paallinen-harjattua-polyesterikangasta-tyyny-konepestava-60ssa-sailytyspussin-kanssa-pilvenvalkoinen-2","status":"publish","type":"product","link":"https:\/\/nordicmart.andreevmaster.com\/fi\/tuote\/tyyny-80-x-80-cm-tayte-1500-g-pehmea-paallinen-harjattua-polyesterikangasta-tyyny-konepestava-60ssa-sailytyspussin-kanssa-pilvenvalkoinen-2\/","title":{"rendered":"Tyyny, 80 x 80 cm, t\u00e4yte 1500 g, pehme\u00e4 p\u00e4\u00e4llinen harjattua polyesterikangasta, tyyny, konepest\u00e4v\u00e4 60\u00b0:ssa, s\u00e4ilytyspussin kanssa, pilvenvalkoinen"},"content":{"rendered":"<p>[Runsaasti t\u00e4ytett\u00e4] 65 % p\u00f6rr\u00f6ist\u00e4 3D-polyesterikuitua ja 35 % kiinte\u00e4\u00e4 7D-polyesterikuitua, suhde on valittu useiden testien j\u00e4lkeen. Yhden tyynyn t\u00e4ytt\u00f6: Joka aamu her\u00e4\u00e4t t\u00e4ynn\u00e4 energiaa.[Pehme\u00e4 ja mukava p\u00e4\u00e4llinen] Tyynyt on p\u00e4\u00e4llystetty 110 GSM:n harjattua polyesterikangasta olevalla p\u00e4\u00e4llisell\u00e4, joka on miellytt\u00e4v\u00e4n tuntuinen ja tarjoaa paremman unenlaadun. V\u00e4h\u00e4n \u00e4rsytt\u00e4v\u00e4\u00e4 \u00e4\u00e4nt\u00e4 kankaan hankauksesta k\u00e4\u00e4ntyess\u00e4si[S\u00e4ilytyspussilla] T\u00e4m\u00e4n 80 x 80 cm:n tyynyn mukana tulee pussi, joka on k\u00e4tev\u00e4 kotis\u00e4ilytykseen ja helppo kuljettaa matkoilla tai retkeilless\u00e4.<\/p>\n<p>[Laadukas viimeistely] Tyynyn \u00e4\u00e4riviivat on tehty hienolla esteettisell\u00e4 kaksoisompeleella. Saumat ovat tiiviit ja kest\u00e4v\u00e4t aikaa<\/p>\n<p>[KONEPESU] Tyyny voidaan pest\u00e4 ja kuivata koneessa maltillisessa 60 \u00b0C:n l\u00e4mp\u00f6tilassa, mik\u00e4 takaa puhtauden mukavuudesta tinkim\u00e4tt\u00e4.Ominaisuudet: V\u00e4ri : Pilvenvalkoinen Materiaali: 3D-polyesterikuitua, 7D-polyesterikuitua.Tyynyn koko: 74 x 48 cm (L x S)<br \/>\nTyynyn paino: 0,85 kg<br \/>\nPakkauksen sis\u00e4lt\u00f6:<\/p>\n<p>1 x tyyny.<br \/>\n1 x s\u00e4ilytyspussi.<\/p>\n","protected":false},"excerpt":{"rendered":"<p>[Runsaasti t\u00e4ytett\u00e4] 65 % p\u00f6rr\u00f6ist\u00e4 3D-polyesterikuitua ja 35 % kiinte\u00e4\u00e4 7D-polyesterikuitua, suhde on valittu useiden testien j\u00e4lkeen. Yhden tyynyn t\u00e4ytt\u00f6: Joka aamu her\u00e4\u00e4t t\u00e4ynn\u00e4 energiaa.[Pehme\u00e4 ja mukava p\u00e4\u00e4llinen] Tyynyt on p\u00e4\u00e4llystetty 110 GSM:n harjattua polyesterikangasta olevalla p\u00e4\u00e4llisell\u00e4, joka on miellytt\u00e4v\u00e4n tuntuinen ja tarjoaa paremman unenlaadun. V\u00e4h\u00e4n \u00e4rsytt\u00e4v\u00e4\u00e4 \u00e4\u00e4nt\u00e4 kankaan hankauksesta k\u00e4\u00e4ntyess\u00e4si[S\u00e4ilytyspussilla] T\u00e4m\u00e4n 80 x 80 [&hellip;]<\/p>\n","protected":false},"featured_media":0,"comment_status":"open","ping_status":"closed","template":"","meta":[],"product_brand":[],"product_cat":[32],"product_tag":[],"class_list":{"0":"post-38818","1":"product","2":"type-product","3":"status-publish","5":"product_cat-uncategorized-fi","7":"first","8":"instock","9":"shipping-taxable","10":"product-type-simple"},"_links":{"self":[{"href":"https:\/\/nordicmart.andreevmaster.com\/fi\/wp-json\/wp\/v2\/product\/38818","targetHints":{"allow":["GET"]}}],"collection":[{"href":"https:\/\/nordicmart.andreevmaster.com\/fi\/wp-json\/wp\/v2\/product"}],"about":[{"href":"https:\/\/nordicmart.andreevmaster.com\/fi\/wp-json\/wp\/v2\/types\/product"}],"replies":[{"embeddable":true,"href":"https:\/\/nordicmart.andreevmaster.com\/fi\/wp-json\/wp\/v2\/comments?post=38818"}],"wp:attachment":[{"href":"https:\/\/nordicmart.andreevmaster.com\/fi\/wp-json\/wp\/v2\/media?parent=38818"}],"wp:term":[{"taxonomy":"product_brand","embeddable":true,"href":"https:\/\/nordicmart.andreevmaster.com\/fi\/wp-json\/wp\/v2\/product_brand?post=38818"},{"taxonomy":"product_cat","embeddable":true,"href":"https:\/\/nordicmart.andreevmaster.com\/fi\/wp-json\/wp\/v2\/product_cat?post=38818"},{"taxonomy":"product_tag","embeddable":true,"href":"https:\/\/nordicmart.andreevmaster.com\/fi\/wp-json\/wp\/v2\/product_tag?post=38818"}],"curies":[{"name":"wp","href":"https:\/\/api.w.org\/{rel}","templated":true}]}}