{"id":38817,"date":"2026-02-27T00:46:13","date_gmt":"2026-02-27T00:46:13","guid":{"rendered":"https:\/\/nordicmart.andreevmaster.com\/product\/tyynyt-40-x-80-cm-2-kpl-800-g-tayte-pehmea-harjattu-polyesterikangaspinta-tyyny-konepestava-60ssa-sailytyspussi-pilvenvalkoinen-2\/"},"modified":"2026-02-27T10:00:59","modified_gmt":"2026-02-27T10:00:59","slug":"tyynyt-40-x-80-cm-2-kpl-800-g-tayte-pehmea-harjattu-polyesterikangaspinta-tyyny-konepestava-60ssa-sailytyspussi-pilvenvalkoinen-2","status":"publish","type":"product","link":"https:\/\/nordicmart.andreevmaster.com\/fi\/tuote\/tyynyt-40-x-80-cm-2-kpl-800-g-tayte-pehmea-harjattu-polyesterikangaspinta-tyyny-konepestava-60ssa-sailytyspussi-pilvenvalkoinen-2\/","title":{"rendered":"Tyynyt 40 x 80 cm, 2 kpl, 800 g t\u00e4yte, pehme\u00e4 harjattu polyesterikangaspinta, tyyny, konepest\u00e4v\u00e4 60\u00b0:ssa, s\u00e4ilytyspussi, pilvenvalkoinen"},"content":{"rendered":"","protected":false},"excerpt":{"rendered":"","protected":false},"featured_media":0,"comment_status":"open","ping_status":"closed","template":"","meta":[],"product_brand":[],"product_cat":[32],"product_tag":[],"class_list":{"0":"post-38817","1":"product","2":"type-product","3":"status-publish","5":"product_cat-uncategorized-fi","7":"first","8":"instock","9":"shipping-taxable","10":"product-type-simple"},"_links":{"self":[{"href":"https:\/\/nordicmart.andreevmaster.com\/fi\/wp-json\/wp\/v2\/product\/38817","targetHints":{"allow":["GET"]}}],"collection":[{"href":"https:\/\/nordicmart.andreevmaster.com\/fi\/wp-json\/wp\/v2\/product"}],"about":[{"href":"https:\/\/nordicmart.andreevmaster.com\/fi\/wp-json\/wp\/v2\/types\/product"}],"replies":[{"embeddable":true,"href":"https:\/\/nordicmart.andreevmaster.com\/fi\/wp-json\/wp\/v2\/comments?post=38817"}],"wp:attachment":[{"href":"https:\/\/nordicmart.andreevmaster.com\/fi\/wp-json\/wp\/v2\/media?parent=38817"}],"wp:term":[{"taxonomy":"product_brand","embeddable":true,"href":"https:\/\/nordicmart.andreevmaster.com\/fi\/wp-json\/wp\/v2\/product_brand?post=38817"},{"taxonomy":"product_cat","embeddable":true,"href":"https:\/\/nordicmart.andreevmaster.com\/fi\/wp-json\/wp\/v2\/product_cat?post=38817"},{"taxonomy":"product_tag","embeddable":true,"href":"https:\/\/nordicmart.andreevmaster.com\/fi\/wp-json\/wp\/v2\/product_tag?post=38817"}],"curies":[{"name":"wp","href":"https:\/\/api.w.org\/{rel}","templated":true}]}}