{"id":38815,"date":"2026-02-27T00:46:13","date_gmt":"2026-02-27T00:46:13","guid":{"rendered":"https:\/\/nordicmart.andreevmaster.com\/product\/toteme-botanic-vaatekaappi\/"},"modified":"2026-02-27T10:00:58","modified_gmt":"2026-02-27T10:00:58","slug":"toteme-botanic-vaatekaappi","status":"publish","type":"product","link":"https:\/\/nordicmart.andreevmaster.com\/fi\/tuote\/toteme-botanic-vaatekaappi\/","title":{"rendered":"Toteme botanic vaatekaappi"},"content":{"rendered":"<p>Korkea ja tilava kaksioinen vaatekaappi, jonka alaosassa on piilotettu laatikko, on v\u00e4ltt\u00e4m\u00e4t\u00f6n jokaisessa lastenhuoneessa. Se auttaa pit\u00e4m\u00e4\u00e4n tilan siistin\u00e4 ja s\u00e4ilytt\u00e4m\u00e4\u00e4n kaiken liinavaatteista ja vaatteista leluihin. Vaatekaappi on jaettu kolmeen osaan \u2013 vasemmalla puolella on yksi s\u00e4\u00e4dett\u00e4v\u00e4 hylly ja kaksi ripustuskiskoa, oikealla puolella on s\u00e4\u00e4dett\u00e4v\u00e4t hyllyt ja osassa on laatikko, jossa on \u201dpush to open\u201d -j\u00e4rjestelm\u00e4. Huolellisesti suunniteltu sisustus ja s\u00e4\u00e4dett\u00e4v\u00e4t hyllyt ja kiskot tekev\u00e4t vaatekaapista mukautuvan k\u00e4ytt\u00e4j\u00e4n yksil\u00f6llisiin tarpeisiin. Lis\u00e4ksi voit valita useista ovien pintak\u00e4sittelyist\u00e4: koristeltu kosketusherk\u00e4ll\u00e4 kuviolla: geometrinen tai kasvitieteellinen.<br \/>\n **T\u00e4rkeimm\u00e4t ominaisuudet:**<br \/>\n &#8211; tilava sis\u00e4lokero<br \/>\n &#8211; oikealla puolella 5 hylly\u00e4, joista 4 on s\u00e4\u00e4dett\u00e4viss\u00e4; vasemmalla puolella 2 ripustustankoa ja yksi s\u00e4\u00e4dett\u00e4v\u00e4 hylly<br \/>\n &#8211; voidaan kiinnitt\u00e4\u00e4 sein\u00e4\u00e4n \u2013 suositeltavaa<br \/>\n &#8211; t\u00e4ytt\u00e4\u00e4 eurooppalaiset standardit ja turvallisuusvaatimukset<br \/>\n **Mitat (cm):<br \/>\n **korkeus: 200<br \/>\n syvyys: 50<br \/>\n leveys: 90 V\u00e4rit:<br \/>\n &#8211; valkoinen, tammi, kaikki mattapintaiset <\/p>\n<p> Materiaalit ja viimeistely:<br \/>\n &#8211; ovet on valmistettu MDF-levyst\u00e4, joka on p\u00e4\u00e4llystetty mattavalkoisella kalvolla, joka kest\u00e4\u00e4 paremmin naarmuja, vaurioita ja sormenj\u00e4lki\u00e4 &#8211; sivut ja sis\u00e4osat on valmistettu korkealaatuisesta laminaattilevyst\u00e4, joka kest\u00e4\u00e4 kulutusta ja kosteutta ja on helppo puhdistaa ja huoltaa &#8211; jalat on valmistettu tammesta<br \/>\n &#8211; laatikot ja ovet on varustettu &#8221;push to open&#8221; -j\u00e4rjestelm\u00e4ll\u00e4 &#8211; korkealaatuiset Hafele-vetokiskot &#8211; huonekalut voidaan kiinnitt\u00e4\u00e4 sein\u00e4\u00e4n &#8211; suositeltava &#8211; valmistusprosessissa k\u00e4ytetty folio t\u00e4ytt\u00e4\u00e4 ISO PN-EN ISO 90001:2015 -laatustandardin sek\u00e4 ISO PN-EN ISO 14001:2015 -ymp\u00e4rist\u00f6standardin vaatimukset<br \/>\n **Huolto:<br \/>\n **Pyyhi pehme\u00e4ll\u00e4, vedell\u00e4 tai huonekalujen hoitoon tarkoitetulla tuotteella kostutetulla puuvillakankaalla.**<br \/>\n Lis\u00e4tietoja:<br \/>\n **Huonekalut toimitetaan itse koottavina pakkauksina. Pakkaus sis\u00e4lt\u00e4\u00e4 asennusohjeet sek\u00e4 tarvikkeet (pultit jne.).<\/p>\n","protected":false},"excerpt":{"rendered":"<p>Korkea ja tilava kaksioinen vaatekaappi, jonka alaosassa on piilotettu laatikko, on v\u00e4ltt\u00e4m\u00e4t\u00f6n jokaisessa lastenhuoneessa. Se auttaa pit\u00e4m\u00e4\u00e4n tilan siistin\u00e4 ja s\u00e4ilytt\u00e4m\u00e4\u00e4n kaiken liinavaatteista ja vaatteista leluihin. Vaatekaappi on jaettu kolmeen osaan \u2013 vasemmalla puolella on yksi s\u00e4\u00e4dett\u00e4v\u00e4 hylly ja kaksi ripustuskiskoa, oikealla puolella on s\u00e4\u00e4dett\u00e4v\u00e4t hyllyt ja osassa on laatikko, jossa on \u201dpush to open\u201d [&hellip;]<\/p>\n","protected":false},"featured_media":0,"comment_status":"open","ping_status":"closed","template":"","meta":[],"product_brand":[],"product_cat":[32],"product_tag":[],"class_list":{"0":"post-38815","1":"product","2":"type-product","3":"status-publish","5":"product_cat-uncategorized-fi","7":"first","8":"instock","9":"shipping-taxable","10":"purchasable","11":"product-type-simple"},"_links":{"self":[{"href":"https:\/\/nordicmart.andreevmaster.com\/fi\/wp-json\/wp\/v2\/product\/38815","targetHints":{"allow":["GET"]}}],"collection":[{"href":"https:\/\/nordicmart.andreevmaster.com\/fi\/wp-json\/wp\/v2\/product"}],"about":[{"href":"https:\/\/nordicmart.andreevmaster.com\/fi\/wp-json\/wp\/v2\/types\/product"}],"replies":[{"embeddable":true,"href":"https:\/\/nordicmart.andreevmaster.com\/fi\/wp-json\/wp\/v2\/comments?post=38815"}],"wp:attachment":[{"href":"https:\/\/nordicmart.andreevmaster.com\/fi\/wp-json\/wp\/v2\/media?parent=38815"}],"wp:term":[{"taxonomy":"product_brand","embeddable":true,"href":"https:\/\/nordicmart.andreevmaster.com\/fi\/wp-json\/wp\/v2\/product_brand?post=38815"},{"taxonomy":"product_cat","embeddable":true,"href":"https:\/\/nordicmart.andreevmaster.com\/fi\/wp-json\/wp\/v2\/product_cat?post=38815"},{"taxonomy":"product_tag","embeddable":true,"href":"https:\/\/nordicmart.andreevmaster.com\/fi\/wp-json\/wp\/v2\/product_tag?post=38815"}],"curies":[{"name":"wp","href":"https:\/\/api.w.org\/{rel}","templated":true}]}}