{"id":38813,"date":"2026-02-27T00:46:12","date_gmt":"2026-02-27T00:46:12","guid":{"rendered":"https:\/\/nordicmart.andreevmaster.com\/product\/toteme-nomi-vaihtopoyta\/"},"modified":"2026-02-27T10:00:58","modified_gmt":"2026-02-27T10:00:58","slug":"toteme-nomi-vaihtopoyta","status":"publish","type":"product","link":"https:\/\/nordicmart.andreevmaster.com\/fi\/tuote\/toteme-nomi-vaihtopoyta\/","title":{"rendered":"Toteme\/ Nomi-vaihtop\u00f6yt\u00e4"},"content":{"rendered":"<p>Vaihtop\u00f6yt\u00e4 on v\u00e4ltt\u00e4m\u00e4t\u00f6n jokaisessa vauvan huoneessa. Se luo turvallisen ja mukavan tilan p\u00e4ivitt\u00e4iseen hoitoon ja vaippojen vaihtoon. Toteme-vaihtop\u00f6yt\u00e4 asennetaan keskelle lipastoa, ja sen molemmin puolin on helposti k\u00e4ytett\u00e4viss\u00e4 oleva tila kaikille tarvitsemillesi tarvikkeille. Vaihtop\u00f6yt\u00e4mme koko on valittu huolellisesti, jotta se takaa maksimaalisen turvallisuuden pienokaisellesi. Ei-invasiivinen kiinnitysj\u00e4rjestelm\u00e4 j\u00e4tt\u00e4\u00e4 lipaston ehj\u00e4ksi, kun p\u00e4\u00e4t\u00e4t poistaa vaihtop\u00f6yd\u00e4n ja jatkaa lipaston k\u00e4ytt\u00f6\u00e4 s\u00e4ilytystilana.                               **T\u00e4rkeimm\u00e4t ominaisuudet:** &#8211; t\u00e4ytt\u00e4\u00e4 eurooppalaiset standardit ja turvallisuusvaatimukset &#8211; keskelle sijoitettu lipaston p\u00e4\u00e4lle   Materiaalit ja viimeistely: &#8211; laminoitu levy, mattavalkoinen <\/p>\n<p> Mitat (cm): pituus: 75,9<br \/>\n leveys: 60,2<br \/>\n korkeus: 9,6<br \/>\n **Lis\u00e4tietoja:<br \/>\n **- hoitop\u00f6yt\u00e4 on yhteensopiva kangasvuorauksien\/hoitomattojen kanssa, joiden mitat ovat enint\u00e4\u00e4n cm x 75 cm<br \/>\n &#8211; enimm\u00e4iskuorma: vauva enint\u00e4\u00e4n 15 kg **<br \/>\n ****V\u00e4rit:<br \/>\n **- valkoinen mattapintainen<\/p>\n","protected":false},"excerpt":{"rendered":"<p>Vaihtop\u00f6yt\u00e4 on v\u00e4ltt\u00e4m\u00e4t\u00f6n jokaisessa vauvan huoneessa. Se luo turvallisen ja mukavan tilan p\u00e4ivitt\u00e4iseen hoitoon ja vaippojen vaihtoon. Toteme-vaihtop\u00f6yt\u00e4 asennetaan keskelle lipastoa, ja sen molemmin puolin on helposti k\u00e4ytett\u00e4viss\u00e4 oleva tila kaikille tarvitsemillesi tarvikkeille. Vaihtop\u00f6yt\u00e4mme koko on valittu huolellisesti, jotta se takaa maksimaalisen turvallisuuden pienokaisellesi. Ei-invasiivinen kiinnitysj\u00e4rjestelm\u00e4 j\u00e4tt\u00e4\u00e4 lipaston ehj\u00e4ksi, kun p\u00e4\u00e4t\u00e4t poistaa vaihtop\u00f6yd\u00e4n ja jatkaa [&hellip;]<\/p>\n","protected":false},"featured_media":0,"comment_status":"open","ping_status":"closed","template":"","meta":[],"product_brand":[],"product_cat":[32],"product_tag":[],"class_list":{"0":"post-38813","1":"product","2":"type-product","3":"status-publish","5":"product_cat-uncategorized-fi","7":"first","8":"instock","9":"shipping-taxable","10":"purchasable","11":"product-type-simple"},"_links":{"self":[{"href":"https:\/\/nordicmart.andreevmaster.com\/fi\/wp-json\/wp\/v2\/product\/38813","targetHints":{"allow":["GET"]}}],"collection":[{"href":"https:\/\/nordicmart.andreevmaster.com\/fi\/wp-json\/wp\/v2\/product"}],"about":[{"href":"https:\/\/nordicmart.andreevmaster.com\/fi\/wp-json\/wp\/v2\/types\/product"}],"replies":[{"embeddable":true,"href":"https:\/\/nordicmart.andreevmaster.com\/fi\/wp-json\/wp\/v2\/comments?post=38813"}],"wp:attachment":[{"href":"https:\/\/nordicmart.andreevmaster.com\/fi\/wp-json\/wp\/v2\/media?parent=38813"}],"wp:term":[{"taxonomy":"product_brand","embeddable":true,"href":"https:\/\/nordicmart.andreevmaster.com\/fi\/wp-json\/wp\/v2\/product_brand?post=38813"},{"taxonomy":"product_cat","embeddable":true,"href":"https:\/\/nordicmart.andreevmaster.com\/fi\/wp-json\/wp\/v2\/product_cat?post=38813"},{"taxonomy":"product_tag","embeddable":true,"href":"https:\/\/nordicmart.andreevmaster.com\/fi\/wp-json\/wp\/v2\/product_tag?post=38813"}],"curies":[{"name":"wp","href":"https:\/\/api.w.org\/{rel}","templated":true}]}}