{"id":38812,"date":"2026-02-27T00:46:11","date_gmt":"2026-02-27T00:46:11","guid":{"rendered":"https:\/\/nordicmart.andreevmaster.com\/product\/toteme-botanic-sanky-vuode-70x140\/"},"modified":"2026-02-27T10:00:58","modified_gmt":"2026-02-27T10:00:58","slug":"toteme-botanic-sanky-vuode-70x140","status":"publish","type":"product","link":"https:\/\/nordicmart.andreevmaster.com\/fi\/tuote\/toteme-botanic-sanky-vuode-70x140\/","title":{"rendered":"Toteme botanic -s\u00e4nky\/vuode 70&#215;140"},"content":{"rendered":"<p>Mukava ja turvallinen s\u00e4nky, jossa lapsesi lep\u00e4\u00e4, leikkii ja unelmoi, on jokaisen lastenhuoneen keskipiste. Toteme-sarjan pinnas\u00e4ngyt t\u00e4ytt\u00e4v\u00e4t tiukat turvallisuusvaatimukset, mik\u00e4 tekee niist\u00e4 yst\u00e4v\u00e4llisen tilan kaikille lapsille. Kolmella korkeudella s\u00e4\u00e4dett\u00e4v\u00e4n s\u00e4ngyn pohjan ja kahden irrotettavan sivukaiteen ansiosta s\u00e4nky kasvaa lapsen mukana ja mukautuu h\u00e4nen kehitykseens\u00e4 vastasyntyneest\u00e4 (korkein patjan asento) istumaan oppimiseen (keskimm\u00e4inen asento) ja k\u00e4velem\u00e4\u00e4n ja maailmaa tutkimaan (matalin patjan asento, irrotetut kaiteet). S\u00e4nky voidaan helposti muuttaa p\u00e4iv\u00e4vuoteeksi poistamalla toinen sivukaiteista.   **T\u00e4rkeimm\u00e4t ominaisuudet:<br \/>\n **- t\u00e4ytt\u00e4\u00e4 eurooppalaiset standardit ja turvallisuusvaatimukset**<br \/>\n **- **kaksi irrotettavaa kaidetta** s\u00e4ngyn toisella puolella mahdollistavat lapsen vapaan p\u00e4\u00e4syn s\u00e4nkyyn ja s\u00e4ngyst\u00e4 &#8211; **kolmelle korkeudelle s\u00e4\u00e4dett\u00e4v\u00e4 s\u00e4ngynpohja** mahdollistaa s\u00e4ngyn mukauttamisen lapsen kehitykseen (27,1 cm\/ 44,7 cm\/ 57,5 cm lattiasta)**<br \/>\n ****- voidaan muuttaa p\u00e4iv\u00e4vuoteeksi** poistamalla yksi sivupalkki<br \/>\n  Materiaalit ja viimeistely:<br \/>\n &#8211; p\u00e4\u00e4dyt ja paneelit s\u00e4ngyn rungon alla on valmistettu MDF-levyst\u00e4, joka on p\u00e4\u00e4llystetty mattavalkoisella kalvolla, joka kest\u00e4\u00e4 paremmin naarmuja, vaurioita ja sormenj\u00e4lki\u00e4 &#8211; jalat on valmistettu tammesta &#8211; tangot on valmistettu valkoiseksi lakatusta py\u00f6kkipuusta, joka on lapsiturvallista ja sertifioitu EN71\/3-standardin mukaisesti<br \/>\n &#8211; t\u00e4ss\u00e4 huonekalussa k\u00e4ytetyt maalit ovat lapsille turvallisia, sertifioituja EN71\/3-standardin mukaisesti ja allergeenittomia. &#8211; valmistusprosessissa k\u00e4ytetty folio on ISO PN-EN ISO 90001:2015 -laatustandardin sek\u00e4 ISO PN-EN ISO 14001:2015 -ymp\u00e4rist\u00f6standardin mukainen **Mitat (cm):<br \/>\n **korkeus: 89,7<br \/>\n syvyys: 143,7<br \/>\n leveys: 74,2 **V\u00e4rit:<br \/>\n **- valkoinen, tammi, kaikki mattapintaiset <\/p>\n<p> **Hoito:<br \/>\n **Pyyhi pehme\u00e4ll\u00e4, vedell\u00e4 kostutetulla puuvillakankaalla tai huonekalujen hoitoon tarkoitetulla tuotteella.**<br \/>\n Lis\u00e4tietoja:<br \/>\n **Huonekalut toimitetaan itse koottavina pakkauksina. Pakkaus sis\u00e4lt\u00e4\u00e4 asennusohjeet ja tarvikkeet (pultit jne.).<\/p>\n","protected":false},"excerpt":{"rendered":"<p>Mukava ja turvallinen s\u00e4nky, jossa lapsesi lep\u00e4\u00e4, leikkii ja unelmoi, on jokaisen lastenhuoneen keskipiste. Toteme-sarjan pinnas\u00e4ngyt t\u00e4ytt\u00e4v\u00e4t tiukat turvallisuusvaatimukset, mik\u00e4 tekee niist\u00e4 yst\u00e4v\u00e4llisen tilan kaikille lapsille. Kolmella korkeudella s\u00e4\u00e4dett\u00e4v\u00e4n s\u00e4ngyn pohjan ja kahden irrotettavan sivukaiteen ansiosta s\u00e4nky kasvaa lapsen mukana ja mukautuu h\u00e4nen kehitykseens\u00e4 vastasyntyneest\u00e4 (korkein patjan asento) istumaan oppimiseen (keskimm\u00e4inen asento) ja k\u00e4velem\u00e4\u00e4n ja [&hellip;]<\/p>\n","protected":false},"featured_media":0,"comment_status":"open","ping_status":"closed","template":"","meta":[],"product_brand":[],"product_cat":[32],"product_tag":[],"class_list":{"0":"post-38812","1":"product","2":"type-product","3":"status-publish","5":"product_cat-uncategorized-fi","7":"first","8":"instock","9":"shipping-taxable","10":"purchasable","11":"product-type-simple"},"_links":{"self":[{"href":"https:\/\/nordicmart.andreevmaster.com\/fi\/wp-json\/wp\/v2\/product\/38812","targetHints":{"allow":["GET"]}}],"collection":[{"href":"https:\/\/nordicmart.andreevmaster.com\/fi\/wp-json\/wp\/v2\/product"}],"about":[{"href":"https:\/\/nordicmart.andreevmaster.com\/fi\/wp-json\/wp\/v2\/types\/product"}],"replies":[{"embeddable":true,"href":"https:\/\/nordicmart.andreevmaster.com\/fi\/wp-json\/wp\/v2\/comments?post=38812"}],"wp:attachment":[{"href":"https:\/\/nordicmart.andreevmaster.com\/fi\/wp-json\/wp\/v2\/media?parent=38812"}],"wp:term":[{"taxonomy":"product_brand","embeddable":true,"href":"https:\/\/nordicmart.andreevmaster.com\/fi\/wp-json\/wp\/v2\/product_brand?post=38812"},{"taxonomy":"product_cat","embeddable":true,"href":"https:\/\/nordicmart.andreevmaster.com\/fi\/wp-json\/wp\/v2\/product_cat?post=38812"},{"taxonomy":"product_tag","embeddable":true,"href":"https:\/\/nordicmart.andreevmaster.com\/fi\/wp-json\/wp\/v2\/product_tag?post=38812"}],"curies":[{"name":"wp","href":"https:\/\/api.w.org\/{rel}","templated":true}]}}