{"id":38811,"date":"2026-02-27T00:46:11","date_gmt":"2026-02-27T00:46:11","guid":{"rendered":"https:\/\/nordicmart.andreevmaster.com\/product\/toteme-botanic-3-laatikkoinen-lipasto\/"},"modified":"2026-02-27T10:00:58","modified_gmt":"2026-02-27T10:00:58","slug":"toteme-botanic-3-laatikkoinen-lipasto","status":"publish","type":"product","link":"https:\/\/nordicmart.andreevmaster.com\/fi\/tuote\/toteme-botanic-3-laatikkoinen-lipasto\/","title":{"rendered":"Toteme botanic 3-laatikkoinen lipasto"},"content":{"rendered":"<p>T\u00e4m\u00e4 lipasto on v\u00e4ltt\u00e4m\u00e4t\u00f6n lastenhuoneessa, ja se muuttuu t\u00e4ydelliseksi vauvanhoitopisteeksi, kun sen p\u00e4\u00e4lle asennetaan hoitop\u00f6yt\u00e4 (keskelle). Tilaviin laatikoihin mahtuu kaikki tarvittavat tarvikkeet, vaatteet, lelut ja muut lasten aarteet. Laatikoita on saatavana useina eri malleina: koristeltuina kahdella eri kuviolla: geometrisella tai kasvitieteellisell\u00e4. **T\u00e4rkeimm\u00e4t ominaisuudet:<br \/>\n **- kolme tilavaa laatikkoa<br \/>\n &#8211; voidaan yhdist\u00e4\u00e4 hoitop\u00f6yt\u00e4\u00e4n<br \/>\n &#8211; voidaan kiinnitt\u00e4\u00e4 sein\u00e4\u00e4n &#8211; suositeltavaa<br \/>\n &#8211; t\u00e4ytt\u00e4\u00e4 eurooppalaiset standardit ja turvallisuusvaatimukset<br \/>\n **<br \/>\n Mitat (cm):<br \/>\n **korkeus: 91<br \/>\n syvyys: 50<br \/>\n leveys: 90<br \/>\n  V\u00e4rit:<br \/>\n &#8211; valkoinen, tammi, kaikki mattapintaiset <\/p>\n<p> Materiaalit ja viimeistely:<br \/>\n &#8211; yl\u00e4osa, laatikoiden etuosat ja sivut on valmistettu MDF-levyst\u00e4, joka on p\u00e4\u00e4llystetty mattavalkoisella folioilla, joka kest\u00e4\u00e4 paremmin naarmuja, vaurioita ja sormenj\u00e4lki\u00e4 &#8211; runko on valmistettu korkealaatuisesta laminaattilevyst\u00e4, joka kest\u00e4\u00e4 kulutusta ja kosteutta ja on helppo puhdistaa ja huoltaa &#8211; jalat on valmistettu tammesta<br \/>\n &#8211; laatikot ja ovet on varustettu &#8221;push to open&#8221; -j\u00e4rjestelm\u00e4ll\u00e4 &#8211; korkealaatuiset Hafele-vetokiskot &#8211; huonekalut voidaan kiinnitt\u00e4\u00e4 sein\u00e4\u00e4n &#8211; suositeltavaa &#8211; valmistuksessa k\u00e4ytetty folio t\u00e4ytt\u00e4\u00e4 ISO PN-EN ISO 90001:2015 -laatustandardin sek\u00e4 ISO PN-EN ISO 14001:2015 -ymp\u00e4rist\u00f6standardin vaatimukset.<br \/>\n **Hoito:<br \/>\n **Pyyhi pehme\u00e4ll\u00e4, vedell\u00e4 tai huonekalujen hoitoon tarkoitetulla tuotteella kostutetulla puuvillakankaalla.**<br \/>\n Lis\u00e4tietoja:<br \/>\n **Huonekalut toimitetaan itse koottavina pakkauksina. Pakkaus sis\u00e4lt\u00e4\u00e4 asennusohjeet sek\u00e4 tarvikkeet (pultit jne.).<\/p>\n","protected":false},"excerpt":{"rendered":"<p>T\u00e4m\u00e4 lipasto on v\u00e4ltt\u00e4m\u00e4t\u00f6n lastenhuoneessa, ja se muuttuu t\u00e4ydelliseksi vauvanhoitopisteeksi, kun sen p\u00e4\u00e4lle asennetaan hoitop\u00f6yt\u00e4 (keskelle). Tilaviin laatikoihin mahtuu kaikki tarvittavat tarvikkeet, vaatteet, lelut ja muut lasten aarteet. Laatikoita on saatavana useina eri malleina: koristeltuina kahdella eri kuviolla: geometrisella tai kasvitieteellisell\u00e4. **T\u00e4rkeimm\u00e4t ominaisuudet: **- kolme tilavaa laatikkoa &#8211; voidaan yhdist\u00e4\u00e4 hoitop\u00f6yt\u00e4\u00e4n &#8211; voidaan kiinnitt\u00e4\u00e4 sein\u00e4\u00e4n [&hellip;]<\/p>\n","protected":false},"featured_media":0,"comment_status":"open","ping_status":"closed","template":"","meta":[],"product_brand":[],"product_cat":[32],"product_tag":[],"class_list":{"0":"post-38811","1":"product","2":"type-product","3":"status-publish","5":"product_cat-uncategorized-fi","7":"first","8":"instock","9":"shipping-taxable","10":"purchasable","11":"product-type-simple"},"_links":{"self":[{"href":"https:\/\/nordicmart.andreevmaster.com\/fi\/wp-json\/wp\/v2\/product\/38811","targetHints":{"allow":["GET"]}}],"collection":[{"href":"https:\/\/nordicmart.andreevmaster.com\/fi\/wp-json\/wp\/v2\/product"}],"about":[{"href":"https:\/\/nordicmart.andreevmaster.com\/fi\/wp-json\/wp\/v2\/types\/product"}],"replies":[{"embeddable":true,"href":"https:\/\/nordicmart.andreevmaster.com\/fi\/wp-json\/wp\/v2\/comments?post=38811"}],"wp:attachment":[{"href":"https:\/\/nordicmart.andreevmaster.com\/fi\/wp-json\/wp\/v2\/media?parent=38811"}],"wp:term":[{"taxonomy":"product_brand","embeddable":true,"href":"https:\/\/nordicmart.andreevmaster.com\/fi\/wp-json\/wp\/v2\/product_brand?post=38811"},{"taxonomy":"product_cat","embeddable":true,"href":"https:\/\/nordicmart.andreevmaster.com\/fi\/wp-json\/wp\/v2\/product_cat?post=38811"},{"taxonomy":"product_tag","embeddable":true,"href":"https:\/\/nordicmart.andreevmaster.com\/fi\/wp-json\/wp\/v2\/product_tag?post=38811"}],"curies":[{"name":"wp","href":"https:\/\/api.w.org\/{rel}","templated":true}]}}