{"id":38808,"date":"2026-02-27T00:46:08","date_gmt":"2026-02-27T00:46:08","guid":{"rendered":"https:\/\/nordicmart.andreevmaster.com\/product\/songmics-home-vintage-matto-200-x-290-cm-luistamaton-cappuccinobeige\/"},"modified":"2026-02-27T10:00:57","modified_gmt":"2026-02-27T10:00:57","slug":"songmics-home-vintage-matto-200-x-290-cm-luistamaton-cappuccinobeige","status":"publish","type":"product","link":"https:\/\/nordicmart.andreevmaster.com\/fi\/tuote\/songmics-home-vintage-matto-200-x-290-cm-luistamaton-cappuccinobeige\/","title":{"rendered":"SONGMICS HOME Vintage-matto 200 x 290 cm, luistamaton, cappuccinobeige"},"content":{"rendered":"<p>SONGMICS HOME Vintage-matto, 160 x 230 cm, olohuoneen matto, makuuhuoneen matto, pest\u00e4v\u00e4 matto, luistamaton matto, keitti\u00f6\u00f6n, eteiseen, ruokailuhuoneeseen, cappuccinobeige TAR033L01<br \/>\nV\u00e4ri: kamelinruskea<br \/>\nMateriaali: 700 g\/m\u00b2 polyesteri\u00e4 (\u00b115 g\/m\u00b2), 200 g\/m\u00b2 huopaa (\u00b15 g\/m\u00b2), 650 g\/m\u00b2 TPR:\u00e4\u00e4 (termoplastista kumia) (\u00b110 g\/m\u00b2)<br \/>\nKoko<br \/>\nPituus: 290 cm<br \/>\nLeveys: 200 cm<br \/>\nPaino: 9 kg<\/p>\n","protected":false},"excerpt":{"rendered":"<p>SONGMICS HOME Vintage-matto, 160 x 230 cm, olohuoneen matto, makuuhuoneen matto, pest\u00e4v\u00e4 matto, luistamaton matto, keitti\u00f6\u00f6n, eteiseen, ruokailuhuoneeseen, cappuccinobeige TAR033L01<\/p>\n","protected":false},"featured_media":46542,"comment_status":"open","ping_status":"closed","template":"","meta":[],"product_brand":[],"product_cat":[32],"product_tag":[],"class_list":{"0":"post-38808","1":"product","2":"type-product","3":"status-publish","4":"has-post-thumbnail","6":"product_cat-uncategorized-fi","8":"first","9":"instock","10":"shipping-taxable","11":"purchasable","12":"product-type-simple"},"_links":{"self":[{"href":"https:\/\/nordicmart.andreevmaster.com\/fi\/wp-json\/wp\/v2\/product\/38808","targetHints":{"allow":["GET"]}}],"collection":[{"href":"https:\/\/nordicmart.andreevmaster.com\/fi\/wp-json\/wp\/v2\/product"}],"about":[{"href":"https:\/\/nordicmart.andreevmaster.com\/fi\/wp-json\/wp\/v2\/types\/product"}],"replies":[{"embeddable":true,"href":"https:\/\/nordicmart.andreevmaster.com\/fi\/wp-json\/wp\/v2\/comments?post=38808"}],"wp:featuredmedia":[{"embeddable":true,"href":"https:\/\/nordicmart.andreevmaster.com\/fi\/wp-json\/wp\/v2\/media\/46542"}],"wp:attachment":[{"href":"https:\/\/nordicmart.andreevmaster.com\/fi\/wp-json\/wp\/v2\/media?parent=38808"}],"wp:term":[{"taxonomy":"product_brand","embeddable":true,"href":"https:\/\/nordicmart.andreevmaster.com\/fi\/wp-json\/wp\/v2\/product_brand?post=38808"},{"taxonomy":"product_cat","embeddable":true,"href":"https:\/\/nordicmart.andreevmaster.com\/fi\/wp-json\/wp\/v2\/product_cat?post=38808"},{"taxonomy":"product_tag","embeddable":true,"href":"https:\/\/nordicmart.andreevmaster.com\/fi\/wp-json\/wp\/v2\/product_tag?post=38808"}],"curies":[{"name":"wp","href":"https:\/\/api.w.org\/{rel}","templated":true}]}}