{"id":38806,"date":"2026-02-27T00:46:06","date_gmt":"2026-02-27T00:46:06","guid":{"rendered":"https:\/\/nordicmart.andreevmaster.com\/product\/songmics-home-boho-matto-200-x-290-cm-pehmea-cappuccinobeige\/"},"modified":"2026-02-27T10:00:56","modified_gmt":"2026-02-27T10:00:56","slug":"songmics-home-boho-matto-200-x-290-cm-pehmea-cappuccinobeige","status":"publish","type":"product","link":"https:\/\/nordicmart.andreevmaster.com\/fi\/tuote\/songmics-home-boho-matto-200-x-290-cm-pehmea-cappuccinobeige\/","title":{"rendered":"SONGMICS HOME Boho-matto 200 x 290 cm, pehme\u00e4, cappuccinobeige"},"content":{"rendered":"<p>SONGMICS HOME Boho-matto, 120 x 170 cm, makuuhuoneen matto, olohuoneen matto, luistamaton matto, pest\u00e4v\u00e4 matto, pehme\u00e4, koriste, olohuoneeseen, hiekanbeige TAR027L02<br \/>\nV\u00e4ri: Cappuccinobeige<br \/>\nMateriaali: polyesteri, huopa, TPR (termoplastinen kumi)<br \/>\nKoko:<br \/>\nPituus: 290 cm<br \/>\nLeveys: 200 cm<br \/>\nPaino: 8,4 kg<\/p>\n","protected":false},"excerpt":{"rendered":"<p>SONGMICS HOME Boho-matto, 120 x 170 cm, makuuhuoneen matto, olohuoneen matto, luistamaton matto, pest\u00e4v\u00e4 matto, pehme\u00e4, koriste, olohuoneeseen, hiekanbeige TAR027L02<\/p>\n","protected":false},"featured_media":0,"comment_status":"open","ping_status":"closed","template":"","meta":[],"product_brand":[],"product_cat":[32],"product_tag":[],"class_list":{"0":"post-38806","1":"product","2":"type-product","3":"status-publish","5":"product_cat-uncategorized-fi","7":"first","8":"instock","9":"shipping-taxable","10":"purchasable","11":"product-type-simple"},"_links":{"self":[{"href":"https:\/\/nordicmart.andreevmaster.com\/fi\/wp-json\/wp\/v2\/product\/38806","targetHints":{"allow":["GET"]}}],"collection":[{"href":"https:\/\/nordicmart.andreevmaster.com\/fi\/wp-json\/wp\/v2\/product"}],"about":[{"href":"https:\/\/nordicmart.andreevmaster.com\/fi\/wp-json\/wp\/v2\/types\/product"}],"replies":[{"embeddable":true,"href":"https:\/\/nordicmart.andreevmaster.com\/fi\/wp-json\/wp\/v2\/comments?post=38806"}],"wp:attachment":[{"href":"https:\/\/nordicmart.andreevmaster.com\/fi\/wp-json\/wp\/v2\/media?parent=38806"}],"wp:term":[{"taxonomy":"product_brand","embeddable":true,"href":"https:\/\/nordicmart.andreevmaster.com\/fi\/wp-json\/wp\/v2\/product_brand?post=38806"},{"taxonomy":"product_cat","embeddable":true,"href":"https:\/\/nordicmart.andreevmaster.com\/fi\/wp-json\/wp\/v2\/product_cat?post=38806"},{"taxonomy":"product_tag","embeddable":true,"href":"https:\/\/nordicmart.andreevmaster.com\/fi\/wp-json\/wp\/v2\/product_tag?post=38806"}],"curies":[{"name":"wp","href":"https:\/\/api.w.org\/{rel}","templated":true}]}}