{"id":38802,"date":"2026-02-27T00:46:03","date_gmt":"2026-02-27T00:46:03","guid":{"rendered":"https:\/\/nordicmart.andreevmaster.com\/product\/songmics-home-vintage-tyylinen-matto-160-x-230-cm-konepestava-metsanvihrea\/"},"modified":"2026-02-27T10:00:55","modified_gmt":"2026-02-27T10:00:55","slug":"songmics-home-vintage-tyylinen-matto-160-x-230-cm-konepestava-metsanvihrea","status":"publish","type":"product","link":"https:\/\/nordicmart.andreevmaster.com\/fi\/tuote\/songmics-home-vintage-tyylinen-matto-160-x-230-cm-konepestava-metsanvihrea\/","title":{"rendered":"SONGMICS HOME Vintage-tyylinen matto 160 x 230 cm konepest\u00e4v\u00e4 mets\u00e4nvihre\u00e4"},"content":{"rendered":"<p>SONGMICS HOME matto, 160 x 230 cm, olohuoneen matto, vintage-tyyli, luistamaton matto, pehme\u00e4, koriste, olohuoneeseen, makuuhuoneeseen, konepest\u00e4v\u00e4, liuskekivi harmaa TAR129G01<br \/>\nV\u00e4ri: mets\u00e4nvihre\u00e4<br \/>\nMateriaali: polyesteri, huopa, TPR (termoplastinen kumi)<br \/>\nKoko:<br \/>\nPituus: 230 cm<br \/>\nLeveys: 160 cm<br \/>\nPaino: 4,9 kg<\/p>\n","protected":false},"excerpt":{"rendered":"<p>SONGMICS HOME matto, 160 x 230 cm, olohuoneen matto, vintage-tyyli, luistamaton matto, pehme\u00e4, koriste, olohuoneeseen, makuuhuoneeseen, konepest\u00e4v\u00e4, liuskekivi harmaa TAR129G01<\/p>\n","protected":false},"featured_media":46538,"comment_status":"open","ping_status":"closed","template":"","meta":[],"product_brand":[],"product_cat":[32],"product_tag":[],"class_list":{"0":"post-38802","1":"product","2":"type-product","3":"status-publish","4":"has-post-thumbnail","6":"product_cat-uncategorized-fi","8":"first","9":"instock","10":"shipping-taxable","11":"purchasable","12":"product-type-simple"},"_links":{"self":[{"href":"https:\/\/nordicmart.andreevmaster.com\/fi\/wp-json\/wp\/v2\/product\/38802","targetHints":{"allow":["GET"]}}],"collection":[{"href":"https:\/\/nordicmart.andreevmaster.com\/fi\/wp-json\/wp\/v2\/product"}],"about":[{"href":"https:\/\/nordicmart.andreevmaster.com\/fi\/wp-json\/wp\/v2\/types\/product"}],"replies":[{"embeddable":true,"href":"https:\/\/nordicmart.andreevmaster.com\/fi\/wp-json\/wp\/v2\/comments?post=38802"}],"wp:featuredmedia":[{"embeddable":true,"href":"https:\/\/nordicmart.andreevmaster.com\/fi\/wp-json\/wp\/v2\/media\/46538"}],"wp:attachment":[{"href":"https:\/\/nordicmart.andreevmaster.com\/fi\/wp-json\/wp\/v2\/media?parent=38802"}],"wp:term":[{"taxonomy":"product_brand","embeddable":true,"href":"https:\/\/nordicmart.andreevmaster.com\/fi\/wp-json\/wp\/v2\/product_brand?post=38802"},{"taxonomy":"product_cat","embeddable":true,"href":"https:\/\/nordicmart.andreevmaster.com\/fi\/wp-json\/wp\/v2\/product_cat?post=38802"},{"taxonomy":"product_tag","embeddable":true,"href":"https:\/\/nordicmart.andreevmaster.com\/fi\/wp-json\/wp\/v2\/product_tag?post=38802"}],"curies":[{"name":"wp","href":"https:\/\/api.w.org\/{rel}","templated":true}]}}