{"id":38801,"date":"2026-02-27T00:46:02","date_gmt":"2026-02-27T00:46:02","guid":{"rendered":"https:\/\/nordicmart.andreevmaster.com\/product\/songmics-home-matto-80-x-300-cm-konepestava-kamelinruskea\/"},"modified":"2026-02-27T10:00:55","modified_gmt":"2026-02-27T10:00:55","slug":"songmics-home-matto-80-x-300-cm-konepestava-kamelinruskea","status":"publish","type":"product","link":"https:\/\/nordicmart.andreevmaster.com\/fi\/tuote\/songmics-home-matto-80-x-300-cm-konepestava-kamelinruskea\/","title":{"rendered":"SONGMICS HOME matto 80 x 300 cm konepest\u00e4v\u00e4 kamelinruskea"},"content":{"rendered":"<p>SONGMICS HOME matto, 80 x 200 cm, olohuoneen matto, luistamaton matto, juuttimainen ulkon\u00e4k\u00f6, koriste, k\u00e4yt\u00e4v\u00e4\u00e4n, keitti\u00f6\u00f6n, makuuhuoneeseen, ruokailuhuoneeseen, konepest\u00e4v\u00e4, kamelinruskea TAR096K01<br \/>\nV\u00e4ri: kamelinruskea<br \/>\nMateriaali: 580 g\/m\u00b2 polyesteri, 200 g\/m\u00b2 huopa, 650 g\/m\u00b2 TPR (termoplastinen kumi)<br \/>\nKoko<br \/>\nPituus: 300 cm<br \/>\nLeveys: 80 cm<br \/>\nPaino: 3,4 kg<\/p>\n","protected":false},"excerpt":{"rendered":"<p>SONGMICS HOME matto, 80 x 200 cm, olohuoneen matto, luistamaton matto, juuttimainen ulkon\u00e4k\u00f6, koriste, k\u00e4yt\u00e4v\u00e4\u00e4n, keitti\u00f6\u00f6n, makuuhuoneeseen, ruokailuhuoneeseen, konepest\u00e4v\u00e4, kamelinruskea TAR096K01<\/p>\n","protected":false},"featured_media":46537,"comment_status":"open","ping_status":"closed","template":"","meta":[],"product_brand":[],"product_cat":[32],"product_tag":[],"class_list":{"0":"post-38801","1":"product","2":"type-product","3":"status-publish","4":"has-post-thumbnail","6":"product_cat-uncategorized-fi","8":"first","9":"instock","10":"shipping-taxable","11":"purchasable","12":"product-type-simple"},"_links":{"self":[{"href":"https:\/\/nordicmart.andreevmaster.com\/fi\/wp-json\/wp\/v2\/product\/38801","targetHints":{"allow":["GET"]}}],"collection":[{"href":"https:\/\/nordicmart.andreevmaster.com\/fi\/wp-json\/wp\/v2\/product"}],"about":[{"href":"https:\/\/nordicmart.andreevmaster.com\/fi\/wp-json\/wp\/v2\/types\/product"}],"replies":[{"embeddable":true,"href":"https:\/\/nordicmart.andreevmaster.com\/fi\/wp-json\/wp\/v2\/comments?post=38801"}],"wp:featuredmedia":[{"embeddable":true,"href":"https:\/\/nordicmart.andreevmaster.com\/fi\/wp-json\/wp\/v2\/media\/46537"}],"wp:attachment":[{"href":"https:\/\/nordicmart.andreevmaster.com\/fi\/wp-json\/wp\/v2\/media?parent=38801"}],"wp:term":[{"taxonomy":"product_brand","embeddable":true,"href":"https:\/\/nordicmart.andreevmaster.com\/fi\/wp-json\/wp\/v2\/product_brand?post=38801"},{"taxonomy":"product_cat","embeddable":true,"href":"https:\/\/nordicmart.andreevmaster.com\/fi\/wp-json\/wp\/v2\/product_cat?post=38801"},{"taxonomy":"product_tag","embeddable":true,"href":"https:\/\/nordicmart.andreevmaster.com\/fi\/wp-json\/wp\/v2\/product_tag?post=38801"}],"curies":[{"name":"wp","href":"https:\/\/api.w.org\/{rel}","templated":true}]}}