{"id":38799,"date":"2026-02-27T00:46:01","date_gmt":"2026-02-27T00:46:01","guid":{"rendered":"https:\/\/nordicmart.andreevmaster.com\/product\/songmics-home-matto-80-x-200-cm-juuttimainen-kamelinruskea\/"},"modified":"2026-02-27T10:00:55","modified_gmt":"2026-02-27T10:00:55","slug":"songmics-home-matto-80-x-200-cm-juuttimainen-kamelinruskea","status":"publish","type":"product","link":"https:\/\/nordicmart.andreevmaster.com\/fi\/tuote\/songmics-home-matto-80-x-200-cm-juuttimainen-kamelinruskea\/","title":{"rendered":"SONGMICS HOME Matto 80 x 200 cm, juuttimainen, kamelinruskea"},"content":{"rendered":"<p>SONGMICS HOME matto, 80 x 200 cm, olohuoneen matto, luistamaton matto, juuttimainen ulkon\u00e4k\u00f6, koriste, k\u00e4yt\u00e4v\u00e4\u00e4n, keitti\u00f6\u00f6n, makuuhuoneeseen, ruokailuhuoneeseen, konepest\u00e4v\u00e4, kamelinruskea TAR096K01<br \/>\nV\u00e4ri: kamelinruskea<br \/>\nMateriaali: 580 g\/m\u00b2 polyesteri\u00e4, 200 g\/m\u00b2 huopaa, 650 g\/m\u00b2 TPR:\u00e4\u00e4 (termoplastista kumia)<br \/>\nKoko:<br \/>\nPituus: 200 cm<br \/>\nLeveys: 80 cm<br \/>\nPaino: 2,2 kg<\/p>\n","protected":false},"excerpt":{"rendered":"<p>SONGMICS HOME matto, 80 x 200 cm, olohuoneen matto, luistamaton matto, juuttimainen ulkon\u00e4k\u00f6, koriste, k\u00e4yt\u00e4v\u00e4\u00e4n, keitti\u00f6\u00f6n, makuuhuoneeseen, ruokailuhuoneeseen, konepest\u00e4v\u00e4, kamelinruskea TAR096K01<\/p>\n","protected":false},"featured_media":46535,"comment_status":"open","ping_status":"closed","template":"","meta":[],"product_brand":[],"product_cat":[32],"product_tag":[],"class_list":{"0":"post-38799","1":"product","2":"type-product","3":"status-publish","4":"has-post-thumbnail","6":"product_cat-uncategorized-fi","8":"first","9":"instock","10":"shipping-taxable","11":"purchasable","12":"product-type-simple"},"_links":{"self":[{"href":"https:\/\/nordicmart.andreevmaster.com\/fi\/wp-json\/wp\/v2\/product\/38799","targetHints":{"allow":["GET"]}}],"collection":[{"href":"https:\/\/nordicmart.andreevmaster.com\/fi\/wp-json\/wp\/v2\/product"}],"about":[{"href":"https:\/\/nordicmart.andreevmaster.com\/fi\/wp-json\/wp\/v2\/types\/product"}],"replies":[{"embeddable":true,"href":"https:\/\/nordicmart.andreevmaster.com\/fi\/wp-json\/wp\/v2\/comments?post=38799"}],"wp:featuredmedia":[{"embeddable":true,"href":"https:\/\/nordicmart.andreevmaster.com\/fi\/wp-json\/wp\/v2\/media\/46535"}],"wp:attachment":[{"href":"https:\/\/nordicmart.andreevmaster.com\/fi\/wp-json\/wp\/v2\/media?parent=38799"}],"wp:term":[{"taxonomy":"product_brand","embeddable":true,"href":"https:\/\/nordicmart.andreevmaster.com\/fi\/wp-json\/wp\/v2\/product_brand?post=38799"},{"taxonomy":"product_cat","embeddable":true,"href":"https:\/\/nordicmart.andreevmaster.com\/fi\/wp-json\/wp\/v2\/product_cat?post=38799"},{"taxonomy":"product_tag","embeddable":true,"href":"https:\/\/nordicmart.andreevmaster.com\/fi\/wp-json\/wp\/v2\/product_tag?post=38799"}],"curies":[{"name":"wp","href":"https:\/\/api.w.org\/{rel}","templated":true}]}}