{"id":38798,"date":"2026-02-27T00:46:00","date_gmt":"2026-02-27T00:46:00","guid":{"rendered":"https:\/\/nordicmart.andreevmaster.com\/product\/songmics-home-matto-200-x-300-cm\/"},"modified":"2026-02-27T10:00:54","modified_gmt":"2026-02-27T10:00:54","slug":"songmics-home-matto-200-x-300-cm","status":"publish","type":"product","link":"https:\/\/nordicmart.andreevmaster.com\/fi\/tuote\/songmics-home-matto-200-x-300-cm\/","title":{"rendered":"SONGMICS HOME Matto 200 x 300 cm"},"content":{"rendered":"<p>SONGMICS HOME matto, 92 x 153 cm, olohuoneen matto, luistamaton matto, moderni abstrakti tyyli, olohuoneeseen, keitti\u00f6\u00f6n, eteiseen, ruokailuhuoneeseen, konepest\u00e4v\u00e4, kyyhkynharmaa TAR072G01<br \/>\nV\u00e4ri: kyyhkynharmaa<br \/>\nMateriaali: 350 g\/m\u00b2 polyesteri\u00e4 (\u00b115 g\/m\u00b2), 300 g\/m\u00b2 huopaa (\u00b15 g\/m\u00b2), 650 g\/m\u00b2 TPR:\u00e4\u00e4 (termoplastista kumia) (\u00b110 g\/m\u00b2)<br \/>\nKoko:<br \/>\nPituus: 300 cm<br \/>\nLeveys: 200 cm<br \/>\nPaino: 9,4 kg<\/p>\n","protected":false},"excerpt":{"rendered":"<p>SONGMICS HOME matto, 92 x 153 cm, olohuoneen matto, luistamaton matto, moderni abstrakti tyyli, olohuoneeseen, keitti\u00f6\u00f6n, eteiseen, ruokailuhuoneeseen, konepest\u00e4v\u00e4, kyyhkynharmaa TAR072G01<\/p>\n","protected":false},"featured_media":46534,"comment_status":"open","ping_status":"closed","template":"","meta":[],"product_brand":[],"product_cat":[32],"product_tag":[],"class_list":{"0":"post-38798","1":"product","2":"type-product","3":"status-publish","4":"has-post-thumbnail","6":"product_cat-uncategorized-fi","8":"first","9":"instock","10":"shipping-taxable","11":"purchasable","12":"product-type-simple"},"_links":{"self":[{"href":"https:\/\/nordicmart.andreevmaster.com\/fi\/wp-json\/wp\/v2\/product\/38798","targetHints":{"allow":["GET"]}}],"collection":[{"href":"https:\/\/nordicmart.andreevmaster.com\/fi\/wp-json\/wp\/v2\/product"}],"about":[{"href":"https:\/\/nordicmart.andreevmaster.com\/fi\/wp-json\/wp\/v2\/types\/product"}],"replies":[{"embeddable":true,"href":"https:\/\/nordicmart.andreevmaster.com\/fi\/wp-json\/wp\/v2\/comments?post=38798"}],"wp:featuredmedia":[{"embeddable":true,"href":"https:\/\/nordicmart.andreevmaster.com\/fi\/wp-json\/wp\/v2\/media\/46534"}],"wp:attachment":[{"href":"https:\/\/nordicmart.andreevmaster.com\/fi\/wp-json\/wp\/v2\/media?parent=38798"}],"wp:term":[{"taxonomy":"product_brand","embeddable":true,"href":"https:\/\/nordicmart.andreevmaster.com\/fi\/wp-json\/wp\/v2\/product_brand?post=38798"},{"taxonomy":"product_cat","embeddable":true,"href":"https:\/\/nordicmart.andreevmaster.com\/fi\/wp-json\/wp\/v2\/product_cat?post=38798"},{"taxonomy":"product_tag","embeddable":true,"href":"https:\/\/nordicmart.andreevmaster.com\/fi\/wp-json\/wp\/v2\/product_tag?post=38798"}],"curies":[{"name":"wp","href":"https:\/\/api.w.org\/{rel}","templated":true}]}}