{"id":38794,"date":"2026-02-27T00:45:57","date_gmt":"2026-02-27T00:45:57","guid":{"rendered":"https:\/\/nordicmart.andreevmaster.com\/product\/songmics-home-pyorea-matto-160-cm-d-boho-tyyli-harmaansininen\/"},"modified":"2026-02-27T10:00:54","modified_gmt":"2026-02-27T10:00:54","slug":"songmics-home-pyorea-matto-160-cm-d-boho-tyyli-harmaansininen","status":"publish","type":"product","link":"https:\/\/nordicmart.andreevmaster.com\/fi\/tuote\/songmics-home-pyorea-matto-160-cm-d-boho-tyyli-harmaansininen\/","title":{"rendered":"SONGMICS HOME py\u00f6re\u00e4 matto 160 cm d boho-tyyli, harmaansininen"},"content":{"rendered":"<p>SONGMICS HOME Py\u00f6re\u00e4 matto, 120 cm, olohuoneen matto, luistamaton matto, pehme\u00e4, koristeellinen, olohuoneeseen, makuuhuoneeseen, konepest\u00e4v\u00e4, boho-tyyli, kyyhkynharmaa TAR051G01<br \/>\nV\u00e4ri: kyyhkynharmaa<br \/>\nMateriaali: polyesteri, huopa, TPR (termoplastinen kumi)<br \/>\nKoko: 160 cm d<br \/>\nPaino: 2,8 kg<\/p>\n","protected":false},"excerpt":{"rendered":"<p>SONGMICS HOME Py\u00f6re\u00e4 matto, 120 cm, olohuoneen matto, luistamaton matto, pehme\u00e4, koristeellinen, olohuoneeseen, makuuhuoneeseen, konepest\u00e4v\u00e4, boho-tyyli, kyyhkynharmaa TAR051G01<\/p>\n","protected":false},"featured_media":46530,"comment_status":"open","ping_status":"closed","template":"","meta":[],"product_brand":[],"product_cat":[32],"product_tag":[],"class_list":{"0":"post-38794","1":"product","2":"type-product","3":"status-publish","4":"has-post-thumbnail","6":"product_cat-uncategorized-fi","8":"first","9":"instock","10":"shipping-taxable","11":"purchasable","12":"product-type-simple"},"_links":{"self":[{"href":"https:\/\/nordicmart.andreevmaster.com\/fi\/wp-json\/wp\/v2\/product\/38794","targetHints":{"allow":["GET"]}}],"collection":[{"href":"https:\/\/nordicmart.andreevmaster.com\/fi\/wp-json\/wp\/v2\/product"}],"about":[{"href":"https:\/\/nordicmart.andreevmaster.com\/fi\/wp-json\/wp\/v2\/types\/product"}],"replies":[{"embeddable":true,"href":"https:\/\/nordicmart.andreevmaster.com\/fi\/wp-json\/wp\/v2\/comments?post=38794"}],"wp:featuredmedia":[{"embeddable":true,"href":"https:\/\/nordicmart.andreevmaster.com\/fi\/wp-json\/wp\/v2\/media\/46530"}],"wp:attachment":[{"href":"https:\/\/nordicmart.andreevmaster.com\/fi\/wp-json\/wp\/v2\/media?parent=38794"}],"wp:term":[{"taxonomy":"product_brand","embeddable":true,"href":"https:\/\/nordicmart.andreevmaster.com\/fi\/wp-json\/wp\/v2\/product_brand?post=38794"},{"taxonomy":"product_cat","embeddable":true,"href":"https:\/\/nordicmart.andreevmaster.com\/fi\/wp-json\/wp\/v2\/product_cat?post=38794"},{"taxonomy":"product_tag","embeddable":true,"href":"https:\/\/nordicmart.andreevmaster.com\/fi\/wp-json\/wp\/v2\/product_tag?post=38794"}],"curies":[{"name":"wp","href":"https:\/\/api.w.org\/{rel}","templated":true}]}}