{"id":38792,"date":"2026-02-27T00:45:55","date_gmt":"2026-02-27T00:45:55","guid":{"rendered":"https:\/\/nordicmart.andreevmaster.com\/product\/songmics-home-pyorea-matto-120-cm-d-boho-tyyli-antrasiitinharmaa\/"},"modified":"2026-02-27T10:00:53","modified_gmt":"2026-02-27T10:00:53","slug":"songmics-home-pyorea-matto-120-cm-d-boho-tyyli-antrasiitinharmaa","status":"publish","type":"product","link":"https:\/\/nordicmart.andreevmaster.com\/fi\/tuote\/songmics-home-pyorea-matto-120-cm-d-boho-tyyli-antrasiitinharmaa\/","title":{"rendered":"SONGMICS HOME Py\u00f6re\u00e4 matto 120 cm d Boho-tyyli antrasiitinharmaa"},"content":{"rendered":"<p>SONGMICS HOME Py\u00f6re\u00e4 matto, 120 cm, olohuoneen matto, luistamaton matto, pehme\u00e4, koristeellinen, olohuoneeseen, makuuhuoneeseen, konepest\u00e4v\u00e4, boho-tyyli, kyyhkynharmaa TAR051G01<br \/>\nV\u00e4ri: antrasiitinharmaa<br \/>\nMateriaali: polyesteri, huopa, TPR (termoplastinen kumi)<br \/>\nKoko: 120 cm d<br \/>\nPaino: 1,6 kg<\/p>\n","protected":false},"excerpt":{"rendered":"<p>SONGMICS HOME Py\u00f6re\u00e4 matto, 120 cm, olohuoneen matto, luistamaton matto, pehme\u00e4, koristeellinen, olohuoneeseen, makuuhuoneeseen, konepest\u00e4v\u00e4, boho-tyyli, kyyhkynharmaa TAR051G01<\/p>\n","protected":false},"featured_media":46528,"comment_status":"open","ping_status":"closed","template":"","meta":[],"product_brand":[],"product_cat":[32],"product_tag":[],"class_list":{"0":"post-38792","1":"product","2":"type-product","3":"status-publish","4":"has-post-thumbnail","6":"product_cat-uncategorized-fi","8":"first","9":"instock","10":"shipping-taxable","11":"purchasable","12":"product-type-simple"},"_links":{"self":[{"href":"https:\/\/nordicmart.andreevmaster.com\/fi\/wp-json\/wp\/v2\/product\/38792","targetHints":{"allow":["GET"]}}],"collection":[{"href":"https:\/\/nordicmart.andreevmaster.com\/fi\/wp-json\/wp\/v2\/product"}],"about":[{"href":"https:\/\/nordicmart.andreevmaster.com\/fi\/wp-json\/wp\/v2\/types\/product"}],"replies":[{"embeddable":true,"href":"https:\/\/nordicmart.andreevmaster.com\/fi\/wp-json\/wp\/v2\/comments?post=38792"}],"wp:featuredmedia":[{"embeddable":true,"href":"https:\/\/nordicmart.andreevmaster.com\/fi\/wp-json\/wp\/v2\/media\/46528"}],"wp:attachment":[{"href":"https:\/\/nordicmart.andreevmaster.com\/fi\/wp-json\/wp\/v2\/media?parent=38792"}],"wp:term":[{"taxonomy":"product_brand","embeddable":true,"href":"https:\/\/nordicmart.andreevmaster.com\/fi\/wp-json\/wp\/v2\/product_brand?post=38792"},{"taxonomy":"product_cat","embeddable":true,"href":"https:\/\/nordicmart.andreevmaster.com\/fi\/wp-json\/wp\/v2\/product_cat?post=38792"},{"taxonomy":"product_tag","embeddable":true,"href":"https:\/\/nordicmart.andreevmaster.com\/fi\/wp-json\/wp\/v2\/product_tag?post=38792"}],"curies":[{"name":"wp","href":"https:\/\/api.w.org\/{rel}","templated":true}]}}