{"id":38786,"date":"2026-02-27T00:45:50","date_gmt":"2026-02-27T00:45:50","guid":{"rendered":"https:\/\/nordicmart.andreevmaster.com\/product\/aluematto-80-x-150-cm-olohuoneen-matto-liukumaton-matto-perinteinen-vintage-tyyliin-olohuone-keittio-eteinen-ruokailuhuone-konepestava-kyyhkynharmaa-2\/"},"modified":"2026-02-27T10:00:52","modified_gmt":"2026-02-27T10:00:52","slug":"aluematto-80-x-150-cm-olohuoneen-matto-liukumaton-matto-perinteinen-vintage-tyyliin-olohuone-keittio-eteinen-ruokailuhuone-konepestava-kyyhkynharmaa-2","status":"publish","type":"product","link":"https:\/\/nordicmart.andreevmaster.com\/fi\/tuote\/aluematto-80-x-150-cm-olohuoneen-matto-liukumaton-matto-perinteinen-vintage-tyyliin-olohuone-keittio-eteinen-ruokailuhuone-konepestava-kyyhkynharmaa-2\/","title":{"rendered":"Aluematto 80 x 150 cm Olohuoneen matto Liukumaton matto Perinteinen vintage-tyyliin Olohuone Keitti\u00f6 Eteinen Ruokailuhuone Konepest\u00e4v\u00e4 Kyyhkynharmaa"},"content":{"rendered":"<p>Pehme\u00e4 askel: 700 g\/m\u00b2:n polyesterikuidusta ja 200 g\/m\u00b2:n huopakerroksesta valmistetun pinnan ansiosta t\u00e4m\u00e4 olohuoneen matto on miellytt\u00e4v\u00e4n pehme\u00e4 ja sopii erinomaisesti ensimm\u00e4iseen askeleeseen s\u00e4ngyst\u00e4 tai rentoutumiseen.Vintage-vieh\u00e4tys: Uppoudu ajattoman tyylikkyyden ja modernin mukavuuden yhdistelm\u00e4\u00e4n maton avulla. Monimutkaiset kuviot ja t\u00e4ytel\u00e4iset v\u00e4rit luovat l\u00e4mpim\u00e4n ja viihtyis\u00e4n ilmapiirin ja tuovat ripaus nostalgiaa mihin tahansa huoneeseen.Kest\u00e4v\u00e4 ja konepest\u00e4v\u00e4: T\u00e4m\u00e4 makuuhuoneen matto on eritt\u00e4in kest\u00e4v\u00e4 ja s\u00e4ilytt\u00e4\u00e4 pehmeytens\u00e4 my\u00f6s pitk\u00e4aikaisen k\u00e4yt\u00f6n j\u00e4lkeen irtoamatta. Se s\u00e4ilytt\u00e4\u00e4 laadunsa jopa useiden konepesujen j\u00e4lkeen. <\/p>\n<p>Liukumaton ja monipuolinen: maton selk\u00e4osa on valmistettu TPR:st\u00e4 ja on siksi erityisen liukumaton, joten se sopii erinomaisesti erilaisille lattiap\u00e4\u00e4llysteille, esim. kovalle puulle, laatoille jne.Vaivaton varastointi ja kuljetus: matto on kokoontaitettava, mik\u00e4 helpottaa varastointia ja kuljetusta. Halusitpa sitten ottaa sen mukaan siivoukseen tai p\u00e4ivitt\u00e4\u00e4 huoneesi, kokoontaitettava muotoilu on eritt\u00e4in k\u00e4yt\u00e4nn\u00f6llinen.Tuotetiedot: Matto on helppo ja helppo asentaa ja asentaa:<\/p>\n<p>V\u00e4ri: kyyhkynharmaa<br \/>\nMateriaali: Keltainen, tummansininen, tummansininen, tummansininen: (\u00b115 g\/m\u00b2), 200 g\/m\u00b2 huopa (\u00b15 g\/m\u00b2), 650 g\/m\u00b2 TPR (termoplastinen kumi) (\u00b110 g\/m\u00b2).Koko:<br \/>\nPituus: 150 cm<br \/>\nLeveys: 80 cm<br \/>\nPaino: 2 kg<br \/>\nToimitukseen sis\u00e4ltyy:<\/p>\n<p>1 x matto<\/p>\n","protected":false},"excerpt":{"rendered":"<p>Pehme\u00e4 askel: 700 g\/m\u00b2:n polyesterikuidusta ja 200 g\/m\u00b2:n huopakerroksesta valmistetun pinnan ansiosta t\u00e4m\u00e4 olohuoneen matto on miellytt\u00e4v\u00e4n pehme\u00e4 ja sopii erinomaisesti ensimm\u00e4iseen askeleeseen s\u00e4ngyst\u00e4 tai rentoutumiseen.Vintage-vieh\u00e4tys: Uppoudu ajattoman tyylikkyyden ja modernin mukavuuden yhdistelm\u00e4\u00e4n maton avulla. Monimutkaiset kuviot ja t\u00e4ytel\u00e4iset v\u00e4rit luovat l\u00e4mpim\u00e4n ja viihtyis\u00e4n ilmapiirin ja tuovat ripaus nostalgiaa mihin tahansa huoneeseen.Kest\u00e4v\u00e4 ja konepest\u00e4v\u00e4: T\u00e4m\u00e4 [&hellip;]<\/p>\n","protected":false},"featured_media":0,"comment_status":"open","ping_status":"closed","template":"","meta":[],"product_brand":[],"product_cat":[32],"product_tag":[],"class_list":{"0":"post-38786","1":"product","2":"type-product","3":"status-publish","5":"product_cat-uncategorized-fi","7":"first","8":"instock","9":"shipping-taxable","10":"product-type-simple"},"_links":{"self":[{"href":"https:\/\/nordicmart.andreevmaster.com\/fi\/wp-json\/wp\/v2\/product\/38786","targetHints":{"allow":["GET"]}}],"collection":[{"href":"https:\/\/nordicmart.andreevmaster.com\/fi\/wp-json\/wp\/v2\/product"}],"about":[{"href":"https:\/\/nordicmart.andreevmaster.com\/fi\/wp-json\/wp\/v2\/types\/product"}],"replies":[{"embeddable":true,"href":"https:\/\/nordicmart.andreevmaster.com\/fi\/wp-json\/wp\/v2\/comments?post=38786"}],"wp:attachment":[{"href":"https:\/\/nordicmart.andreevmaster.com\/fi\/wp-json\/wp\/v2\/media?parent=38786"}],"wp:term":[{"taxonomy":"product_brand","embeddable":true,"href":"https:\/\/nordicmart.andreevmaster.com\/fi\/wp-json\/wp\/v2\/product_brand?post=38786"},{"taxonomy":"product_cat","embeddable":true,"href":"https:\/\/nordicmart.andreevmaster.com\/fi\/wp-json\/wp\/v2\/product_cat?post=38786"},{"taxonomy":"product_tag","embeddable":true,"href":"https:\/\/nordicmart.andreevmaster.com\/fi\/wp-json\/wp\/v2\/product_tag?post=38786"}],"curies":[{"name":"wp","href":"https:\/\/api.w.org\/{rel}","templated":true}]}}