{"id":38785,"date":"2026-02-27T00:45:49","date_gmt":"2026-02-27T00:45:49","guid":{"rendered":"https:\/\/nordicmart.andreevmaster.com\/product\/5-x-7-makuuhuoneen-aluematto-liukumaton-perinteinen-vintage-tyylinen-kodin-sisustusmatto-olohuoneeseen-keittioon-eteiseen-ruokasaliin-konepestava-2\/"},"modified":"2026-02-27T10:00:52","modified_gmt":"2026-02-27T10:00:52","slug":"5-x-7-makuuhuoneen-aluematto-liukumaton-perinteinen-vintage-tyylinen-kodin-sisustusmatto-olohuoneeseen-keittioon-eteiseen-ruokasaliin-konepestava-2","status":"publish","type":"product","link":"https:\/\/nordicmart.andreevmaster.com\/fi\/tuote\/5-x-7-makuuhuoneen-aluematto-liukumaton-perinteinen-vintage-tyylinen-kodin-sisustusmatto-olohuoneeseen-keittioon-eteiseen-ruokasaliin-konepestava-2\/","title":{"rendered":"5&#8242; x 7&#8242; makuuhuoneen aluematto, liukumaton perinteinen vintage-tyylinen kodin sisustusmatto olohuoneeseen, keitti\u00f6\u00f6n, eteiseen, ruokasaliin, konepest\u00e4v\u00e4,"},"content":{"rendered":"<p>Pehme\u00e4 pehmuste: Nauti 700 g\/\u33a1 polyesterikuitujen ylellisest\u00e4 tuntumasta yhdistettyn\u00e4 200 g\/\u33a1 huopav\u00e4likerrokseen, joka tarjoaa poikkeuksellisen pehme\u00e4n tyynyn ensimm\u00e4iselle askeleelle s\u00e4ngyst\u00e4 tai mukavaan oleskeluun.\u3010Vintage Charm\u3011Kokeile ainutlaatuista sekoitusta ajatonta eleganssia ja modernia mukavuutta t\u00e4m\u00e4n maton kanssa. Sen monimutkaiset kuviot ja rikkaat v\u00e4rit luovat l\u00e4mpim\u00e4n ja kutsuvan ilmapiirin, joka muuttaa mink\u00e4 tahansa tilan nostalgisella charmilla.Kest\u00e4v\u00e4 ja konepest\u00e4v\u00e4: T\u00e4m\u00e4 makuuhuoneen matto on suunniteltu kest\u00e4v\u00e4ksi, ja se s\u00e4ilytt\u00e4\u00e4 pehme\u00e4n rakenteensa my\u00f6s pitk\u00e4aikaisen k\u00e4yt\u00f6n j\u00e4lkeen ilman, ett\u00e4 se irtoaa. Jopa useiden konepesujen j\u00e4lkeen se s\u00e4ilytt\u00e4\u00e4 laatunsa.<\/p>\n<p>Liukumaton ja monipuolinen: L\u00e4mp\u00f6muovisella kumitaustalla varustettu matto tarjoaa poikkeuksellisen liukastumisen est\u00e4v\u00e4n suorituskyvyn, mik\u00e4 takaa, ett\u00e4 se pysyy tukevasti paikoillaan erityyppisill\u00e4 lattioilla, kuten kovapuu- ja laattalattioilla.Vaivaton kuljetus ja varastointi: Olohuoneen matto on kokoontaitettava, joten se on helppo s\u00e4ilytt\u00e4\u00e4 ja kuljettaa. Olipa sinun sitten siirrett\u00e4v\u00e4 se siivousta varten tai nautit huoneesi ulkoasun virkist\u00e4misest\u00e4, kokoontaitettava muotoilu tarjoaa suurta mukavuutta.Tekniset tiedot: V\u00e4ri: Teal Sininen Materiaali: Materiaali: 700 g\/\u33a1 Polyesteri (\u00b115 g\/\u33a1), 200 g\/\u33a1 Huopa (\u00b15 g\/\u33a1), 650 g\/\u33a1 TPR (termoplastinen kumi) (\u00b110 g\/\u33a1).Tuotteen koko: (1,5 mm):<br \/>\n(214 cm)<br \/>\nLeveys: 153 cm (5 ft)<br \/>\nTuotteen paino: 11 lb (5 kg)<\/p>\n<p>Pakkauksen sis\u00e4lt\u00f6:<br \/>\n1 x aluematto<\/p>\n","protected":false},"excerpt":{"rendered":"<p>Pehme\u00e4 pehmuste: Nauti 700 g\/\u33a1 polyesterikuitujen ylellisest\u00e4 tuntumasta yhdistettyn\u00e4 200 g\/\u33a1 huopav\u00e4likerrokseen, joka tarjoaa poikkeuksellisen pehme\u00e4n tyynyn ensimm\u00e4iselle askeleelle s\u00e4ngyst\u00e4 tai mukavaan oleskeluun.\u3010Vintage Charm\u3011Kokeile ainutlaatuista sekoitusta ajatonta eleganssia ja modernia mukavuutta t\u00e4m\u00e4n maton kanssa. Sen monimutkaiset kuviot ja rikkaat v\u00e4rit luovat l\u00e4mpim\u00e4n ja kutsuvan ilmapiirin, joka muuttaa mink\u00e4 tahansa tilan nostalgisella charmilla.Kest\u00e4v\u00e4 ja konepest\u00e4v\u00e4: T\u00e4m\u00e4 [&hellip;]<\/p>\n","protected":false},"featured_media":0,"comment_status":"open","ping_status":"closed","template":"","meta":[],"product_brand":[],"product_cat":[32],"product_tag":[],"class_list":{"0":"post-38785","1":"product","2":"type-product","3":"status-publish","5":"product_cat-uncategorized-fi","7":"first","8":"instock","9":"shipping-taxable","10":"product-type-simple"},"_links":{"self":[{"href":"https:\/\/nordicmart.andreevmaster.com\/fi\/wp-json\/wp\/v2\/product\/38785","targetHints":{"allow":["GET"]}}],"collection":[{"href":"https:\/\/nordicmart.andreevmaster.com\/fi\/wp-json\/wp\/v2\/product"}],"about":[{"href":"https:\/\/nordicmart.andreevmaster.com\/fi\/wp-json\/wp\/v2\/types\/product"}],"replies":[{"embeddable":true,"href":"https:\/\/nordicmart.andreevmaster.com\/fi\/wp-json\/wp\/v2\/comments?post=38785"}],"wp:attachment":[{"href":"https:\/\/nordicmart.andreevmaster.com\/fi\/wp-json\/wp\/v2\/media?parent=38785"}],"wp:term":[{"taxonomy":"product_brand","embeddable":true,"href":"https:\/\/nordicmart.andreevmaster.com\/fi\/wp-json\/wp\/v2\/product_brand?post=38785"},{"taxonomy":"product_cat","embeddable":true,"href":"https:\/\/nordicmart.andreevmaster.com\/fi\/wp-json\/wp\/v2\/product_cat?post=38785"},{"taxonomy":"product_tag","embeddable":true,"href":"https:\/\/nordicmart.andreevmaster.com\/fi\/wp-json\/wp\/v2\/product_tag?post=38785"}],"curies":[{"name":"wp","href":"https:\/\/api.w.org\/{rel}","templated":true}]}}