{"id":38777,"date":"2026-02-27T00:45:44","date_gmt":"2026-02-27T00:45:44","guid":{"rendered":"https:\/\/nordicmart.andreevmaster.com\/product\/aluematto-3x5-ft-matto-makuuhuoneeseen-liukumaton-matto-perinteinen-vintage-tyyli-kodin-sisustus-olohuoneeseen-keittioon-eteiseen-ruokasaliin-konepestava-teal-sininen-u-2\/"},"modified":"2026-02-27T10:00:50","modified_gmt":"2026-02-27T10:00:50","slug":"aluematto-3x5-ft-matto-makuuhuoneeseen-liukumaton-matto-perinteinen-vintage-tyyli-kodin-sisustus-olohuoneeseen-keittioon-eteiseen-ruokasaliin-konepestava-teal-sininen-u-2","status":"publish","type":"product","link":"https:\/\/nordicmart.andreevmaster.com\/fi\/tuote\/aluematto-3x5-ft-matto-makuuhuoneeseen-liukumaton-matto-perinteinen-vintage-tyyli-kodin-sisustus-olohuoneeseen-keittioon-eteiseen-ruokasaliin-konepestava-teal-sininen-u-2\/","title":{"rendered":"Aluematto, 3&#215;5 ft matto makuuhuoneeseen, liukumaton matto, perinteinen vintage-tyyli, kodin sisustus, olohuoneeseen, keitti\u00f6\u00f6n, eteiseen, ruokasaliin, konepest\u00e4v\u00e4, teal sininen U"},"content":{"rendered":"<p>\u3010Pehme\u00e4 pehmuste\u3011 Nauti ylellisest\u00e4 tuntumasta 700 g\/\u33a1 polyesterikuiduista yhdistettyn\u00e4 200 g\/\u33a1 huopakerrokseen, joka tarjoaa poikkeuksellisen pehme\u00e4n pehmusteen ensimm\u00e4iselle askeleelle s\u00e4ngyst\u00e4 tai mukavaan oleskeluun.\u3010VINTAGE CHARM\u3011Kokeile ainutlaatuista sekoitusta ajatonta eleganssia ja modernia mukavuutta t\u00e4m\u00e4n maton kanssa. Niiden monimutkaiset kuviot ja rikkaat v\u00e4rit luovat l\u00e4mpim\u00e4n, kutsuvan ilmapiirin ja muuttavat mink\u00e4 tahansa tilan nostalgisella vieh\u00e4tyksell\u00e4.<\/p>\n<p>\u3010KEST\u00c4V\u00c4 JA KONEENPESUKELPOINEN\u3011Kest\u00e4vyyden vuoksi suunniteltu makuuhuoneen matto s\u00e4ilytt\u00e4\u00e4 pehme\u00e4n rakenteensa my\u00f6s pitk\u00e4aikaisen k\u00e4yt\u00f6n j\u00e4lkeen ilman irtoamista. Jopa useiden konepesujen j\u00e4lkeen se s\u00e4ilytt\u00e4\u00e4 laatunsa.\u3010LUISTAMATON JA MONIPUOLINEN\u3011T\u00e4m\u00e4 aluematto on TPR-taustallinen ja tarjoaa poikkeuksellisen liukastumisen est\u00e4v\u00e4n suorituskyvyn, mik\u00e4 takaa, ett\u00e4 se pysyy tukevasti paikoillaan erilaisilla lattiatyypeill\u00e4, mukaan lukien kovapuu, laatat ja muut.<\/p>\n<p>\u3010HELPPO KULJETUS JA S\u00c4ILYTYS\u3011Oleskeluhuoneen matto on taitettava, mik\u00e4 helpottaa varastointia ja kuljetusta. Riippumatta siit\u00e4, onko sinun siirrett\u00e4v\u00e4 sit\u00e4 puhdistusta varten tai nautitko huoneen ulkoasun virkist\u00e4misest\u00e4, kokoontaitettava muotoilu tarjoaa suurta mukavuutta<\/p>\n<p>Tekniset tiedot:<\/p>\n<p>V\u00e4ri: Tealin sininen<br \/>\nMateriaali: Materiaali: 700 g\/\u33a1 Polyesteri (\u00b115 g\/\u33a1), 200 g\/\u33a1 Huopa (\u00b15 g\/\u33a1), 650 g\/\u33a1 TPR (termoplastinen kumi) (\u00b110 g\/\u33a1).Tuotteen koko: (1,5 mm):<br \/>\nPituus: 153 cm (5 ft)<br \/>\nLeveys: 92 cm (3 ft)<br \/>\nTuotteen paino: 2,4 kg (5,2 lb)<\/p>\n<p>Pakkauksen sis\u00e4lt\u00f6:<\/p>\n<p>1 x aluematto<\/p>\n","protected":false},"excerpt":{"rendered":"<p>\u3010Pehme\u00e4 pehmuste\u3011 Nauti ylellisest\u00e4 tuntumasta 700 g\/\u33a1 polyesterikuiduista yhdistettyn\u00e4 200 g\/\u33a1 huopakerrokseen, joka tarjoaa poikkeuksellisen pehme\u00e4n pehmusteen ensimm\u00e4iselle askeleelle s\u00e4ngyst\u00e4 tai mukavaan oleskeluun.\u3010VINTAGE CHARM\u3011Kokeile ainutlaatuista sekoitusta ajatonta eleganssia ja modernia mukavuutta t\u00e4m\u00e4n maton kanssa. Niiden monimutkaiset kuviot ja rikkaat v\u00e4rit luovat l\u00e4mpim\u00e4n, kutsuvan ilmapiirin ja muuttavat mink\u00e4 tahansa tilan nostalgisella vieh\u00e4tyksell\u00e4. \u3010KEST\u00c4V\u00c4 JA KONEENPESUKELPOINEN\u3011Kest\u00e4vyyden vuoksi [&hellip;]<\/p>\n","protected":false},"featured_media":0,"comment_status":"open","ping_status":"closed","template":"","meta":[],"product_brand":[],"product_cat":[32],"product_tag":[],"class_list":{"0":"post-38777","1":"product","2":"type-product","3":"status-publish","5":"product_cat-uncategorized-fi","7":"first","8":"instock","9":"shipping-taxable","10":"product-type-simple"},"_links":{"self":[{"href":"https:\/\/nordicmart.andreevmaster.com\/fi\/wp-json\/wp\/v2\/product\/38777","targetHints":{"allow":["GET"]}}],"collection":[{"href":"https:\/\/nordicmart.andreevmaster.com\/fi\/wp-json\/wp\/v2\/product"}],"about":[{"href":"https:\/\/nordicmart.andreevmaster.com\/fi\/wp-json\/wp\/v2\/types\/product"}],"replies":[{"embeddable":true,"href":"https:\/\/nordicmart.andreevmaster.com\/fi\/wp-json\/wp\/v2\/comments?post=38777"}],"wp:attachment":[{"href":"https:\/\/nordicmart.andreevmaster.com\/fi\/wp-json\/wp\/v2\/media?parent=38777"}],"wp:term":[{"taxonomy":"product_brand","embeddable":true,"href":"https:\/\/nordicmart.andreevmaster.com\/fi\/wp-json\/wp\/v2\/product_brand?post=38777"},{"taxonomy":"product_cat","embeddable":true,"href":"https:\/\/nordicmart.andreevmaster.com\/fi\/wp-json\/wp\/v2\/product_cat?post=38777"},{"taxonomy":"product_tag","embeddable":true,"href":"https:\/\/nordicmart.andreevmaster.com\/fi\/wp-json\/wp\/v2\/product_tag?post=38777"}],"curies":[{"name":"wp","href":"https:\/\/api.w.org\/{rel}","templated":true}]}}