{"id":38773,"date":"2026-02-27T00:45:42","date_gmt":"2026-02-27T00:45:42","guid":{"rendered":"https:\/\/nordicmart.andreevmaster.com\/product\/aluematto-120-x-170-cm-makuuhuoneen-matto-olohuoneen-matto-liukumaton-matto-kodin-sisustus-olohuoneeseen-konepestava-boho-tyyli-cappuccino-beige-2\/"},"modified":"2026-02-27T10:00:49","modified_gmt":"2026-02-27T10:00:49","slug":"aluematto-120-x-170-cm-makuuhuoneen-matto-olohuoneen-matto-liukumaton-matto-kodin-sisustus-olohuoneeseen-konepestava-boho-tyyli-cappuccino-beige-2","status":"publish","type":"product","link":"https:\/\/nordicmart.andreevmaster.com\/fi\/tuote\/aluematto-120-x-170-cm-makuuhuoneen-matto-olohuoneen-matto-liukumaton-matto-kodin-sisustus-olohuoneeseen-konepestava-boho-tyyli-cappuccino-beige-2\/","title":{"rendered":"Aluematto, 120 x 170 cm Makuuhuoneen matto, olohuoneen matto, liukumaton matto, kodin sisustus, olohuoneeseen, konepest\u00e4v\u00e4, Boho-tyyli, Cappuccino Beige"},"content":{"rendered":"<p>\u3010MUKAVUUS\u3011T\u00e4m\u00e4 matto, jossa on 600 g\/\u33a1 polyesterikuitupinta ja 200 g\/\u33a1 huopakerros, tarjoaa pehme\u00e4n rakenteen, joka sopii t\u00e4ydellisesti jalkojen pehment\u00e4miseen, kun astut s\u00e4ngyst\u00e4 tai loikoilemalla lukemisen ajan.\u3010LUISTUMATTOMUUS JA MONIPUOLISUUS\u3011Aluemattojen taustapinnassa k\u00e4ytet\u00e4\u00e4n TPR:\u00e4\u00e4, joka takaa erinomaisen liukastumisen est\u00e4v\u00e4n suorituskyvyn, joten matto sopii t\u00e4ydellisesti erilaisille lattiatyypeille, kuten kovapuulle ja laatoille.\u3010KEST\u00c4V\u00c4 JA KONEENPESUKELPOINEN\u3011T\u00e4m\u00e4 ensiluokkaisista materiaaleista valmistettu konepesukelpoinen aluematto kest\u00e4\u00e4 pitk\u00e4\u00e4 k\u00e4ytt\u00f6\u00e4. Huomionarvoista on, ett\u00e4 se s\u00e4ilytt\u00e4\u00e4 pehme\u00e4n rakenteensa jopa useiden pesukertojen j\u00e4lkeen, mik\u00e4 takaa tasaisen mukavuuden ajan my\u00f6t\u00e4.\u3010BOHO CHIC\u3011T\u00e4m\u00e4 alueellinen matto, jossa on erottuvia kuvioita ja virkist\u00e4v\u00e4 s\u00e4vy, puhaltaa el\u00e4m\u00e4\u00e4 mihin tahansa huoneeseen, olipa kyseess\u00e4 sitten viihtyis\u00e4 makuuhuone tai vilkas olohuone. Se antaa asuintilaasi viihtyis\u00e4n, boheemin tunnelman.<\/p>\n<p>\u3010MUKAVA KULJETUS JA S\u00c4ILYTYS\u3011Oleskeluhuoneen matto on kokoontaitettava, mik\u00e4 helpottaa s\u00e4ilytyst\u00e4 ja kuljetusta. Olipa sinun sitten siirrett\u00e4v\u00e4 se puhdistusta varten tai nautit huoneesi ilmeen virkist\u00e4misest\u00e4, kokoontaitettava muotoilu tarjoaa suurta mukavuutta<\/p>\n<p>Tekniset tiedot:<br \/>\nV\u00e4ri: V\u00e4rit: V\u00e4rit: V\u00e4rit: 1: Cappuccino Beige<br \/>\nMateriaali: Polyesteri, huopa, TPR (termoplastinen kumi).<br \/>\nTuotteen koko: Tuotteen koko: Korko: 1,5 mm:<br \/>\nPituus: 170 cm (5,6 ft).Leveys: 3,9 jalkaa (120 cm)<br \/>\nTuotteen paino: 6,4 lb (2,9 kg)<\/p>\n<p>Pakkauksen sis\u00e4lt\u00f6:<br \/>\n1 x aluematto<\/p>\n","protected":false},"excerpt":{"rendered":"<p>\u3010MUKAVUUS\u3011T\u00e4m\u00e4 matto, jossa on 600 g\/\u33a1 polyesterikuitupinta ja 200 g\/\u33a1 huopakerros, tarjoaa pehme\u00e4n rakenteen, joka sopii t\u00e4ydellisesti jalkojen pehment\u00e4miseen, kun astut s\u00e4ngyst\u00e4 tai loikoilemalla lukemisen ajan.\u3010LUISTUMATTOMUUS JA MONIPUOLISUUS\u3011Aluemattojen taustapinnassa k\u00e4ytet\u00e4\u00e4n TPR:\u00e4\u00e4, joka takaa erinomaisen liukastumisen est\u00e4v\u00e4n suorituskyvyn, joten matto sopii t\u00e4ydellisesti erilaisille lattiatyypeille, kuten kovapuulle ja laatoille.\u3010KEST\u00c4V\u00c4 JA KONEENPESUKELPOINEN\u3011T\u00e4m\u00e4 ensiluokkaisista materiaaleista valmistettu konepesukelpoinen aluematto kest\u00e4\u00e4 [&hellip;]<\/p>\n","protected":false},"featured_media":0,"comment_status":"open","ping_status":"closed","template":"","meta":[],"product_brand":[],"product_cat":[32],"product_tag":[],"class_list":{"0":"post-38773","1":"product","2":"type-product","3":"status-publish","5":"product_cat-uncategorized-fi","7":"first","8":"instock","9":"shipping-taxable","10":"product-type-simple"},"_links":{"self":[{"href":"https:\/\/nordicmart.andreevmaster.com\/fi\/wp-json\/wp\/v2\/product\/38773","targetHints":{"allow":["GET"]}}],"collection":[{"href":"https:\/\/nordicmart.andreevmaster.com\/fi\/wp-json\/wp\/v2\/product"}],"about":[{"href":"https:\/\/nordicmart.andreevmaster.com\/fi\/wp-json\/wp\/v2\/types\/product"}],"replies":[{"embeddable":true,"href":"https:\/\/nordicmart.andreevmaster.com\/fi\/wp-json\/wp\/v2\/comments?post=38773"}],"wp:attachment":[{"href":"https:\/\/nordicmart.andreevmaster.com\/fi\/wp-json\/wp\/v2\/media?parent=38773"}],"wp:term":[{"taxonomy":"product_brand","embeddable":true,"href":"https:\/\/nordicmart.andreevmaster.com\/fi\/wp-json\/wp\/v2\/product_brand?post=38773"},{"taxonomy":"product_cat","embeddable":true,"href":"https:\/\/nordicmart.andreevmaster.com\/fi\/wp-json\/wp\/v2\/product_cat?post=38773"},{"taxonomy":"product_tag","embeddable":true,"href":"https:\/\/nordicmart.andreevmaster.com\/fi\/wp-json\/wp\/v2\/product_tag?post=38773"}],"curies":[{"name":"wp","href":"https:\/\/api.w.org\/{rel}","templated":true}]}}