{"id":38772,"date":"2026-02-27T00:45:42","date_gmt":"2026-02-27T00:45:42","guid":{"rendered":"https:\/\/nordicmart.andreevmaster.com\/product\/aluematto-2x3-ft-matto-makuuhuoneeseen-liukumaton-matto-kodin-sisustus-olohuoneeseen-konepestava-boho-tyyli-cappuccino-beige-2\/"},"modified":"2026-02-27T10:00:49","modified_gmt":"2026-02-27T10:00:49","slug":"aluematto-2x3-ft-matto-makuuhuoneeseen-liukumaton-matto-kodin-sisustus-olohuoneeseen-konepestava-boho-tyyli-cappuccino-beige-2","status":"publish","type":"product","link":"https:\/\/nordicmart.andreevmaster.com\/fi\/tuote\/aluematto-2x3-ft-matto-makuuhuoneeseen-liukumaton-matto-kodin-sisustus-olohuoneeseen-konepestava-boho-tyyli-cappuccino-beige-2\/","title":{"rendered":"Aluematto, 2&#215;3 ft matto makuuhuoneeseen, liukumaton matto, kodin sisustus, olohuoneeseen, konepest\u00e4v\u00e4, Boho-tyyli, Cappuccino Beige"},"content":{"rendered":"<p>\u3010ASKEL Pehmeyteen\u3011Pehmeist\u00e4 600 g\/\u33a1 polyesterikuiduista ja 200 g\/\u33a1 huovasta tehdyst\u00e4 v\u00e4likerroksesta valmistettu matto tarjoaa ihoyst\u00e4v\u00e4llisen, mukavan pinnan, joka sopii t\u00e4ydellisesti ensimm\u00e4iseen askeleeseen s\u00e4ngyst\u00e4 tai kodikkaaseen oleskeluun kotona.\u3010BOHO CHIC\u3011T\u00e4m\u00e4 alueellinen matto, jossa on erottuvat kuviot ja virkist\u00e4v\u00e4 s\u00e4vy, puhaltaa el\u00e4m\u00e4\u00e4 mihin tahansa huoneeseen, olipa kyseess\u00e4 sitten viihtyis\u00e4 makuuhuone tai vilkas olohuone. Se antaa asuintilallesi viihtyis\u00e4n, boheemin tunnelman.<\/p>\n<p>\u3010KEST\u00c4V\u00c4 JA KONEENPESUKELPOINEN\u3011Kest\u00e4vyyden vuoksi suunniteltu makuuhuoneen matto s\u00e4ilytt\u00e4\u00e4 pehme\u00e4n rakenteensa my\u00f6s pitk\u00e4aikaisen k\u00e4yt\u00f6n j\u00e4lkeen ilman irtoamista. Jopa useiden konepesujen j\u00e4lkeen se s\u00e4ilytt\u00e4\u00e4 laatunsa.\u3010LUISTUMATTOMUUS JA MONIPUOLISUUS\u3011Aluemattojen taustapuolella k\u00e4ytet\u00e4\u00e4n TPR:\u00e4\u00e4, joka takaa erinomaisen liukastumisen est\u00e4v\u00e4n suorituskyvyn, joten se sopii t\u00e4ydellisesti erilaisille lattiatyypeille, mukaan lukien kovapuu, laatat ja muut<\/p>\n<p>\u3010HELPPO KULJETUS JA S\u00c4ILYTYS\u3011Oleskeluhuoneen matto on kokoontaitettava, mik\u00e4 helpottaa varastointia ja kuljetusta. Riippumatta siit\u00e4, onko sinun siirrett\u00e4v\u00e4 sit\u00e4 puhdistusta varten tai nautitko huoneen ulkoasun virkist\u00e4misest\u00e4, kokoontaitettava muotoilu tarjoaa suurta mukavuutta<\/p>\n<p>Tekniset tiedot:<br \/>\nV\u00e4ri: V\u00e4rit: V\u00e4rit: V\u00e4rit: 1: Cappuccino Beige<br \/>\nMateriaali: Polyesteri, huopa, TPR (termoplastinen kumi).Tuotteen koko: Tuotteen koko: Korko: 1,5 mm:<br \/>\n(92 cm)<br \/>\nLeveys: 61 cm (2 ft)<br \/>\nTuotteen paino: 0,8 kg (1,8 lb).<\/p>\n<p>Pakkauksen sis\u00e4lt\u00f6:<br \/>\n1 x aluematto<\/p>\n","protected":false},"excerpt":{"rendered":"<p>\u3010ASKEL Pehmeyteen\u3011Pehmeist\u00e4 600 g\/\u33a1 polyesterikuiduista ja 200 g\/\u33a1 huovasta tehdyst\u00e4 v\u00e4likerroksesta valmistettu matto tarjoaa ihoyst\u00e4v\u00e4llisen, mukavan pinnan, joka sopii t\u00e4ydellisesti ensimm\u00e4iseen askeleeseen s\u00e4ngyst\u00e4 tai kodikkaaseen oleskeluun kotona.\u3010BOHO CHIC\u3011T\u00e4m\u00e4 alueellinen matto, jossa on erottuvat kuviot ja virkist\u00e4v\u00e4 s\u00e4vy, puhaltaa el\u00e4m\u00e4\u00e4 mihin tahansa huoneeseen, olipa kyseess\u00e4 sitten viihtyis\u00e4 makuuhuone tai vilkas olohuone. Se antaa asuintilallesi viihtyis\u00e4n, boheemin [&hellip;]<\/p>\n","protected":false},"featured_media":0,"comment_status":"open","ping_status":"closed","template":"","meta":[],"product_brand":[],"product_cat":[32],"product_tag":[],"class_list":{"0":"post-38772","1":"product","2":"type-product","3":"status-publish","5":"product_cat-uncategorized-fi","7":"first","8":"instock","9":"shipping-taxable","10":"product-type-simple"},"_links":{"self":[{"href":"https:\/\/nordicmart.andreevmaster.com\/fi\/wp-json\/wp\/v2\/product\/38772","targetHints":{"allow":["GET"]}}],"collection":[{"href":"https:\/\/nordicmart.andreevmaster.com\/fi\/wp-json\/wp\/v2\/product"}],"about":[{"href":"https:\/\/nordicmart.andreevmaster.com\/fi\/wp-json\/wp\/v2\/types\/product"}],"replies":[{"embeddable":true,"href":"https:\/\/nordicmart.andreevmaster.com\/fi\/wp-json\/wp\/v2\/comments?post=38772"}],"wp:attachment":[{"href":"https:\/\/nordicmart.andreevmaster.com\/fi\/wp-json\/wp\/v2\/media?parent=38772"}],"wp:term":[{"taxonomy":"product_brand","embeddable":true,"href":"https:\/\/nordicmart.andreevmaster.com\/fi\/wp-json\/wp\/v2\/product_brand?post=38772"},{"taxonomy":"product_cat","embeddable":true,"href":"https:\/\/nordicmart.andreevmaster.com\/fi\/wp-json\/wp\/v2\/product_cat?post=38772"},{"taxonomy":"product_tag","embeddable":true,"href":"https:\/\/nordicmart.andreevmaster.com\/fi\/wp-json\/wp\/v2\/product_tag?post=38772"}],"curies":[{"name":"wp","href":"https:\/\/api.w.org\/{rel}","templated":true}]}}