{"id":38769,"date":"2026-02-27T00:45:41","date_gmt":"2026-02-27T00:45:41","guid":{"rendered":"https:\/\/nordicmart.andreevmaster.com\/product\/matto-160-x-230-cm-liukumaton-matto-kodin-sisustus-olohuoneeseen-makuuhuoneeseen-lastenhuoneeseen-konepestava-moderni-tyyli-kyyhkyn-harmaa-2\/"},"modified":"2026-02-27T10:00:48","modified_gmt":"2026-02-27T10:00:48","slug":"matto-160-x-230-cm-liukumaton-matto-kodin-sisustus-olohuoneeseen-makuuhuoneeseen-lastenhuoneeseen-konepestava-moderni-tyyli-kyyhkyn-harmaa-2","status":"publish","type":"product","link":"https:\/\/nordicmart.andreevmaster.com\/fi\/tuote\/matto-160-x-230-cm-liukumaton-matto-kodin-sisustus-olohuoneeseen-makuuhuoneeseen-lastenhuoneeseen-konepestava-moderni-tyyli-kyyhkyn-harmaa-2\/","title":{"rendered":"Matto, 160 x 230 cm, liukumaton matto, kodin sisustus, olohuoneeseen, makuuhuoneeseen, lastenhuoneeseen, konepest\u00e4v\u00e4, moderni tyyli, kyyhkyn harmaa"},"content":{"rendered":"<p>[Pehme\u00e4 ja turvallinen] 100 % polyesterikuiduista valmistettu matto on pehme\u00e4n tuntuinen. Se on sertifioitu OEKO-TEX Standard 100 -standardin mukaisesti, joka t\u00e4ytt\u00e4\u00e4 tiukimmat tekstiiliturvallisuusstandardit (sertifikaatin numero: SHO25 152411, haltija: toimittaja).<\/p>\n<p>[Liukumaton ja monipuolinen] Maton pohjassa k\u00e4ytet\u00e4\u00e4n TPR:\u00e4\u00e4, joka takaa erinomaisen liukumattoman suorituskyvyn, joten se sopii erinomaisesti erilaisille lattiatyypeille, mukaan lukien kovapuu, laatta jne.<\/p>\n<p>[Kest\u00e4v\u00e4 ja konepest\u00e4v\u00e4] Suunniteltu kest\u00e4m\u00e4\u00e4n, t\u00e4m\u00e4 makuuhuoneen matto s\u00e4ilytt\u00e4\u00e4 pehme\u00e4n rakenteensa my\u00f6s pitk\u00e4aikaisen k\u00e4yt\u00f6n j\u00e4lkeen ilman irtoamista. Jopa useiden konepesujen j\u00e4lkeen se s\u00e4ilytt\u00e4\u00e4 laatunsa.<\/p>\n<p>[Maltillinen eleganssi] Hienovarainen kyyhkynharmaa v\u00e4ri antaa t\u00e4lle matolle yksinkertaisen mutta tyylikk\u00e4\u00e4n vetovoiman, joka sulautuu saumattomasti mihin tahansa huoneeseen, olipa kyseess\u00e4 sitten makuuhuone tai olohuone, ja antaa asuintilallesi rauhallisen tunnelman.<\/p>\n<p>[Vaivaton kuljetus ja s\u00e4ilytys] Olohuoneen matto on kokoontaitettava ja sis\u00e4lt\u00e4\u00e4 s\u00e4ilytyspussin, jonka ansiosta sit\u00e4 on helppo kuljettaa ja s\u00e4ilytt\u00e4\u00e4, mik\u00e4 lis\u00e4\u00e4 mukavuutta p\u00e4ivitt\u00e4isiin rutiineihisi.<\/p>\n<p>Tuotetiedot: Matto on helppo ja helppo asentaa, mutta se on helppo ja helppo asentaa, mutta se on helppo ja helppo asentaa, mutta se on helppo ja helppo asentaa, mutta se on helppo ja helppo asentaa, mutta se on helppo ja helppo k\u00e4ytt\u00e4\u00e4:<br \/>\nKoko: 160x230cm<br \/>\nTuotteen paino: 5,8 kiloa<br \/>\nV\u00e4ri: Kyyhkynharmaa<br \/>\nkuvio:Solid<br \/>\nMuoto: Suorakulmainen<\/p>\n","protected":false},"excerpt":{"rendered":"<p>Farbe: Taubengrau<br \/>\nMaterial: Polyester, Filz, TPR (Thermoplastischer Gummi)<br \/>\nGr\u00f6\u00dfe:<br \/>\nL\u00e4nge: 230 cm<br \/>\nBreite: 160 cm<br \/>\nGewicht: 5,8 kg<\/p>\n","protected":false},"featured_media":46516,"comment_status":"open","ping_status":"closed","template":"","meta":[],"product_brand":[],"product_cat":[32],"product_tag":[],"class_list":{"0":"post-38769","1":"product","2":"type-product","3":"status-publish","4":"has-post-thumbnail","6":"product_cat-uncategorized-fi","8":"first","9":"instock","10":"shipping-taxable","11":"purchasable","12":"product-type-simple"},"_links":{"self":[{"href":"https:\/\/nordicmart.andreevmaster.com\/fi\/wp-json\/wp\/v2\/product\/38769","targetHints":{"allow":["GET"]}}],"collection":[{"href":"https:\/\/nordicmart.andreevmaster.com\/fi\/wp-json\/wp\/v2\/product"}],"about":[{"href":"https:\/\/nordicmart.andreevmaster.com\/fi\/wp-json\/wp\/v2\/types\/product"}],"replies":[{"embeddable":true,"href":"https:\/\/nordicmart.andreevmaster.com\/fi\/wp-json\/wp\/v2\/comments?post=38769"}],"wp:featuredmedia":[{"embeddable":true,"href":"https:\/\/nordicmart.andreevmaster.com\/fi\/wp-json\/wp\/v2\/media\/46516"}],"wp:attachment":[{"href":"https:\/\/nordicmart.andreevmaster.com\/fi\/wp-json\/wp\/v2\/media?parent=38769"}],"wp:term":[{"taxonomy":"product_brand","embeddable":true,"href":"https:\/\/nordicmart.andreevmaster.com\/fi\/wp-json\/wp\/v2\/product_brand?post=38769"},{"taxonomy":"product_cat","embeddable":true,"href":"https:\/\/nordicmart.andreevmaster.com\/fi\/wp-json\/wp\/v2\/product_cat?post=38769"},{"taxonomy":"product_tag","embeddable":true,"href":"https:\/\/nordicmart.andreevmaster.com\/fi\/wp-json\/wp\/v2\/product_tag?post=38769"}],"curies":[{"name":"wp","href":"https:\/\/api.w.org\/{rel}","templated":true}]}}