{"id":38766,"date":"2026-02-27T00:45:40","date_gmt":"2026-02-27T00:45:40","guid":{"rendered":"https:\/\/nordicmart.andreevmaster.com\/product\/songmics-matto-olohuoneen-matto-luistamaton-matto-sisustus\/"},"modified":"2026-02-27T10:00:47","modified_gmt":"2026-02-27T10:00:47","slug":"songmics-matto-olohuoneen-matto-luistamaton-matto-sisustus","status":"publish","type":"product","link":"https:\/\/nordicmart.andreevmaster.com\/fi\/tuote\/songmics-matto-olohuoneen-matto-luistamaton-matto-sisustus\/","title":{"rendered":"SONGMICS Matto Olohuoneen matto Luistamaton matto Sisustus"},"content":{"rendered":"<p>SONGMICS-matto, 80 x 150 cm, olohuoneen matto, luistamaton matto, sisustus, olohuoneeseen, makuuhuoneeseen, lastenhuoneeseen, konepest\u00e4v\u00e4, eritt\u00e4in pehme\u00e4, moderni, kyyhkynharmaa TAR011G01<br \/>\nV\u00e4ri: kyyhkynharmaa<br \/>\nPakkauksen mitat: 43 x 33 x 9 cm; 1,9 kg<br \/>\nMateriaali: polyesteri, huopa, TPR (termoplastinen kumi)<br \/>\nMuut tekniset tiedot: \u200ePest\u00e4v\u00e4, luistamaton<br \/>\nTuotteen paino: 1,9 kg<\/p>\n","protected":false},"excerpt":{"rendered":"<p>SONGMICS-matto, 80 x 150 cm, olohuoneen matto, luistamaton matto, sisustus, olohuoneeseen, makuuhuoneeseen, lastenhuoneeseen, konepest\u00e4v\u00e4, eritt\u00e4in pehme\u00e4, moderni, kyyhkynharmaa TAR011G01<\/p>\n","protected":false},"featured_media":46514,"comment_status":"open","ping_status":"closed","template":"","meta":[],"product_brand":[],"product_cat":[32],"product_tag":[],"class_list":{"0":"post-38766","1":"product","2":"type-product","3":"status-publish","4":"has-post-thumbnail","6":"product_cat-uncategorized-fi","8":"first","9":"instock","10":"shipping-taxable","11":"purchasable","12":"product-type-simple"},"_links":{"self":[{"href":"https:\/\/nordicmart.andreevmaster.com\/fi\/wp-json\/wp\/v2\/product\/38766","targetHints":{"allow":["GET"]}}],"collection":[{"href":"https:\/\/nordicmart.andreevmaster.com\/fi\/wp-json\/wp\/v2\/product"}],"about":[{"href":"https:\/\/nordicmart.andreevmaster.com\/fi\/wp-json\/wp\/v2\/types\/product"}],"replies":[{"embeddable":true,"href":"https:\/\/nordicmart.andreevmaster.com\/fi\/wp-json\/wp\/v2\/comments?post=38766"}],"wp:featuredmedia":[{"embeddable":true,"href":"https:\/\/nordicmart.andreevmaster.com\/fi\/wp-json\/wp\/v2\/media\/46514"}],"wp:attachment":[{"href":"https:\/\/nordicmart.andreevmaster.com\/fi\/wp-json\/wp\/v2\/media?parent=38766"}],"wp:term":[{"taxonomy":"product_brand","embeddable":true,"href":"https:\/\/nordicmart.andreevmaster.com\/fi\/wp-json\/wp\/v2\/product_brand?post=38766"},{"taxonomy":"product_cat","embeddable":true,"href":"https:\/\/nordicmart.andreevmaster.com\/fi\/wp-json\/wp\/v2\/product_cat?post=38766"},{"taxonomy":"product_tag","embeddable":true,"href":"https:\/\/nordicmart.andreevmaster.com\/fi\/wp-json\/wp\/v2\/product_tag?post=38766"}],"curies":[{"name":"wp","href":"https:\/\/api.w.org\/{rel}","templated":true}]}}