{"id":38764,"date":"2026-02-27T00:45:39","date_gmt":"2026-02-27T00:45:39","guid":{"rendered":"https:\/\/nordicmart.andreevmaster.com\/product\/songmics-2-kpl-jalkapallomaaleja-lapsille\/"},"modified":"2026-02-27T10:00:47","modified_gmt":"2026-02-27T10:00:47","slug":"songmics-2-kpl-jalkapallomaaleja-lapsille","status":"publish","type":"product","link":"https:\/\/nordicmart.andreevmaster.com\/fi\/tuote\/songmics-2-kpl-jalkapallomaaleja-lapsille\/","title":{"rendered":"SONGMICS 2 kpl jalkapallomaaleja lapsille"},"content":{"rendered":"<p>Tuotetiedot: &#8211; V\u00e4ri: oranssi &#8211; Materiaali: lasikuitutangot, polyesteriverkko, Oxford-kangas &#8211; Koko: 120 x 91 x 91 cm (P x L x K) &#8211; Paino: 2,4 kg Toimitus sis\u00e4lt\u00e4\u00e4:- 2 x jalkapallomaali &#8211; 2 x maalitaulu &#8211; 6 x harjoituskartio &#8211; 8 x J-muotoinen maakiila &#8211; 1 x kuljetuslaukku &#8211; 1 x ohjeet SONGMICS Huomautukset: &#8211; T\u00e4m\u00e4 tuote on tarkoitettu ulkok\u00e4ytt\u00f6\u00f6n ja se on asennettava mukana toimitettujen kiinnitystarvikkeiden avulla. Varmista, ett\u00e4 se on kiinnitetty tukevasti maahan. &#8211; Ei sovellu alle 3-vuotiaille lapsille. Yli 3-vuotiaat lapset saavat k\u00e4ytt\u00e4\u00e4 tuotetta vain aikuisen valvonnassa. &#8211; T\u00e4m\u00e4 on pop-up-jalkapallomaali. Pid\u00e4 riitt\u00e4v\u00e4 et\u00e4isyys tuotteeseen, kun avaat sen.<\/p>\n","protected":false},"excerpt":{"rendered":"<p>SONGMICS jalkapallomaali lapsille, 2 kpl, kannettava ja taitettava, puutarha, puisto, ranta, lasikuitutangot, musta SZQ422B01<\/p>\n","protected":false},"featured_media":46512,"comment_status":"open","ping_status":"closed","template":"","meta":[],"product_brand":[],"product_cat":[32],"product_tag":[],"class_list":{"0":"post-38764","1":"product","2":"type-product","3":"status-publish","4":"has-post-thumbnail","6":"product_cat-uncategorized-fi","8":"first","9":"instock","10":"shipping-taxable","11":"purchasable","12":"product-type-simple"},"_links":{"self":[{"href":"https:\/\/nordicmart.andreevmaster.com\/fi\/wp-json\/wp\/v2\/product\/38764","targetHints":{"allow":["GET"]}}],"collection":[{"href":"https:\/\/nordicmart.andreevmaster.com\/fi\/wp-json\/wp\/v2\/product"}],"about":[{"href":"https:\/\/nordicmart.andreevmaster.com\/fi\/wp-json\/wp\/v2\/types\/product"}],"replies":[{"embeddable":true,"href":"https:\/\/nordicmart.andreevmaster.com\/fi\/wp-json\/wp\/v2\/comments?post=38764"}],"wp:featuredmedia":[{"embeddable":true,"href":"https:\/\/nordicmart.andreevmaster.com\/fi\/wp-json\/wp\/v2\/media\/46512"}],"wp:attachment":[{"href":"https:\/\/nordicmart.andreevmaster.com\/fi\/wp-json\/wp\/v2\/media?parent=38764"}],"wp:term":[{"taxonomy":"product_brand","embeddable":true,"href":"https:\/\/nordicmart.andreevmaster.com\/fi\/wp-json\/wp\/v2\/product_brand?post=38764"},{"taxonomy":"product_cat","embeddable":true,"href":"https:\/\/nordicmart.andreevmaster.com\/fi\/wp-json\/wp\/v2\/product_cat?post=38764"},{"taxonomy":"product_tag","embeddable":true,"href":"https:\/\/nordicmart.andreevmaster.com\/fi\/wp-json\/wp\/v2\/product_tag?post=38764"}],"curies":[{"name":"wp","href":"https:\/\/api.w.org\/{rel}","templated":true}]}}