{"id":38761,"date":"2026-02-27T00:45:38","date_gmt":"2026-02-27T00:45:38","guid":{"rendered":"https:\/\/nordicmart.andreevmaster.com\/product\/songmics-jalkapallomaali-lapsille\/"},"modified":"2026-02-27T10:00:46","modified_gmt":"2026-02-27T10:00:46","slug":"songmics-jalkapallomaali-lapsille","status":"publish","type":"product","link":"https:\/\/nordicmart.andreevmaster.com\/fi\/tuote\/songmics-jalkapallomaali-lapsille\/","title":{"rendered":"SONGMICS jalkapallomaali lapsille"},"content":{"rendered":"<p>Ulkona on aurinkoista ja vihre\u00e4\u00e4, mutta lapsesi roikkuvat television tai \u00e4lypuhelimen \u00e4\u00e4ress\u00e4? T\u00e4n\u00e4 kev\u00e4\u00e4n\u00e4 ja kes\u00e4n\u00e4 voit vihdoin houkutella heid\u00e4t takaisin puutarhaan: pelatkaa yhdess\u00e4 jalkapalloa! T\u00e4m\u00e4n kevyen mutta kest\u00e4v\u00e4n SONGMICS-jalkapallomaalin avulla lapsesi voivat pit\u00e4\u00e4 hauskaa luonnossa ja pelata jalkapalloa tuntikausia. T\u00e4m\u00e4 jalkapallomaali on valmistettu jauhemaalatuista putkista ja kest\u00e4v\u00e4st\u00e4 PE-verkosta, ja se kiinnitet\u00e4\u00e4n maahan nelj\u00e4ll\u00e4 U-muotoisella maakiinnikkeell\u00e4. Miss\u00e4 haluat asentaa sen? Puutarhaan, puistoon vai rannalle? Kaikki on kunnossa! Pelottaako asennus? \u00c4l\u00e4 huoli. T\u00e4m\u00e4 jalkapallomaali on helppo pystytt\u00e4\u00e4 ja purkaa. Yksitt\u00e4iset osat on helppo kuljettaa mukanasi minne tahansa. Tuotetiedot: V\u00e4ri: valkoinen Materiaali: jauhemaalatut putket, PE-verkko Koko: 215 x 76 x 150 cm (P x L x K) Silm\u00e4koko: 10 x 10 cm Paino: 4,8 kg Toimitus sis\u00e4lt\u00e4\u00e4: 1 x metallirunko 1 x verkko 4 x ruuvi 4 x maakiinnike 24 x tarranauha 1 x ohjeet (DE, EN, FR, ES, IT) SONGMICS-huomautukset: T\u00e4m\u00e4 tuote on tarkoitettu asennettavaksi ulkona mukana toimitettujen kiinnitystarvikkeiden avulla. Varmista, ett\u00e4 se on kiinnitetty tukevasti maahan. Ei sovellu alle 3-vuotiaille lapsille. Yli 3-vuotiaat lapset saavat k\u00e4ytt\u00e4\u00e4 tuotetta vain aikuisen valvonnassa.<\/p>\n","protected":false},"excerpt":{"rendered":"<p>SONGMICS jalkapallomaali lapsille, nopea asennus, puutarha, puisto, ranta, rautaputket ja PE-verkko, musta SZQ215BK<\/p>\n","protected":false},"featured_media":46509,"comment_status":"open","ping_status":"closed","template":"","meta":[],"product_brand":[],"product_cat":[32],"product_tag":[],"class_list":{"0":"post-38761","1":"product","2":"type-product","3":"status-publish","4":"has-post-thumbnail","6":"product_cat-uncategorized-fi","8":"first","9":"instock","10":"shipping-taxable","11":"purchasable","12":"product-type-simple"},"_links":{"self":[{"href":"https:\/\/nordicmart.andreevmaster.com\/fi\/wp-json\/wp\/v2\/product\/38761","targetHints":{"allow":["GET"]}}],"collection":[{"href":"https:\/\/nordicmart.andreevmaster.com\/fi\/wp-json\/wp\/v2\/product"}],"about":[{"href":"https:\/\/nordicmart.andreevmaster.com\/fi\/wp-json\/wp\/v2\/types\/product"}],"replies":[{"embeddable":true,"href":"https:\/\/nordicmart.andreevmaster.com\/fi\/wp-json\/wp\/v2\/comments?post=38761"}],"wp:featuredmedia":[{"embeddable":true,"href":"https:\/\/nordicmart.andreevmaster.com\/fi\/wp-json\/wp\/v2\/media\/46509"}],"wp:attachment":[{"href":"https:\/\/nordicmart.andreevmaster.com\/fi\/wp-json\/wp\/v2\/media?parent=38761"}],"wp:term":[{"taxonomy":"product_brand","embeddable":true,"href":"https:\/\/nordicmart.andreevmaster.com\/fi\/wp-json\/wp\/v2\/product_brand?post=38761"},{"taxonomy":"product_cat","embeddable":true,"href":"https:\/\/nordicmart.andreevmaster.com\/fi\/wp-json\/wp\/v2\/product_cat?post=38761"},{"taxonomy":"product_tag","embeddable":true,"href":"https:\/\/nordicmart.andreevmaster.com\/fi\/wp-json\/wp\/v2\/product_tag?post=38761"}],"curies":[{"name":"wp","href":"https:\/\/api.w.org\/{rel}","templated":true}]}}