{"id":38760,"date":"2026-02-27T00:45:38","date_gmt":"2026-02-27T00:45:38","guid":{"rendered":"https:\/\/nordicmart.andreevmaster.com\/product\/songmics-jalkapallomaali-nopea-asennus\/"},"modified":"2026-02-27T10:00:46","modified_gmt":"2026-02-27T10:00:46","slug":"songmics-jalkapallomaali-nopea-asennus","status":"publish","type":"product","link":"https:\/\/nordicmart.andreevmaster.com\/fi\/tuote\/songmics-jalkapallomaali-nopea-asennus\/","title":{"rendered":"SONGMICS jalkapallomaali, nopea asennus"},"content":{"rendered":"<p>Ulkona on aurinkoista ja vihre\u00e4\u00e4, mutta lapsesi roikkuvat television tai \u00e4lypuhelimen \u00e4\u00e4ress\u00e4? T\u00e4n\u00e4 kev\u00e4\u00e4n\u00e4 ja kes\u00e4n\u00e4 voit vihdoin houkutella heid\u00e4t takaisin puutarhaan: pelatkaa yhdess\u00e4 jalkapalloa! SONGMICSin kevyen mutta kest\u00e4v\u00e4n jalkapallomaalin avulla lapsesi voivat pit\u00e4\u00e4 hauskaa luonnossa ja pelata jalkapalloa tuntikausia.<\/p>\n<p>T\u00e4m\u00e4 jalkapallomaali on valmistettu jauhemaalatuista rautaputkista ja kest\u00e4v\u00e4st\u00e4 PE-verkosta, ja se kiinnitet\u00e4\u00e4n maahan nelj\u00e4ll\u00e4 U-muotoisella maakiinnikkeell\u00e4. Miss\u00e4 haluatte sen pystytt\u00e4\u00e4? Puutarhaan, puistoon vai rannalle? Kaikki k\u00e4y!<\/p>\n<p>Pelottaako asennus? \u00c4l\u00e4 huoli. T\u00e4m\u00e4 jalkapallomaali on helppo pystytt\u00e4\u00e4 ja purkaa. Yksitt\u00e4iset osat on helppo kuljettaa mukanasi minne tahansa.<\/p>\n<p>Tuotetiedot:<\/p>\n<p>V\u00e4ri: musta Materiaali: jauhemaalatut rautaputket, PE-verkko<br \/>\nKoko: 215 x 76 x 150 cm (P x L x K)<br \/>\nSilm\u00e4koko: 10 x 10 cm<br \/>\nPaino: 4,8 kg<br \/>\nToimitus sis\u00e4lt\u00e4\u00e4:<\/p>\n<p>1 x metallirunko<br \/>\n1 x verkko<br \/>\n4 x ruuvi<br \/>\n4 x maakiinnike<br \/>\n24 x tarranauha<br \/>\n1 x ohjeet (DE, EN, FR, ES, IT)<\/p>\n<p>SONGMICS Huomautukset:<br \/>\nT\u00e4m\u00e4 tuote on tarkoitettu ulkok\u00e4ytt\u00f6\u00f6n ja se on asennettava mukana toimitettujen kiinnitystarvikkeiden avulla. Varmista, ett\u00e4 tuote on kiinnitetty tukevasti maahan.<br \/>\nEi sovellu alle 3-vuotiaille lapsille. Yli 3-vuotiaat lapset saavat k\u00e4ytt\u00e4\u00e4 tuotetta vain aikuisen valvonnassa.<\/p>\n","protected":false},"excerpt":{"rendered":"<p>SONGMICS jalkapallomaali lapsille, nopea asennus, puutarha, puisto, ranta, rautaputket ja PE-verkko, musta SZQ215BK<\/p>\n","protected":false},"featured_media":46508,"comment_status":"open","ping_status":"closed","template":"","meta":[],"product_brand":[],"product_cat":[32],"product_tag":[],"class_list":{"0":"post-38760","1":"product","2":"type-product","3":"status-publish","4":"has-post-thumbnail","6":"product_cat-uncategorized-fi","8":"first","9":"instock","10":"shipping-taxable","11":"purchasable","12":"product-type-simple"},"_links":{"self":[{"href":"https:\/\/nordicmart.andreevmaster.com\/fi\/wp-json\/wp\/v2\/product\/38760","targetHints":{"allow":["GET"]}}],"collection":[{"href":"https:\/\/nordicmart.andreevmaster.com\/fi\/wp-json\/wp\/v2\/product"}],"about":[{"href":"https:\/\/nordicmart.andreevmaster.com\/fi\/wp-json\/wp\/v2\/types\/product"}],"replies":[{"embeddable":true,"href":"https:\/\/nordicmart.andreevmaster.com\/fi\/wp-json\/wp\/v2\/comments?post=38760"}],"wp:featuredmedia":[{"embeddable":true,"href":"https:\/\/nordicmart.andreevmaster.com\/fi\/wp-json\/wp\/v2\/media\/46508"}],"wp:attachment":[{"href":"https:\/\/nordicmart.andreevmaster.com\/fi\/wp-json\/wp\/v2\/media?parent=38760"}],"wp:term":[{"taxonomy":"product_brand","embeddable":true,"href":"https:\/\/nordicmart.andreevmaster.com\/fi\/wp-json\/wp\/v2\/product_brand?post=38760"},{"taxonomy":"product_cat","embeddable":true,"href":"https:\/\/nordicmart.andreevmaster.com\/fi\/wp-json\/wp\/v2\/product_cat?post=38760"},{"taxonomy":"product_tag","embeddable":true,"href":"https:\/\/nordicmart.andreevmaster.com\/fi\/wp-json\/wp\/v2\/product_tag?post=38760"}],"curies":[{"name":"wp","href":"https:\/\/api.w.org\/{rel}","templated":true}]}}