{"id":38759,"date":"2026-02-27T00:45:38","date_gmt":"2026-02-27T00:45:38","guid":{"rendered":"https:\/\/nordicmart.andreevmaster.com\/product\/songmics-jalkapallomaali-lapsille-musta\/"},"modified":"2026-02-27T10:00:46","modified_gmt":"2026-02-27T10:00:46","slug":"songmics-jalkapallomaali-lapsille-musta","status":"publish","type":"product","link":"https:\/\/nordicmart.andreevmaster.com\/fi\/tuote\/songmics-jalkapallomaali-lapsille-musta\/","title":{"rendered":"SONGMICS jalkapallomaali lapsille, musta"},"content":{"rendered":"<p>Tuotetiedot: V\u00e4ri: musta Materiaali: jauhemaalatut rautaputket, PE-verkko, Oxford-kangas Jalkapallomaalin koko: 215 x 76 x 150 cm (P x L x K), maalikehikon rei\u00e4t: \u00d8 40 cm Maalikehikon koko: 204 \u00d7 145 cm Silm\u00e4koko: 10 x 10 cm Paino: 5,6 kg Toimitus sis\u00e4lt\u00e4\u00e4: 1 x jalkapallomaali 1 x verkko 4 x ruuvi 1 x maalisein\u00e4 18 x joustava silmukka 8 x maakiinnike 24 x tarranauha 1 x ohjeet (DE, EN, FR, ES, IT) SONGMICS Huomautukset:T\u00e4m\u00e4 tuote on tarkoitettu ulkok\u00e4ytt\u00f6\u00f6n ja se on asennettava mukana toimitettujen kiinnitystarvikkeiden avulla. Varmista, ett\u00e4 se on kiinnitetty tukevasti maahan. Ei sovellu alle 3-vuotiaille lapsille. Yli 3-vuotiaat lapset saavat k\u00e4ytt\u00e4\u00e4 tuotetta vain aikuisen valvonnassa.<\/p>\n","protected":false},"excerpt":{"rendered":"<p>SONGMICS jalkapallomaali lapsille, nopea asennus, puutarha, puisto, ranta, rautaputket ja PE-verkko, musta SZQ215BK<\/p>\n","protected":false},"featured_media":46507,"comment_status":"open","ping_status":"closed","template":"","meta":[],"product_brand":[],"product_cat":[32],"product_tag":[],"class_list":{"0":"post-38759","1":"product","2":"type-product","3":"status-publish","4":"has-post-thumbnail","6":"product_cat-uncategorized-fi","8":"first","9":"instock","10":"shipping-taxable","11":"purchasable","12":"product-type-simple"},"_links":{"self":[{"href":"https:\/\/nordicmart.andreevmaster.com\/fi\/wp-json\/wp\/v2\/product\/38759","targetHints":{"allow":["GET"]}}],"collection":[{"href":"https:\/\/nordicmart.andreevmaster.com\/fi\/wp-json\/wp\/v2\/product"}],"about":[{"href":"https:\/\/nordicmart.andreevmaster.com\/fi\/wp-json\/wp\/v2\/types\/product"}],"replies":[{"embeddable":true,"href":"https:\/\/nordicmart.andreevmaster.com\/fi\/wp-json\/wp\/v2\/comments?post=38759"}],"wp:featuredmedia":[{"embeddable":true,"href":"https:\/\/nordicmart.andreevmaster.com\/fi\/wp-json\/wp\/v2\/media\/46507"}],"wp:attachment":[{"href":"https:\/\/nordicmart.andreevmaster.com\/fi\/wp-json\/wp\/v2\/media?parent=38759"}],"wp:term":[{"taxonomy":"product_brand","embeddable":true,"href":"https:\/\/nordicmart.andreevmaster.com\/fi\/wp-json\/wp\/v2\/product_brand?post=38759"},{"taxonomy":"product_cat","embeddable":true,"href":"https:\/\/nordicmart.andreevmaster.com\/fi\/wp-json\/wp\/v2\/product_cat?post=38759"},{"taxonomy":"product_tag","embeddable":true,"href":"https:\/\/nordicmart.andreevmaster.com\/fi\/wp-json\/wp\/v2\/product_tag?post=38759"}],"curies":[{"name":"wp","href":"https:\/\/api.w.org\/{rel}","templated":true}]}}