{"id":38758,"date":"2026-02-27T00:45:37","date_gmt":"2026-02-27T00:45:37","guid":{"rendered":"https:\/\/nordicmart.andreevmaster.com\/product\/songmics-jalkapallomaalit-lapsille-punaiset\/"},"modified":"2026-02-27T10:00:46","modified_gmt":"2026-02-27T10:00:46","slug":"songmics-jalkapallomaalit-lapsille-punaiset","status":"publish","type":"product","link":"https:\/\/nordicmart.andreevmaster.com\/fi\/tuote\/songmics-jalkapallomaalit-lapsille-punaiset\/","title":{"rendered":"SONGMICS jalkapallomaalit lapsille, punaiset"},"content":{"rendered":"<p>Tuotetiedot: V\u00e4ri: punainen Materiaali: ter\u00e4s, lasikuitutangot, polyesteriverkko, Oxford-kangas Koko: 120 x 80 x 80 cm (P x L x K) Paino: 2,2 kg Toimitus sis\u00e4lt\u00e4\u00e4: 2 x jalkapallomaali 4 x tukitanko 4 x metallikulma (2 per maali) 8 x maakiinnike 1 x kuljetuslaukku (95 x 95 x 110 cm) 1 x ohjeet (DE, EN, FR, ES, IT) SONGMICS Huomautukset:T\u00e4m\u00e4 tuote on tarkoitettu ulkok\u00e4ytt\u00f6\u00f6n ja se on asennettava mukana toimitettujen kiinnitystarvikkeiden avulla. Varmista, ett\u00e4 se on kiinnitetty tukevasti maahan. Ei sovellu alle 3-vuotiaille lapsille. Yli 3-vuotiaat lapset saavat k\u00e4ytt\u00e4\u00e4 tuotetta vain aikuisen valvonnassa. T\u00e4m\u00e4 on pop-up-jalkapallomaali. Pid\u00e4 riitt\u00e4v\u00e4 et\u00e4isyys tuotteeseen, kun avaat sen.<\/p>\n","protected":false},"excerpt":{"rendered":"<p>SONGMICS jalkapallomaalit lapsille, 2 kpl, pop-up, nopea asennus, puutarha, puisto, ranta, runko lasikuitutangoista, Oxford-kangas ja polyesteriverkko, musta SZQ122B02<\/p>\n","protected":false},"featured_media":46506,"comment_status":"open","ping_status":"closed","template":"","meta":[],"product_brand":[],"product_cat":[32],"product_tag":[],"class_list":{"0":"post-38758","1":"product","2":"type-product","3":"status-publish","4":"has-post-thumbnail","6":"product_cat-uncategorized-fi","8":"first","9":"instock","10":"shipping-taxable","11":"purchasable","12":"product-type-simple"},"_links":{"self":[{"href":"https:\/\/nordicmart.andreevmaster.com\/fi\/wp-json\/wp\/v2\/product\/38758","targetHints":{"allow":["GET"]}}],"collection":[{"href":"https:\/\/nordicmart.andreevmaster.com\/fi\/wp-json\/wp\/v2\/product"}],"about":[{"href":"https:\/\/nordicmart.andreevmaster.com\/fi\/wp-json\/wp\/v2\/types\/product"}],"replies":[{"embeddable":true,"href":"https:\/\/nordicmart.andreevmaster.com\/fi\/wp-json\/wp\/v2\/comments?post=38758"}],"wp:featuredmedia":[{"embeddable":true,"href":"https:\/\/nordicmart.andreevmaster.com\/fi\/wp-json\/wp\/v2\/media\/46506"}],"wp:attachment":[{"href":"https:\/\/nordicmart.andreevmaster.com\/fi\/wp-json\/wp\/v2\/media?parent=38758"}],"wp:term":[{"taxonomy":"product_brand","embeddable":true,"href":"https:\/\/nordicmart.andreevmaster.com\/fi\/wp-json\/wp\/v2\/product_brand?post=38758"},{"taxonomy":"product_cat","embeddable":true,"href":"https:\/\/nordicmart.andreevmaster.com\/fi\/wp-json\/wp\/v2\/product_cat?post=38758"},{"taxonomy":"product_tag","embeddable":true,"href":"https:\/\/nordicmart.andreevmaster.com\/fi\/wp-json\/wp\/v2\/product_tag?post=38758"}],"curies":[{"name":"wp","href":"https:\/\/api.w.org\/{rel}","templated":true}]}}