{"id":38754,"date":"2026-02-27T00:45:36","date_gmt":"2026-02-27T00:45:36","guid":{"rendered":"https:\/\/nordicmart.andreevmaster.com\/product\/songmics-jalkapallomaali-terasrungolla-lapsille\/"},"modified":"2026-02-27T10:00:45","modified_gmt":"2026-02-27T10:00:45","slug":"songmics-jalkapallomaali-terasrungolla-lapsille","status":"publish","type":"product","link":"https:\/\/nordicmart.andreevmaster.com\/fi\/tuote\/songmics-jalkapallomaali-terasrungolla-lapsille\/","title":{"rendered":"SONGMICS jalkapallomaali ter\u00e4srungolla lapsille"},"content":{"rendered":"<p>SONGMICS Rebounder jalkapallolle, lasten jalkapallomaali, kannettava, jalkapallon rebounder, jalkapallomaali ter\u00e4srungolla, kulman s\u00e4\u00e4t\u00f6, nopea asennus, puutarhaan, puistoon, rannalle<br \/>\nV\u00e4ri: musta<br \/>\nMateriaali: galvanoidut ter\u00e4sputket<br \/>\nKoko: 78,5 x 84,5 x (55-78,5) cm (S x L x K)<br \/>\nPaino: 6,7 kg<\/p>\n","protected":false},"excerpt":{"rendered":"<p>SONGMICS Rebounder jalkapallolle, lasten jalkapallomaali, kannettava, jalkapallon rebounder, jalkapallomaali ter\u00e4srungolla, kulman s\u00e4\u00e4t\u00f6, nopea asennus, puutarhaan, puistoon, rannalle<\/p>\n","protected":false},"featured_media":46502,"comment_status":"open","ping_status":"closed","template":"","meta":[],"product_brand":[],"product_cat":[32],"product_tag":[],"class_list":{"0":"post-38754","1":"product","2":"type-product","3":"status-publish","4":"has-post-thumbnail","6":"product_cat-uncategorized-fi","8":"first","9":"instock","10":"shipping-taxable","11":"purchasable","12":"product-type-simple"},"_links":{"self":[{"href":"https:\/\/nordicmart.andreevmaster.com\/fi\/wp-json\/wp\/v2\/product\/38754","targetHints":{"allow":["GET"]}}],"collection":[{"href":"https:\/\/nordicmart.andreevmaster.com\/fi\/wp-json\/wp\/v2\/product"}],"about":[{"href":"https:\/\/nordicmart.andreevmaster.com\/fi\/wp-json\/wp\/v2\/types\/product"}],"replies":[{"embeddable":true,"href":"https:\/\/nordicmart.andreevmaster.com\/fi\/wp-json\/wp\/v2\/comments?post=38754"}],"wp:featuredmedia":[{"embeddable":true,"href":"https:\/\/nordicmart.andreevmaster.com\/fi\/wp-json\/wp\/v2\/media\/46502"}],"wp:attachment":[{"href":"https:\/\/nordicmart.andreevmaster.com\/fi\/wp-json\/wp\/v2\/media?parent=38754"}],"wp:term":[{"taxonomy":"product_brand","embeddable":true,"href":"https:\/\/nordicmart.andreevmaster.com\/fi\/wp-json\/wp\/v2\/product_brand?post=38754"},{"taxonomy":"product_cat","embeddable":true,"href":"https:\/\/nordicmart.andreevmaster.com\/fi\/wp-json\/wp\/v2\/product_cat?post=38754"},{"taxonomy":"product_tag","embeddable":true,"href":"https:\/\/nordicmart.andreevmaster.com\/fi\/wp-json\/wp\/v2\/product_tag?post=38754"}],"curies":[{"name":"wp","href":"https:\/\/api.w.org\/{rel}","templated":true}]}}