{"id":38752,"date":"2026-02-27T00:45:36","date_gmt":"2026-02-27T00:45:36","guid":{"rendered":"https:\/\/nordicmart.andreevmaster.com\/product\/songmics-sulkapalloverkko-metallirungolla\/"},"modified":"2026-02-27T10:00:44","modified_gmt":"2026-02-27T10:00:44","slug":"songmics-sulkapalloverkko-metallirungolla","status":"publish","type":"product","link":"https:\/\/nordicmart.andreevmaster.com\/fi\/tuote\/songmics-sulkapalloverkko-metallirungolla\/","title":{"rendered":"SONGMICS sulkapalloverkko metallirungolla"},"content":{"rendered":"<p>Tuotekuvaus: Ulkona on aurinkoista ja vihre\u00e4\u00e4, mutta perheesi roikkuu television tai \u00e4lypuhelimen \u00e4\u00e4ress\u00e4? T\u00e4n\u00e4 kev\u00e4\u00e4n\u00e4 ja kes\u00e4n\u00e4 voit vihdoin houkutella heid\u00e4t takaisin puutarhaan: pelatkaa yhdess\u00e4 sulkapalloa! Ilman s\u00e4hk\u00f6laitteita tai muita h\u00e4iri\u00f6tekij\u00f6it\u00e4 lapsesi voivat pit\u00e4\u00e4 hauskaa luonnossa ja pelata sulkapalloa tuntikausia. T\u00e4m\u00e4n SONGMICS-sulkapalloverkon avulla olet perheesi t\u00e4hti ja pelikumppani numero 1! T\u00e4ss\u00e4 ovat SONGMICS-sulkapalloverkon kohokohdat: 107, 120 ja 155 cm korkeuss\u00e4\u00e4dett\u00e4v\u00e4 verkko merkinn\u00f6ill\u00e4.Sopii moniin verkkopeleihin: sulkapallo, tennis, lentopallo jne. Asennetaan ja puretaan muutamassa minuutissa. Mukana 4 maakiilaa vakautta lis\u00e4\u00e4m\u00e4\u00e4n. Verkon jalustojen nelj\u00e4\u00e4n suuntaan avautuvat nailonliitokset on valmistettu samasta materiaalista, jota k\u00e4ytet\u00e4\u00e4n iskunvaimentimien valmistuksessa. Siksi ne ovat erityisen kest\u00e4vi\u00e4 ja lujia. Mukana toimitetaan my\u00f6s kuljetuskassi. Tuotetiedot: Materiaali: rautaputket + PE-verkko + Oxford-kangas Rautaputkien halkaisija: 19 mm Tuotteen mitat: 500 x 155 x 103 cm (L x K x S) V\u00e4ri: musta (runko); sininen (verkko)Toimitus sis\u00e4lt\u00e4\u00e4:1x sulkapalloverkko1x kantolaukku4x maakiila1x ohjeet (DE, EN, FR, IT, ES)<\/p>\n","protected":false},"excerpt":{"rendered":"<p>SONGMICS 5 m sulkapalloverkko, tennisverkko, korkeuss\u00e4\u00e4dett\u00e4v\u00e4, sarja sis\u00e4lt\u00e4\u00e4 verkon, tukevan rautakehyksen ja kuljetuslaukun SYQ500V2<\/p>\n","protected":false},"featured_media":46500,"comment_status":"open","ping_status":"closed","template":"","meta":[],"product_brand":[],"product_cat":[32],"product_tag":[],"class_list":{"0":"post-38752","1":"product","2":"type-product","3":"status-publish","4":"has-post-thumbnail","6":"product_cat-uncategorized-fi","8":"first","9":"instock","10":"shipping-taxable","11":"purchasable","12":"product-type-simple"},"_links":{"self":[{"href":"https:\/\/nordicmart.andreevmaster.com\/fi\/wp-json\/wp\/v2\/product\/38752","targetHints":{"allow":["GET"]}}],"collection":[{"href":"https:\/\/nordicmart.andreevmaster.com\/fi\/wp-json\/wp\/v2\/product"}],"about":[{"href":"https:\/\/nordicmart.andreevmaster.com\/fi\/wp-json\/wp\/v2\/types\/product"}],"replies":[{"embeddable":true,"href":"https:\/\/nordicmart.andreevmaster.com\/fi\/wp-json\/wp\/v2\/comments?post=38752"}],"wp:featuredmedia":[{"embeddable":true,"href":"https:\/\/nordicmart.andreevmaster.com\/fi\/wp-json\/wp\/v2\/media\/46500"}],"wp:attachment":[{"href":"https:\/\/nordicmart.andreevmaster.com\/fi\/wp-json\/wp\/v2\/media?parent=38752"}],"wp:term":[{"taxonomy":"product_brand","embeddable":true,"href":"https:\/\/nordicmart.andreevmaster.com\/fi\/wp-json\/wp\/v2\/product_brand?post=38752"},{"taxonomy":"product_cat","embeddable":true,"href":"https:\/\/nordicmart.andreevmaster.com\/fi\/wp-json\/wp\/v2\/product_cat?post=38752"},{"taxonomy":"product_tag","embeddable":true,"href":"https:\/\/nordicmart.andreevmaster.com\/fi\/wp-json\/wp\/v2\/product_tag?post=38752"}],"curies":[{"name":"wp","href":"https:\/\/api.w.org\/{rel}","templated":true}]}}