{"id":38750,"date":"2026-02-27T00:45:35","date_gmt":"2026-02-27T00:45:35","guid":{"rendered":"https:\/\/nordicmart.andreevmaster.com\/product\/songmics-sulkapalloverkkosetti-musta\/"},"modified":"2026-02-27T10:00:44","modified_gmt":"2026-02-27T10:00:44","slug":"songmics-sulkapalloverkkosetti-musta","status":"publish","type":"product","link":"https:\/\/nordicmart.andreevmaster.com\/fi\/tuote\/songmics-sulkapalloverkkosetti-musta\/","title":{"rendered":"SONGMICS sulkapalloverkkosetti, musta"},"content":{"rendered":"<p>T\u00e4m\u00e4 setti sis\u00e4lt\u00e4\u00e4 tihe\u00e4silm\u00e4isen verkon ja tukevat rautaputket. Sen avulla voit luoda pelikent\u00e4n sekunneissa puutarhaan, takapihalle, puistoon, rannalle tai kuntosalille. Juokse sitten sulkapallon per\u00e4ss\u00e4 ja pelaa villi sulkapallopeli yst\u00e4vien tai perheen kanssa. Tuotetiedot: V\u00e4ri: musta Materiaali: Rautatangot, verkko PE:t\u00e4 (polyeteeni\u00e4), Oxford-kangasta Koko: 500 x 103 x 155 cm (P x L x K) Rautatangon halkaisija: 19 mm Paino: 4,8 kg Toimitus sis\u00e4lt\u00e4\u00e4: 1 x sulkapalloverkko 1 x kuljetuslaukku 4 x maakiila 1 x ohjeet (DE, EN, FR, ES, IT)<\/p>\n","protected":false},"excerpt":{"rendered":"<p>SONGMICS 5 m sulkapalloverkko, tennisverkko, korkeuss\u00e4\u00e4dett\u00e4v\u00e4, sarja sis\u00e4lt\u00e4\u00e4 verkon, tukevan rautakehyksen ja kuljetuslaukun SYQ500V2<\/p>\n","protected":false},"featured_media":46498,"comment_status":"open","ping_status":"closed","template":"","meta":[],"product_brand":[],"product_cat":[32],"product_tag":[],"class_list":{"0":"post-38750","1":"product","2":"type-product","3":"status-publish","4":"has-post-thumbnail","6":"product_cat-uncategorized-fi","8":"first","9":"instock","10":"shipping-taxable","11":"purchasable","12":"product-type-simple"},"_links":{"self":[{"href":"https:\/\/nordicmart.andreevmaster.com\/fi\/wp-json\/wp\/v2\/product\/38750","targetHints":{"allow":["GET"]}}],"collection":[{"href":"https:\/\/nordicmart.andreevmaster.com\/fi\/wp-json\/wp\/v2\/product"}],"about":[{"href":"https:\/\/nordicmart.andreevmaster.com\/fi\/wp-json\/wp\/v2\/types\/product"}],"replies":[{"embeddable":true,"href":"https:\/\/nordicmart.andreevmaster.com\/fi\/wp-json\/wp\/v2\/comments?post=38750"}],"wp:featuredmedia":[{"embeddable":true,"href":"https:\/\/nordicmart.andreevmaster.com\/fi\/wp-json\/wp\/v2\/media\/46498"}],"wp:attachment":[{"href":"https:\/\/nordicmart.andreevmaster.com\/fi\/wp-json\/wp\/v2\/media?parent=38750"}],"wp:term":[{"taxonomy":"product_brand","embeddable":true,"href":"https:\/\/nordicmart.andreevmaster.com\/fi\/wp-json\/wp\/v2\/product_brand?post=38750"},{"taxonomy":"product_cat","embeddable":true,"href":"https:\/\/nordicmart.andreevmaster.com\/fi\/wp-json\/wp\/v2\/product_cat?post=38750"},{"taxonomy":"product_tag","embeddable":true,"href":"https:\/\/nordicmart.andreevmaster.com\/fi\/wp-json\/wp\/v2\/product_tag?post=38750"}],"curies":[{"name":"wp","href":"https:\/\/api.w.org\/{rel}","templated":true}]}}