{"id":38749,"date":"2026-02-27T00:45:35","date_gmt":"2026-02-27T00:45:35","guid":{"rendered":"https:\/\/nordicmart.andreevmaster.com\/product\/musta-sulkapalloverkkosetti\/"},"modified":"2026-02-27T10:00:44","modified_gmt":"2026-02-27T10:00:44","slug":"musta-sulkapalloverkkosetti","status":"publish","type":"product","link":"https:\/\/nordicmart.andreevmaster.com\/fi\/tuote\/musta-sulkapalloverkkosetti\/","title":{"rendered":"Musta sulkapalloverkkosetti"},"content":{"rendered":"<p>T\u00e4m\u00e4 setti sis\u00e4lt\u00e4\u00e4 tihe\u00e4silm\u00e4isen verkon ja tukevat rautatangot. Voit pystytt\u00e4\u00e4 kent\u00e4n puutarhaan, takapihalle, puistoon, rannalle tai kuntosalille muutamassa sekunnissa. Sitten voit jahdata sulkapalloa ja pelata villi\u00e4 sulkapallopeli\u00e4 yst\u00e4vien tai perheen kanssa. Tuotetiedot: V\u00e4ri: musta Materiaali: rautatangot, PE (polyeteeni) -verkko, Oxford-kangas Koko: 500 x 103 x 155 cm (P x L x K)Rautatangon halkaisija: 19 mm Paino: 4,8 kg Toimitus sis\u00e4lt\u00e4\u00e4: 1 x sulkapalloverkko 1 x kuljetuslaukku 4 x maakiila 1 x ohjeet (DE, EN, FR, ES, IT)<\/p>\n","protected":false},"excerpt":{"rendered":"<p>T\u00e4m\u00e4 setti sis\u00e4lt\u00e4\u00e4 tihe\u00e4silm\u00e4isen verkon ja tukevat rautatangot. Voit pystytt\u00e4\u00e4 kent\u00e4n puutarhaan, takapihalle, puistoon, rannalle tai kuntosalille muutamassa sekunnissa. Sitten voit jahdata sulkapalloa ja pelata villi\u00e4 sulkapallopeli\u00e4 yst\u00e4vien tai perheen kanssa. Tuotetiedot: V\u00e4ri: musta Materiaali: rautatangot, PE (polyeteeni) -verkko, Oxford-kangas Koko: 500 x 103 x 155 cm (P x L x K)Rautatangon halkaisija: 19 mm [&hellip;]<\/p>\n","protected":false},"featured_media":0,"comment_status":"open","ping_status":"closed","template":"","meta":[],"product_brand":[],"product_cat":[32],"product_tag":[],"class_list":{"0":"post-38749","1":"product","2":"type-product","3":"status-publish","5":"product_cat-uncategorized-fi","7":"first","8":"instock","9":"shipping-taxable","10":"product-type-simple"},"_links":{"self":[{"href":"https:\/\/nordicmart.andreevmaster.com\/fi\/wp-json\/wp\/v2\/product\/38749","targetHints":{"allow":["GET"]}}],"collection":[{"href":"https:\/\/nordicmart.andreevmaster.com\/fi\/wp-json\/wp\/v2\/product"}],"about":[{"href":"https:\/\/nordicmart.andreevmaster.com\/fi\/wp-json\/wp\/v2\/types\/product"}],"replies":[{"embeddable":true,"href":"https:\/\/nordicmart.andreevmaster.com\/fi\/wp-json\/wp\/v2\/comments?post=38749"}],"wp:attachment":[{"href":"https:\/\/nordicmart.andreevmaster.com\/fi\/wp-json\/wp\/v2\/media?parent=38749"}],"wp:term":[{"taxonomy":"product_brand","embeddable":true,"href":"https:\/\/nordicmart.andreevmaster.com\/fi\/wp-json\/wp\/v2\/product_brand?post=38749"},{"taxonomy":"product_cat","embeddable":true,"href":"https:\/\/nordicmart.andreevmaster.com\/fi\/wp-json\/wp\/v2\/product_cat?post=38749"},{"taxonomy":"product_tag","embeddable":true,"href":"https:\/\/nordicmart.andreevmaster.com\/fi\/wp-json\/wp\/v2\/product_tag?post=38749"}],"curies":[{"name":"wp","href":"https:\/\/api.w.org\/{rel}","templated":true}]}}