{"id":38746,"date":"2026-02-27T00:45:34","date_gmt":"2026-02-27T00:45:34","guid":{"rendered":"https:\/\/nordicmart.andreevmaster.com\/product\/songmics-sulkapalloverkko-helppo-asentaa-korkeussaadettava\/"},"modified":"2026-02-27T10:00:43","modified_gmt":"2026-02-27T10:00:43","slug":"songmics-sulkapalloverkko-helppo-asentaa-korkeussaadettava","status":"publish","type":"product","link":"https:\/\/nordicmart.andreevmaster.com\/fi\/tuote\/songmics-sulkapalloverkko-helppo-asentaa-korkeussaadettava\/","title":{"rendered":"SONGMICS sulkapalloverkko helppo asentaa korkeuss\u00e4\u00e4dett\u00e4v\u00e4"},"content":{"rendered":"<p>SONGMICS 4 m sulkapalloverkko, tennisverkko, korkeuss\u00e4\u00e4dett\u00e4v\u00e4, sarja sis\u00e4lt\u00e4\u00e4 verkon, tukevan rautakehyksen ja kuljetuslaukun SYQ400<br \/>\nV\u00e4ri: sininen-keltainen<br \/>\nMateriaali: ter\u00e4sputket, PE-verkko, Oxford-kangas<br \/>\nKoko: 400 x 103 x (90-155) cm (P x L x K)<br \/>\nTangon halkaisija: 19 mm\/22 mm<br \/>\nPaino: 4,2 kg<\/p>\n","protected":false},"excerpt":{"rendered":"<p>SONGMICS 4 m sulkapalloverkko, tennisverkko, korkeuss\u00e4\u00e4dett\u00e4v\u00e4, sarja sis\u00e4lt\u00e4\u00e4 verkon, tukevan rautakehyksen ja kuljetuslaukun SYQ400<\/p>\n","protected":false},"featured_media":46495,"comment_status":"open","ping_status":"closed","template":"","meta":[],"product_brand":[],"product_cat":[32],"product_tag":[],"class_list":{"0":"post-38746","1":"product","2":"type-product","3":"status-publish","4":"has-post-thumbnail","6":"product_cat-uncategorized-fi","8":"first","9":"instock","10":"shipping-taxable","11":"purchasable","12":"product-type-simple"},"_links":{"self":[{"href":"https:\/\/nordicmart.andreevmaster.com\/fi\/wp-json\/wp\/v2\/product\/38746","targetHints":{"allow":["GET"]}}],"collection":[{"href":"https:\/\/nordicmart.andreevmaster.com\/fi\/wp-json\/wp\/v2\/product"}],"about":[{"href":"https:\/\/nordicmart.andreevmaster.com\/fi\/wp-json\/wp\/v2\/types\/product"}],"replies":[{"embeddable":true,"href":"https:\/\/nordicmart.andreevmaster.com\/fi\/wp-json\/wp\/v2\/comments?post=38746"}],"wp:featuredmedia":[{"embeddable":true,"href":"https:\/\/nordicmart.andreevmaster.com\/fi\/wp-json\/wp\/v2\/media\/46495"}],"wp:attachment":[{"href":"https:\/\/nordicmart.andreevmaster.com\/fi\/wp-json\/wp\/v2\/media?parent=38746"}],"wp:term":[{"taxonomy":"product_brand","embeddable":true,"href":"https:\/\/nordicmart.andreevmaster.com\/fi\/wp-json\/wp\/v2\/product_brand?post=38746"},{"taxonomy":"product_cat","embeddable":true,"href":"https:\/\/nordicmart.andreevmaster.com\/fi\/wp-json\/wp\/v2\/product_cat?post=38746"},{"taxonomy":"product_tag","embeddable":true,"href":"https:\/\/nordicmart.andreevmaster.com\/fi\/wp-json\/wp\/v2\/product_tag?post=38746"}],"curies":[{"name":"wp","href":"https:\/\/api.w.org\/{rel}","templated":true}]}}