{"id":38745,"date":"2026-02-27T00:45:33","date_gmt":"2026-02-27T00:45:33","guid":{"rendered":"https:\/\/nordicmart.andreevmaster.com\/product\/songmics-kannettava-sulkapalloverkko-musta\/"},"modified":"2026-02-27T10:00:43","modified_gmt":"2026-02-27T10:00:43","slug":"songmics-kannettava-sulkapalloverkko-musta","status":"publish","type":"product","link":"https:\/\/nordicmart.andreevmaster.com\/fi\/tuote\/songmics-kannettava-sulkapalloverkko-musta\/","title":{"rendered":"SONGMICS Kannettava sulkapalloverkko, musta"},"content":{"rendered":"<p>Tuotekuvaus: Sulkapalloverkko on kevyt ja helppo asentaa. Sen avulla voit pystytt\u00e4\u00e4 verkon mihin tahansa ja nauttia sulkapallosta tai tenniksest\u00e4 miss\u00e4 ja milloin tahansa. Tuotetiedot: &#8211; Materiaali: rautaputket + PE-verkko + Oxford-kangas  &#8211; Rautaputkien halkaisija: 19 mm &#8211; V\u00e4ri: musta (runko); sininen + musta (verkko)  Toimitus sis\u00e4lt\u00e4\u00e4:<br \/>\n&#8211; 1x sulkapalloverkko<br \/>\n&#8211; 1x kantolaukku<br \/>\n&#8211; 4x maakiilaa<br \/>\n&#8211; 1x ohjeet (DE, EN, FR, IT, ES)<\/p>\n","protected":false},"excerpt":{"rendered":"<p>SONGMICS 4 m sulkapalloverkko, tennisverkko, korkeuss\u00e4\u00e4dett\u00e4v\u00e4, sarja sis\u00e4lt\u00e4\u00e4 verkon, tukevan rautakehyksen ja kuljetuslaukun SYQ400<\/p>\n","protected":false},"featured_media":46494,"comment_status":"open","ping_status":"closed","template":"","meta":[],"product_brand":[],"product_cat":[32],"product_tag":[],"class_list":{"0":"post-38745","1":"product","2":"type-product","3":"status-publish","4":"has-post-thumbnail","6":"product_cat-uncategorized-fi","8":"first","9":"instock","10":"shipping-taxable","11":"purchasable","12":"product-type-simple"},"_links":{"self":[{"href":"https:\/\/nordicmart.andreevmaster.com\/fi\/wp-json\/wp\/v2\/product\/38745","targetHints":{"allow":["GET"]}}],"collection":[{"href":"https:\/\/nordicmart.andreevmaster.com\/fi\/wp-json\/wp\/v2\/product"}],"about":[{"href":"https:\/\/nordicmart.andreevmaster.com\/fi\/wp-json\/wp\/v2\/types\/product"}],"replies":[{"embeddable":true,"href":"https:\/\/nordicmart.andreevmaster.com\/fi\/wp-json\/wp\/v2\/comments?post=38745"}],"wp:featuredmedia":[{"embeddable":true,"href":"https:\/\/nordicmart.andreevmaster.com\/fi\/wp-json\/wp\/v2\/media\/46494"}],"wp:attachment":[{"href":"https:\/\/nordicmart.andreevmaster.com\/fi\/wp-json\/wp\/v2\/media?parent=38745"}],"wp:term":[{"taxonomy":"product_brand","embeddable":true,"href":"https:\/\/nordicmart.andreevmaster.com\/fi\/wp-json\/wp\/v2\/product_brand?post=38745"},{"taxonomy":"product_cat","embeddable":true,"href":"https:\/\/nordicmart.andreevmaster.com\/fi\/wp-json\/wp\/v2\/product_cat?post=38745"},{"taxonomy":"product_tag","embeddable":true,"href":"https:\/\/nordicmart.andreevmaster.com\/fi\/wp-json\/wp\/v2\/product_tag?post=38745"}],"curies":[{"name":"wp","href":"https:\/\/api.w.org\/{rel}","templated":true}]}}