{"id":38744,"date":"2026-02-27T00:45:33","date_gmt":"2026-02-27T00:45:33","guid":{"rendered":"https:\/\/nordicmart.andreevmaster.com\/product\/songmics-4-m-sulkapalloverkko-musta-keltainen\/"},"modified":"2026-02-27T10:00:43","modified_gmt":"2026-02-27T10:00:43","slug":"songmics-4-m-sulkapalloverkko-musta-keltainen","status":"publish","type":"product","link":"https:\/\/nordicmart.andreevmaster.com\/fi\/tuote\/songmics-4-m-sulkapalloverkko-musta-keltainen\/","title":{"rendered":"SONGMICS 4 m sulkapalloverkko musta-keltainen"},"content":{"rendered":"<p>Ulkona on aurinkoista ja vihre\u00e4\u00e4, mutta perheesi roikkuu television tai \u00e4lypuhelimen \u00e4\u00e4ress\u00e4? T\u00e4n\u00e4 kev\u00e4\u00e4n\u00e4 ja kes\u00e4n\u00e4 voit vihdoin houkutella heid\u00e4t takaisin puutarhaan: pelatkaa yhdess\u00e4 sulkapalloa! Ilman s\u00e4hk\u00f6laitteita tai muita h\u00e4iri\u00f6tekij\u00f6it\u00e4 lapsesi voivat pit\u00e4\u00e4 hauskaa luonnossa ja pelata sulkapalloa tuntikausia. T\u00e4m\u00e4n SONGMICS-sulkapalloverkon avulla olet perheesi t\u00e4hti ja pelikumppani numero 1!&nbsp;SONGMICS-sulkapalloverkon kohokohdat: &#8211; 107, 120 ja 155 cm korkeudeltaan s\u00e4\u00e4dett\u00e4v\u00e4 verkko merkinn\u00f6ill\u00e4. &#8211; Sopii moniin verkkopeleihin: sulkapallo, tennis, lentopallo jne. &#8211; Asennetaan ja puretaan muutamassa minuutissa. &#8211; Mukana 4 maakiilaa vakauden lis\u00e4\u00e4miseksi.- Verkon jalustojen nelj\u00e4\u00e4n suuntaan avautuvat nailonliitokset on valmistettu samasta materiaalista, jota k\u00e4ytet\u00e4\u00e4n iskunvaimentimien valmistuksessa. Siksi ne ovat erityisen kest\u00e4vi\u00e4 ja lujia. &#8211; Mukana toimitetaan my\u00f6s kuljetuskassi.&nbsp;T\u00e4m\u00e4 sarja sis\u00e4lt\u00e4\u00e4 tihe\u00e4silm\u00e4isen verkon ja tukevat metallitangot. Sen avulla voit luoda pelikent\u00e4n sekunneissa puutarhaan, takapihalle, puistoon, rannalle tai kuntosalille. Juokse sitten sulkapallon per\u00e4ss\u00e4 ja pelaa villi sulkapallopeli yst\u00e4vien tai perheen kanssa. Tuotetiedot: &#8211; V\u00e4ri: musta-keltainen &#8211; Materiaali: metallitangot, verkko PE:t\u00e4 (polyeteeni\u00e4), Oxford-kangas &#8211; Koko: 400 x 103 x 155 cm (P x L x K) &#8211; Metallitankojen halkaisija: 19 mm &#8211; Paino: 4,2 kg Toimitus sis\u00e4lt\u00e4\u00e4: &#8211; 1 x sulkapalloverkko &#8211; 1 x kuljetuslaukku &#8211; 4 x maakiila &#8211; 1 x ohjeet (DE, EN, FR, ES, IT)<\/p>\n","protected":false},"excerpt":{"rendered":"<p>SONGMICS 4 m sulkapalloverkko, tennisverkko, korkeuss\u00e4\u00e4dett\u00e4v\u00e4, sarja sis\u00e4lt\u00e4\u00e4 verkon, tukevan rautakehyksen ja kuljetuslaukun SYQ400<\/p>\n","protected":false},"featured_media":46493,"comment_status":"open","ping_status":"closed","template":"","meta":[],"product_brand":[],"product_cat":[32],"product_tag":[],"class_list":{"0":"post-38744","1":"product","2":"type-product","3":"status-publish","4":"has-post-thumbnail","6":"product_cat-uncategorized-fi","8":"first","9":"instock","10":"shipping-taxable","11":"purchasable","12":"product-type-simple"},"_links":{"self":[{"href":"https:\/\/nordicmart.andreevmaster.com\/fi\/wp-json\/wp\/v2\/product\/38744","targetHints":{"allow":["GET"]}}],"collection":[{"href":"https:\/\/nordicmart.andreevmaster.com\/fi\/wp-json\/wp\/v2\/product"}],"about":[{"href":"https:\/\/nordicmart.andreevmaster.com\/fi\/wp-json\/wp\/v2\/types\/product"}],"replies":[{"embeddable":true,"href":"https:\/\/nordicmart.andreevmaster.com\/fi\/wp-json\/wp\/v2\/comments?post=38744"}],"wp:featuredmedia":[{"embeddable":true,"href":"https:\/\/nordicmart.andreevmaster.com\/fi\/wp-json\/wp\/v2\/media\/46493"}],"wp:attachment":[{"href":"https:\/\/nordicmart.andreevmaster.com\/fi\/wp-json\/wp\/v2\/media?parent=38744"}],"wp:term":[{"taxonomy":"product_brand","embeddable":true,"href":"https:\/\/nordicmart.andreevmaster.com\/fi\/wp-json\/wp\/v2\/product_brand?post=38744"},{"taxonomy":"product_cat","embeddable":true,"href":"https:\/\/nordicmart.andreevmaster.com\/fi\/wp-json\/wp\/v2\/product_cat?post=38744"},{"taxonomy":"product_tag","embeddable":true,"href":"https:\/\/nordicmart.andreevmaster.com\/fi\/wp-json\/wp\/v2\/product_tag?post=38744"}],"curies":[{"name":"wp","href":"https:\/\/api.w.org\/{rel}","templated":true}]}}